{"id":10025,"date":"2025-12-19T11:40:59","date_gmt":"2025-12-19T11:40:59","guid":{"rendered":"https:\/\/bahrinnargile.com\/?post_type=product&#038;p=10025"},"modified":"2026-04-03T08:28:12","modified_gmt":"2026-04-03T08:28:12","slug":"zemu-firinli-ocak","status":"publish","type":"product","link":"https:\/\/bahrinnargile.com\/index.php\/urun\/zemu-firinli-ocak\/","title":{"rendered":"Zemu F\u0131r\u0131nl\u0131 Ocak"},"content":{"rendered":"","protected":false},"excerpt":{"rendered":"","protected":false},"featured_media":10026,"template":"","meta":[],"product_brand":[],"product_cat":[195,90,194],"product_tag":[],"class_list":{"0":"post-10025","1":"product","2":"type-product","3":"status-publish","4":"has-post-thumbnail","6":"product_cat-elektirkli-ocaklar","7":"product_cat-nargile-ocaklari","8":"product_cat-nargile-ocaklari-nargile-ocaklari","10":"first","11":"instock","12":"purchasable","13":"product-type-simple"},"jetpack_sharing_enabled":true,"_links":{"self":[{"href":"https:\/\/bahrinnargile.com\/index.php\/wp-json\/wp\/v2\/product\/10025","targetHints":{"allow":["GET"]}}],"collection":[{"href":"https:\/\/bahrinnargile.com\/index.php\/wp-json\/wp\/v2\/product"}],"about":[{"href":"https:\/\/bahrinnargile.com\/index.php\/wp-json\/wp\/v2\/types\/product"}],"version-history":[{"count":1,"href":"https:\/\/bahrinnargile.com\/index.php\/wp-json\/wp\/v2\/product\/10025\/revisions"}],"predecessor-version":[{"id":10027,"href":"https:\/\/bahrinnargile.com\/index.php\/wp-json\/wp\/v2\/product\/10025\/revisions\/10027"}],"wp:featuredmedia":[{"embeddable":true,"href":"https:\/\/bahrinnargile.com\/index.php\/wp-json\/wp\/v2\/media\/10026"}],"wp:attachment":[{"href":"https:\/\/bahrinnargile.com\/index.php\/wp-json\/wp\/v2\/media?parent=10025"}],"wp:term":[{"taxonomy":"product_brand","embeddable":true,"href":"https:\/\/bahrinnargile.com\/index.php\/wp-json\/wp\/v2\/product_brand?post=10025"},{"taxonomy":"product_cat","embeddable":true,"href":"https:\/\/bahrinnargile.com\/index.php\/wp-json\/wp\/v2\/product_cat?post=10025"},{"taxonomy":"product_tag","embeddable":true,"href":"https:\/\/bahrinnargile.com\/index.php\/wp-json\/wp\/v2\/product_tag?post=10025"}],"curies":[{"name":"wp","href":"https:\/\/api.w.org\/{rel}","templated":true}]}}