{"id":10040,"date":"2025-12-19T11:59:33","date_gmt":"2025-12-19T11:59:33","guid":{"rendered":"https:\/\/bahrinnargile.com\/?post_type=product&#038;p=10040"},"modified":"2026-03-06T08:27:02","modified_gmt":"2026-03-06T08:27:02","slug":"torch-purmuz-kafasi","status":"publish","type":"product","link":"https:\/\/bahrinnargile.com\/index.php\/urun\/torch-purmuz-kafasi\/","title":{"rendered":"Torch P\u00fcrm\u00fcz Kafas\u0131"},"content":{"rendered":"","protected":false},"excerpt":{"rendered":"","protected":false},"featured_media":10041,"template":"","meta":[],"product_brand":[],"product_cat":[90,194],"product_tag":[],"class_list":{"0":"post-10040","1":"product","2":"type-product","3":"status-publish","4":"has-post-thumbnail","6":"product_cat-nargile-ocaklari","7":"product_cat-nargile-ocaklari-nargile-ocaklari","9":"first","10":"instock","11":"purchasable","12":"product-type-simple"},"jetpack_sharing_enabled":true,"_links":{"self":[{"href":"https:\/\/bahrinnargile.com\/index.php\/wp-json\/wp\/v2\/product\/10040","targetHints":{"allow":["GET"]}}],"collection":[{"href":"https:\/\/bahrinnargile.com\/index.php\/wp-json\/wp\/v2\/product"}],"about":[{"href":"https:\/\/bahrinnargile.com\/index.php\/wp-json\/wp\/v2\/types\/product"}],"version-history":[{"count":1,"href":"https:\/\/bahrinnargile.com\/index.php\/wp-json\/wp\/v2\/product\/10040\/revisions"}],"predecessor-version":[{"id":10042,"href":"https:\/\/bahrinnargile.com\/index.php\/wp-json\/wp\/v2\/product\/10040\/revisions\/10042"}],"wp:featuredmedia":[{"embeddable":true,"href":"https:\/\/bahrinnargile.com\/index.php\/wp-json\/wp\/v2\/media\/10041"}],"wp:attachment":[{"href":"https:\/\/bahrinnargile.com\/index.php\/wp-json\/wp\/v2\/media?parent=10040"}],"wp:term":[{"taxonomy":"product_brand","embeddable":true,"href":"https:\/\/bahrinnargile.com\/index.php\/wp-json\/wp\/v2\/product_brand?post=10040"},{"taxonomy":"product_cat","embeddable":true,"href":"https:\/\/bahrinnargile.com\/index.php\/wp-json\/wp\/v2\/product_cat?post=10040"},{"taxonomy":"product_tag","embeddable":true,"href":"https:\/\/bahrinnargile.com\/index.php\/wp-json\/wp\/v2\/product_tag?post=10040"}],"curies":[{"name":"wp","href":"https:\/\/api.w.org\/{rel}","templated":true}]}}