{"id":10155,"date":"2025-12-21T19:43:08","date_gmt":"2025-12-21T19:43:08","guid":{"rendered":"https:\/\/bahrinnargile.com\/?post_type=product&#038;p=10155"},"modified":"2026-03-04T10:10:05","modified_gmt":"2026-03-04T10:10:05","slug":"zemheri-buyuk-kesme-sise","status":"publish","type":"product","link":"https:\/\/bahrinnargile.com\/index.php\/urun\/zemheri-buyuk-kesme-sise\/","title":{"rendered":"Zemheri B\u00fcy\u00fck Kesme \u015ei\u015fe"},"content":{"rendered":"","protected":false},"excerpt":{"rendered":"","protected":false},"featured_media":10156,"template":"","meta":[],"product_brand":[],"product_cat":[192,104,190],"product_tag":[],"class_list":{"0":"post-10155","1":"product","2":"type-product","3":"status-publish","4":"has-post-thumbnail","6":"product_cat-kelepcesiz-siseler","7":"product_cat-nargile-siseleri","8":"product_cat-nargile-siseleri-nargile-siseleri","10":"first","11":"instock","12":"taxable","13":"shipping-taxable","14":"purchasable","15":"product-type-simple"},"jetpack_sharing_enabled":true,"_links":{"self":[{"href":"https:\/\/bahrinnargile.com\/index.php\/wp-json\/wp\/v2\/product\/10155","targetHints":{"allow":["GET"]}}],"collection":[{"href":"https:\/\/bahrinnargile.com\/index.php\/wp-json\/wp\/v2\/product"}],"about":[{"href":"https:\/\/bahrinnargile.com\/index.php\/wp-json\/wp\/v2\/types\/product"}],"version-history":[{"count":1,"href":"https:\/\/bahrinnargile.com\/index.php\/wp-json\/wp\/v2\/product\/10155\/revisions"}],"predecessor-version":[{"id":10157,"href":"https:\/\/bahrinnargile.com\/index.php\/wp-json\/wp\/v2\/product\/10155\/revisions\/10157"}],"wp:featuredmedia":[{"embeddable":true,"href":"https:\/\/bahrinnargile.com\/index.php\/wp-json\/wp\/v2\/media\/10156"}],"wp:attachment":[{"href":"https:\/\/bahrinnargile.com\/index.php\/wp-json\/wp\/v2\/media?parent=10155"}],"wp:term":[{"taxonomy":"product_brand","embeddable":true,"href":"https:\/\/bahrinnargile.com\/index.php\/wp-json\/wp\/v2\/product_brand?post=10155"},{"taxonomy":"product_cat","embeddable":true,"href":"https:\/\/bahrinnargile.com\/index.php\/wp-json\/wp\/v2\/product_cat?post=10155"},{"taxonomy":"product_tag","embeddable":true,"href":"https:\/\/bahrinnargile.com\/index.php\/wp-json\/wp\/v2\/product_tag?post=10155"}],"curies":[{"name":"wp","href":"https:\/\/api.w.org\/{rel}","templated":true}]}}