{"id":10170,"date":"2025-12-21T20:05:08","date_gmt":"2025-12-21T20:05:08","guid":{"rendered":"https:\/\/bahrinnargile.com\/?post_type=product&#038;p=10170"},"modified":"2026-03-04T10:08:56","modified_gmt":"2026-03-04T10:08:56","slug":"balli-gold-sise","status":"publish","type":"product","link":"https:\/\/bahrinnargile.com\/index.php\/urun\/balli-gold-sise\/","title":{"rendered":"Ball\u0131 Gold \u015ei\u015fe"},"content":{"rendered":"","protected":false},"excerpt":{"rendered":"","protected":false},"featured_media":10171,"template":"","meta":[],"product_brand":[],"product_cat":[192,104,190],"product_tag":[],"class_list":{"0":"post-10170","1":"product","2":"type-product","3":"status-publish","4":"has-post-thumbnail","6":"product_cat-kelepcesiz-siseler","7":"product_cat-nargile-siseleri","8":"product_cat-nargile-siseleri-nargile-siseleri","10":"first","11":"instock","12":"taxable","13":"shipping-taxable","14":"purchasable","15":"product-type-simple"},"jetpack_sharing_enabled":true,"_links":{"self":[{"href":"https:\/\/bahrinnargile.com\/index.php\/wp-json\/wp\/v2\/product\/10170","targetHints":{"allow":["GET"]}}],"collection":[{"href":"https:\/\/bahrinnargile.com\/index.php\/wp-json\/wp\/v2\/product"}],"about":[{"href":"https:\/\/bahrinnargile.com\/index.php\/wp-json\/wp\/v2\/types\/product"}],"version-history":[{"count":1,"href":"https:\/\/bahrinnargile.com\/index.php\/wp-json\/wp\/v2\/product\/10170\/revisions"}],"predecessor-version":[{"id":10172,"href":"https:\/\/bahrinnargile.com\/index.php\/wp-json\/wp\/v2\/product\/10170\/revisions\/10172"}],"wp:featuredmedia":[{"embeddable":true,"href":"https:\/\/bahrinnargile.com\/index.php\/wp-json\/wp\/v2\/media\/10171"}],"wp:attachment":[{"href":"https:\/\/bahrinnargile.com\/index.php\/wp-json\/wp\/v2\/media?parent=10170"}],"wp:term":[{"taxonomy":"product_brand","embeddable":true,"href":"https:\/\/bahrinnargile.com\/index.php\/wp-json\/wp\/v2\/product_brand?post=10170"},{"taxonomy":"product_cat","embeddable":true,"href":"https:\/\/bahrinnargile.com\/index.php\/wp-json\/wp\/v2\/product_cat?post=10170"},{"taxonomy":"product_tag","embeddable":true,"href":"https:\/\/bahrinnargile.com\/index.php\/wp-json\/wp\/v2\/product_tag?post=10170"}],"curies":[{"name":"wp","href":"https:\/\/api.w.org\/{rel}","templated":true}]}}