{"id":10238,"date":"2025-12-21T21:56:30","date_gmt":"2025-12-21T21:56:30","guid":{"rendered":"https:\/\/bahrinnargile.com\/?post_type=product&#038;p=10238"},"modified":"2026-03-06T08:31:18","modified_gmt":"2026-03-06T08:31:18","slug":"buyuk-seritli-sise","status":"publish","type":"product","link":"https:\/\/bahrinnargile.com\/index.php\/urun\/buyuk-seritli-sise\/","title":{"rendered":"B\u00fcy\u00fck \u015eeritli \u015ei\u015fe"},"content":{"rendered":"","protected":false},"excerpt":{"rendered":"","protected":false},"featured_media":12174,"template":"","meta":[],"product_brand":[],"product_cat":[192,104,190],"product_tag":[],"class_list":{"0":"post-10238","1":"product","2":"type-product","3":"status-publish","4":"has-post-thumbnail","6":"product_cat-kelepcesiz-siseler","7":"product_cat-nargile-siseleri","8":"product_cat-nargile-siseleri-nargile-siseleri","10":"first","11":"instock","12":"purchasable","13":"product-type-simple"},"jetpack_sharing_enabled":true,"_links":{"self":[{"href":"https:\/\/bahrinnargile.com\/index.php\/wp-json\/wp\/v2\/product\/10238","targetHints":{"allow":["GET"]}}],"collection":[{"href":"https:\/\/bahrinnargile.com\/index.php\/wp-json\/wp\/v2\/product"}],"about":[{"href":"https:\/\/bahrinnargile.com\/index.php\/wp-json\/wp\/v2\/types\/product"}],"version-history":[{"count":2,"href":"https:\/\/bahrinnargile.com\/index.php\/wp-json\/wp\/v2\/product\/10238\/revisions"}],"predecessor-version":[{"id":12172,"href":"https:\/\/bahrinnargile.com\/index.php\/wp-json\/wp\/v2\/product\/10238\/revisions\/12172"}],"wp:featuredmedia":[{"embeddable":true,"href":"https:\/\/bahrinnargile.com\/index.php\/wp-json\/wp\/v2\/media\/12174"}],"wp:attachment":[{"href":"https:\/\/bahrinnargile.com\/index.php\/wp-json\/wp\/v2\/media?parent=10238"}],"wp:term":[{"taxonomy":"product_brand","embeddable":true,"href":"https:\/\/bahrinnargile.com\/index.php\/wp-json\/wp\/v2\/product_brand?post=10238"},{"taxonomy":"product_cat","embeddable":true,"href":"https:\/\/bahrinnargile.com\/index.php\/wp-json\/wp\/v2\/product_cat?post=10238"},{"taxonomy":"product_tag","embeddable":true,"href":"https:\/\/bahrinnargile.com\/index.php\/wp-json\/wp\/v2\/product_tag?post=10238"}],"curies":[{"name":"wp","href":"https:\/\/api.w.org\/{rel}","templated":true}]}}