{"id":10426,"date":"2025-12-22T12:30:42","date_gmt":"2025-12-22T12:30:42","guid":{"rendered":"https:\/\/bahrinnargile.com\/?post_type=product&#038;p=10426"},"modified":"2026-03-06T08:02:41","modified_gmt":"2026-03-06T08:02:41","slug":"kucuk-kaloud","status":"publish","type":"product","link":"https:\/\/bahrinnargile.com\/index.php\/urun\/kucuk-kaloud\/","title":{"rendered":"K\u00fc\u00e7\u00fck Kaloud"},"content":{"rendered":"","protected":false},"excerpt":{"rendered":"","protected":false},"featured_media":10427,"template":"","meta":[],"product_brand":[],"product_cat":[69,178,181],"product_tag":[],"class_list":{"0":"post-10426","1":"product","2":"type-product","3":"status-publish","4":"has-post-thumbnail","6":"product_cat-aksesuarlar","7":"product_cat-aksesuarlar-aksesuarlar","8":"product_cat-cezve-ve-kaloud","10":"first","11":"instock","12":"purchasable","13":"product-type-simple"},"jetpack_sharing_enabled":true,"_links":{"self":[{"href":"https:\/\/bahrinnargile.com\/index.php\/wp-json\/wp\/v2\/product\/10426","targetHints":{"allow":["GET"]}}],"collection":[{"href":"https:\/\/bahrinnargile.com\/index.php\/wp-json\/wp\/v2\/product"}],"about":[{"href":"https:\/\/bahrinnargile.com\/index.php\/wp-json\/wp\/v2\/types\/product"}],"version-history":[{"count":1,"href":"https:\/\/bahrinnargile.com\/index.php\/wp-json\/wp\/v2\/product\/10426\/revisions"}],"predecessor-version":[{"id":10428,"href":"https:\/\/bahrinnargile.com\/index.php\/wp-json\/wp\/v2\/product\/10426\/revisions\/10428"}],"wp:featuredmedia":[{"embeddable":true,"href":"https:\/\/bahrinnargile.com\/index.php\/wp-json\/wp\/v2\/media\/10427"}],"wp:attachment":[{"href":"https:\/\/bahrinnargile.com\/index.php\/wp-json\/wp\/v2\/media?parent=10426"}],"wp:term":[{"taxonomy":"product_brand","embeddable":true,"href":"https:\/\/bahrinnargile.com\/index.php\/wp-json\/wp\/v2\/product_brand?post=10426"},{"taxonomy":"product_cat","embeddable":true,"href":"https:\/\/bahrinnargile.com\/index.php\/wp-json\/wp\/v2\/product_cat?post=10426"},{"taxonomy":"product_tag","embeddable":true,"href":"https:\/\/bahrinnargile.com\/index.php\/wp-json\/wp\/v2\/product_tag?post=10426"}],"curies":[{"name":"wp","href":"https:\/\/api.w.org\/{rel}","templated":true}]}}