{"id":10453,"date":"2025-12-22T12:58:29","date_gmt":"2025-12-22T12:58:29","guid":{"rendered":"https:\/\/bahrinnargile.com\/?post_type=product&#038;p=10453"},"modified":"2026-04-09T12:41:15","modified_gmt":"2026-04-09T12:41:15","slug":"kutulu-silver-kaloud","status":"publish","type":"product","link":"https:\/\/bahrinnargile.com\/index.php\/urun\/kutulu-silver-kaloud\/","title":{"rendered":"Kutulu Silver Kaloud"},"content":{"rendered":"","protected":false},"excerpt":{"rendered":"<h4>&#8211; \u00dcr\u00fcn\u00fcm\u00fcz A Kalitedir.<\/h4>\n","protected":false},"featured_media":10454,"template":"","meta":[],"product_brand":[],"product_cat":[178,69,181],"product_tag":[],"class_list":{"0":"post-10453","1":"product","2":"type-product","3":"status-publish","4":"has-post-thumbnail","6":"product_cat-aksesuarlar-aksesuarlar","7":"product_cat-aksesuarlar","8":"product_cat-cezve-ve-kaloud","10":"first","11":"instock","12":"purchasable","13":"product-type-simple"},"jetpack_sharing_enabled":true,"_links":{"self":[{"href":"https:\/\/bahrinnargile.com\/index.php\/wp-json\/wp\/v2\/product\/10453","targetHints":{"allow":["GET"]}}],"collection":[{"href":"https:\/\/bahrinnargile.com\/index.php\/wp-json\/wp\/v2\/product"}],"about":[{"href":"https:\/\/bahrinnargile.com\/index.php\/wp-json\/wp\/v2\/types\/product"}],"version-history":[{"count":2,"href":"https:\/\/bahrinnargile.com\/index.php\/wp-json\/wp\/v2\/product\/10453\/revisions"}],"predecessor-version":[{"id":12562,"href":"https:\/\/bahrinnargile.com\/index.php\/wp-json\/wp\/v2\/product\/10453\/revisions\/12562"}],"wp:featuredmedia":[{"embeddable":true,"href":"https:\/\/bahrinnargile.com\/index.php\/wp-json\/wp\/v2\/media\/10454"}],"wp:attachment":[{"href":"https:\/\/bahrinnargile.com\/index.php\/wp-json\/wp\/v2\/media?parent=10453"}],"wp:term":[{"taxonomy":"product_brand","embeddable":true,"href":"https:\/\/bahrinnargile.com\/index.php\/wp-json\/wp\/v2\/product_brand?post=10453"},{"taxonomy":"product_cat","embeddable":true,"href":"https:\/\/bahrinnargile.com\/index.php\/wp-json\/wp\/v2\/product_cat?post=10453"},{"taxonomy":"product_tag","embeddable":true,"href":"https:\/\/bahrinnargile.com\/index.php\/wp-json\/wp\/v2\/product_tag?post=10453"}],"curies":[{"name":"wp","href":"https:\/\/api.w.org\/{rel}","templated":true}]}}