{"id":10542,"date":"2025-12-22T20:32:10","date_gmt":"2025-12-22T20:32:10","guid":{"rendered":"https:\/\/bahrinnargile.com\/?post_type=product&#038;p=10542"},"modified":"2026-03-06T08:24:22","modified_gmt":"2026-03-06T08:24:22","slug":"battal-disi-bes-delikli-toprak-lule","status":"publish","type":"product","link":"https:\/\/bahrinnargile.com\/index.php\/urun\/battal-disi-bes-delikli-toprak-lule\/","title":{"rendered":"Battal Di\u015fi Be\u015f Delikli Toprak L\u00fcle"},"content":{"rendered":"","protected":false},"excerpt":{"rendered":"","protected":false},"featured_media":10543,"template":"","meta":[],"product_brand":[],"product_cat":[159,53,59],"product_tag":[],"class_list":{"0":"post-10542","1":"product","2":"type-product","3":"status-publish","4":"has-post-thumbnail","6":"product_cat-digerleri-luleler","7":"product_cat-nargile-luleleri","8":"product_cat-luleler","10":"first","11":"instock","12":"purchasable","13":"product-type-simple"},"jetpack_sharing_enabled":true,"_links":{"self":[{"href":"https:\/\/bahrinnargile.com\/index.php\/wp-json\/wp\/v2\/product\/10542","targetHints":{"allow":["GET"]}}],"collection":[{"href":"https:\/\/bahrinnargile.com\/index.php\/wp-json\/wp\/v2\/product"}],"about":[{"href":"https:\/\/bahrinnargile.com\/index.php\/wp-json\/wp\/v2\/types\/product"}],"version-history":[{"count":1,"href":"https:\/\/bahrinnargile.com\/index.php\/wp-json\/wp\/v2\/product\/10542\/revisions"}],"predecessor-version":[{"id":10544,"href":"https:\/\/bahrinnargile.com\/index.php\/wp-json\/wp\/v2\/product\/10542\/revisions\/10544"}],"wp:featuredmedia":[{"embeddable":true,"href":"https:\/\/bahrinnargile.com\/index.php\/wp-json\/wp\/v2\/media\/10543"}],"wp:attachment":[{"href":"https:\/\/bahrinnargile.com\/index.php\/wp-json\/wp\/v2\/media?parent=10542"}],"wp:term":[{"taxonomy":"product_brand","embeddable":true,"href":"https:\/\/bahrinnargile.com\/index.php\/wp-json\/wp\/v2\/product_brand?post=10542"},{"taxonomy":"product_cat","embeddable":true,"href":"https:\/\/bahrinnargile.com\/index.php\/wp-json\/wp\/v2\/product_cat?post=10542"},{"taxonomy":"product_tag","embeddable":true,"href":"https:\/\/bahrinnargile.com\/index.php\/wp-json\/wp\/v2\/product_tag?post=10542"}],"curies":[{"name":"wp","href":"https:\/\/api.w.org\/{rel}","templated":true}]}}