{"id":10587,"date":"2025-12-22T21:14:21","date_gmt":"2025-12-22T21:14:21","guid":{"rendered":"https:\/\/bahrinnargile.com\/?post_type=product&#038;p=10587"},"modified":"2026-04-10T11:53:18","modified_gmt":"2026-04-10T11:53:18","slug":"samsaris-erkek-disi-lule","status":"publish","type":"product","link":"https:\/\/bahrinnargile.com\/index.php\/urun\/samsaris-erkek-disi-lule\/","title":{"rendered":"Samsaris Erkek \/ Di\u015fi L\u00fcle"},"content":{"rendered":"","protected":false},"excerpt":{"rendered":"<h4>\u00a0&#8211; \u00dcr\u00fcn\u00fcm\u00fcz Orijinaldir.<\/h4>\n","protected":false},"featured_media":10588,"template":"","meta":[],"product_brand":[],"product_cat":[205,59,157],"product_tag":[],"class_list":{"0":"post-10587","1":"product","2":"type-product","3":"status-publish","4":"has-post-thumbnail","6":"product_cat-lule","7":"product_cat-luleler","8":"product_cat-samsaris","10":"first","11":"instock","12":"purchasable","13":"product-type-simple"},"jetpack_sharing_enabled":true,"_links":{"self":[{"href":"https:\/\/bahrinnargile.com\/index.php\/wp-json\/wp\/v2\/product\/10587","targetHints":{"allow":["GET"]}}],"collection":[{"href":"https:\/\/bahrinnargile.com\/index.php\/wp-json\/wp\/v2\/product"}],"about":[{"href":"https:\/\/bahrinnargile.com\/index.php\/wp-json\/wp\/v2\/types\/product"}],"version-history":[{"count":3,"href":"https:\/\/bahrinnargile.com\/index.php\/wp-json\/wp\/v2\/product\/10587\/revisions"}],"predecessor-version":[{"id":12728,"href":"https:\/\/bahrinnargile.com\/index.php\/wp-json\/wp\/v2\/product\/10587\/revisions\/12728"}],"wp:featuredmedia":[{"embeddable":true,"href":"https:\/\/bahrinnargile.com\/index.php\/wp-json\/wp\/v2\/media\/10588"}],"wp:attachment":[{"href":"https:\/\/bahrinnargile.com\/index.php\/wp-json\/wp\/v2\/media?parent=10587"}],"wp:term":[{"taxonomy":"product_brand","embeddable":true,"href":"https:\/\/bahrinnargile.com\/index.php\/wp-json\/wp\/v2\/product_brand?post=10587"},{"taxonomy":"product_cat","embeddable":true,"href":"https:\/\/bahrinnargile.com\/index.php\/wp-json\/wp\/v2\/product_cat?post=10587"},{"taxonomy":"product_tag","embeddable":true,"href":"https:\/\/bahrinnargile.com\/index.php\/wp-json\/wp\/v2\/product_tag?post=10587"}],"curies":[{"name":"wp","href":"https:\/\/api.w.org\/{rel}","templated":true}]}}