{"id":10751,"date":"2025-12-23T12:32:04","date_gmt":"2025-12-23T12:32:04","guid":{"rendered":"https:\/\/bahrinnargile.com\/?post_type=product&#038;p=10751"},"modified":"2026-04-10T11:40:31","modified_gmt":"2026-04-10T11:40:31","slug":"kong-turkish-boy-bowl","status":"publish","type":"product","link":"https:\/\/bahrinnargile.com\/index.php\/urun\/kong-turkish-boy-bowl\/","title":{"rendered":"Kong Turkish Boy Bowl"},"content":{"rendered":"","protected":false},"excerpt":{"rendered":"<h4>&#8211; \u00dcr\u00fcn\u00fcm\u00fcz Orijinaldir.<\/h4>\n","protected":false},"featured_media":10752,"template":"","meta":[],"product_brand":[],"product_cat":[152,205,59],"product_tag":[],"class_list":{"0":"post-10751","1":"product","2":"type-product","3":"status-publish","4":"has-post-thumbnail","6":"product_cat-kong","7":"product_cat-lule","8":"product_cat-luleler","10":"first","11":"instock","12":"purchasable","13":"product-type-simple"},"jetpack_sharing_enabled":true,"_links":{"self":[{"href":"https:\/\/bahrinnargile.com\/index.php\/wp-json\/wp\/v2\/product\/10751","targetHints":{"allow":["GET"]}}],"collection":[{"href":"https:\/\/bahrinnargile.com\/index.php\/wp-json\/wp\/v2\/product"}],"about":[{"href":"https:\/\/bahrinnargile.com\/index.php\/wp-json\/wp\/v2\/types\/product"}],"version-history":[{"count":2,"href":"https:\/\/bahrinnargile.com\/index.php\/wp-json\/wp\/v2\/product\/10751\/revisions"}],"predecessor-version":[{"id":12688,"href":"https:\/\/bahrinnargile.com\/index.php\/wp-json\/wp\/v2\/product\/10751\/revisions\/12688"}],"wp:featuredmedia":[{"embeddable":true,"href":"https:\/\/bahrinnargile.com\/index.php\/wp-json\/wp\/v2\/media\/10752"}],"wp:attachment":[{"href":"https:\/\/bahrinnargile.com\/index.php\/wp-json\/wp\/v2\/media?parent=10751"}],"wp:term":[{"taxonomy":"product_brand","embeddable":true,"href":"https:\/\/bahrinnargile.com\/index.php\/wp-json\/wp\/v2\/product_brand?post=10751"},{"taxonomy":"product_cat","embeddable":true,"href":"https:\/\/bahrinnargile.com\/index.php\/wp-json\/wp\/v2\/product_cat?post=10751"},{"taxonomy":"product_tag","embeddable":true,"href":"https:\/\/bahrinnargile.com\/index.php\/wp-json\/wp\/v2\/product_tag?post=10751"}],"curies":[{"name":"wp","href":"https:\/\/api.w.org\/{rel}","templated":true}]}}