{"id":10802,"date":"2025-12-23T21:45:28","date_gmt":"2025-12-23T21:45:28","guid":{"rendered":"https:\/\/bahrinnargile.com\/?post_type=product&#038;p=10802"},"modified":"2026-03-06T10:59:14","modified_gmt":"2026-03-06T10:59:14","slug":"orta-boy-boss-takim","status":"publish","type":"product","link":"https:\/\/bahrinnargile.com\/index.php\/urun\/orta-boy-boss-takim\/","title":{"rendered":"Orta Boy Boss Tak\u0131m"},"content":{"rendered":"","protected":false},"excerpt":{"rendered":"<p>Dald\u0131rma borusu \u00e7elik \u00fcst g\u00f6vde birinci s\u0131n\u0131f al\u00fcminyumdand\u0131r.<\/p>\n","protected":false},"featured_media":10803,"template":"","meta":[],"product_brand":[],"product_cat":[132,204],"product_tag":[],"class_list":{"0":"post-10802","1":"product","2":"type-product","3":"status-publish","4":"has-post-thumbnail","6":"product_cat-aluminyum-takimlar","7":"product_cat-takim","9":"first","10":"instock","11":"purchasable","12":"product-type-simple"},"jetpack_sharing_enabled":true,"_links":{"self":[{"href":"https:\/\/bahrinnargile.com\/index.php\/wp-json\/wp\/v2\/product\/10802","targetHints":{"allow":["GET"]}}],"collection":[{"href":"https:\/\/bahrinnargile.com\/index.php\/wp-json\/wp\/v2\/product"}],"about":[{"href":"https:\/\/bahrinnargile.com\/index.php\/wp-json\/wp\/v2\/types\/product"}],"version-history":[{"count":2,"href":"https:\/\/bahrinnargile.com\/index.php\/wp-json\/wp\/v2\/product\/10802\/revisions"}],"predecessor-version":[{"id":12197,"href":"https:\/\/bahrinnargile.com\/index.php\/wp-json\/wp\/v2\/product\/10802\/revisions\/12197"}],"wp:featuredmedia":[{"embeddable":true,"href":"https:\/\/bahrinnargile.com\/index.php\/wp-json\/wp\/v2\/media\/10803"}],"wp:attachment":[{"href":"https:\/\/bahrinnargile.com\/index.php\/wp-json\/wp\/v2\/media?parent=10802"}],"wp:term":[{"taxonomy":"product_brand","embeddable":true,"href":"https:\/\/bahrinnargile.com\/index.php\/wp-json\/wp\/v2\/product_brand?post=10802"},{"taxonomy":"product_cat","embeddable":true,"href":"https:\/\/bahrinnargile.com\/index.php\/wp-json\/wp\/v2\/product_cat?post=10802"},{"taxonomy":"product_tag","embeddable":true,"href":"https:\/\/bahrinnargile.com\/index.php\/wp-json\/wp\/v2\/product_tag?post=10802"}],"curies":[{"name":"wp","href":"https:\/\/api.w.org\/{rel}","templated":true}]}}