{"id":10805,"date":"2025-12-23T21:48:29","date_gmt":"2025-12-23T21:48:29","guid":{"rendered":"https:\/\/bahrinnargile.com\/?post_type=product&#038;p=10805"},"modified":"2026-04-12T11:00:40","modified_gmt":"2026-04-12T11:00:40","slug":"kucuk-boy-boss-takim","status":"publish","type":"product","link":"https:\/\/bahrinnargile.com\/index.php\/urun\/kucuk-boy-boss-takim\/","title":{"rendered":"K\u00fc\u00e7\u00fck Boy Boss Tak\u0131m"},"content":{"rendered":"","protected":false},"excerpt":{"rendered":"<p>Dald\u0131rma borusu \u00e7elik \u00fcst g\u00f6vde birinci s\u0131n\u0131f al\u00fcminyumdand\u0131r.<\/p>\n","protected":false},"featured_media":12752,"template":"","meta":[],"product_brand":[],"product_cat":[132,204],"product_tag":[],"class_list":{"0":"post-10805","1":"product","2":"type-product","3":"status-publish","4":"has-post-thumbnail","6":"product_cat-aluminyum-takimlar","7":"product_cat-takim","9":"first","10":"instock","11":"purchasable","12":"product-type-simple"},"jetpack_sharing_enabled":true,"_links":{"self":[{"href":"https:\/\/bahrinnargile.com\/index.php\/wp-json\/wp\/v2\/product\/10805","targetHints":{"allow":["GET"]}}],"collection":[{"href":"https:\/\/bahrinnargile.com\/index.php\/wp-json\/wp\/v2\/product"}],"about":[{"href":"https:\/\/bahrinnargile.com\/index.php\/wp-json\/wp\/v2\/types\/product"}],"version-history":[{"count":2,"href":"https:\/\/bahrinnargile.com\/index.php\/wp-json\/wp\/v2\/product\/10805\/revisions"}],"predecessor-version":[{"id":12198,"href":"https:\/\/bahrinnargile.com\/index.php\/wp-json\/wp\/v2\/product\/10805\/revisions\/12198"}],"wp:featuredmedia":[{"embeddable":true,"href":"https:\/\/bahrinnargile.com\/index.php\/wp-json\/wp\/v2\/media\/12752"}],"wp:attachment":[{"href":"https:\/\/bahrinnargile.com\/index.php\/wp-json\/wp\/v2\/media?parent=10805"}],"wp:term":[{"taxonomy":"product_brand","embeddable":true,"href":"https:\/\/bahrinnargile.com\/index.php\/wp-json\/wp\/v2\/product_brand?post=10805"},{"taxonomy":"product_cat","embeddable":true,"href":"https:\/\/bahrinnargile.com\/index.php\/wp-json\/wp\/v2\/product_cat?post=10805"},{"taxonomy":"product_tag","embeddable":true,"href":"https:\/\/bahrinnargile.com\/index.php\/wp-json\/wp\/v2\/product_tag?post=10805"}],"curies":[{"name":"wp","href":"https:\/\/api.w.org\/{rel}","templated":true}]}}