{"id":10858,"date":"2025-12-26T11:40:32","date_gmt":"2025-12-26T11:40:32","guid":{"rendered":"https:\/\/bahrinnargile.com\/?post_type=product&#038;p=10858"},"modified":"2026-04-10T19:26:29","modified_gmt":"2026-04-10T19:26:29","slug":"karbon-4-cikisli-joistik-takim","status":"publish","type":"product","link":"https:\/\/bahrinnargile.com\/index.php\/urun\/karbon-4-cikisli-joistik-takim\/","title":{"rendered":"Karbon 4 \u00c7\u0131k\u0131\u015fl\u0131 Joistik Tak\u0131m"},"content":{"rendered":"","protected":false},"excerpt":{"rendered":"<h4><\/h4>\n","protected":false},"featured_media":10859,"template":"","meta":[],"product_brand":[],"product_cat":[132,204],"product_tag":[],"class_list":{"0":"post-10858","1":"product","2":"type-product","3":"status-publish","4":"has-post-thumbnail","6":"product_cat-aluminyum-takimlar","7":"product_cat-takim","9":"first","10":"instock","11":"purchasable","12":"product-type-simple"},"jetpack_sharing_enabled":true,"_links":{"self":[{"href":"https:\/\/bahrinnargile.com\/index.php\/wp-json\/wp\/v2\/product\/10858","targetHints":{"allow":["GET"]}}],"collection":[{"href":"https:\/\/bahrinnargile.com\/index.php\/wp-json\/wp\/v2\/product"}],"about":[{"href":"https:\/\/bahrinnargile.com\/index.php\/wp-json\/wp\/v2\/types\/product"}],"version-history":[{"count":4,"href":"https:\/\/bahrinnargile.com\/index.php\/wp-json\/wp\/v2\/product\/10858\/revisions"}],"predecessor-version":[{"id":12739,"href":"https:\/\/bahrinnargile.com\/index.php\/wp-json\/wp\/v2\/product\/10858\/revisions\/12739"}],"wp:featuredmedia":[{"embeddable":true,"href":"https:\/\/bahrinnargile.com\/index.php\/wp-json\/wp\/v2\/media\/10859"}],"wp:attachment":[{"href":"https:\/\/bahrinnargile.com\/index.php\/wp-json\/wp\/v2\/media?parent=10858"}],"wp:term":[{"taxonomy":"product_brand","embeddable":true,"href":"https:\/\/bahrinnargile.com\/index.php\/wp-json\/wp\/v2\/product_brand?post=10858"},{"taxonomy":"product_cat","embeddable":true,"href":"https:\/\/bahrinnargile.com\/index.php\/wp-json\/wp\/v2\/product_cat?post=10858"},{"taxonomy":"product_tag","embeddable":true,"href":"https:\/\/bahrinnargile.com\/index.php\/wp-json\/wp\/v2\/product_tag?post=10858"}],"curies":[{"name":"wp","href":"https:\/\/api.w.org\/{rel}","templated":true}]}}