{"id":10870,"date":"2025-12-26T11:47:16","date_gmt":"2025-12-26T11:47:16","guid":{"rendered":"https:\/\/bahrinnargile.com\/?post_type=product&#038;p=10870"},"modified":"2026-03-06T10:57:10","modified_gmt":"2026-03-06T10:57:10","slug":"azeri-takim","status":"publish","type":"product","link":"https:\/\/bahrinnargile.com\/index.php\/urun\/azeri-takim\/","title":{"rendered":"Azeri Tak\u0131m"},"content":{"rendered":"","protected":false},"excerpt":{"rendered":"<p>Bak\u0131r g\u00f6vdeli al\u00fcminyum g\u00f6bekten kilitleme sistemli , pirin\u00e7 aksanlar\u0131 ile birle\u015ftirilen<br \/>\nAzeri modeli nargile tak\u0131m\u0131 geleneksel nargile aromalar\u0131 i\u00e7in ideal nargiledir.<\/p>\n<p>Yan\u0131nda deri marpu\u00e7, tepsi, ma\u015fa ve l\u00fclesi ile birlikte g\u00f6nderilir.<br \/>\nPirin\u00e7\u00a0ve bak\u0131r g\u00f6vdelisi vard\u0131r. Toplam 95 cm boyunda nargiledir.<\/p>\n","protected":false},"featured_media":10871,"template":"","meta":[],"product_brand":[],"product_cat":[204,124],"product_tag":[],"class_list":{"0":"post-10870","1":"product","2":"type-product","3":"status-publish","4":"has-post-thumbnail","6":"product_cat-takim","7":"product_cat-pirinc-takimlar","9":"first","10":"instock","11":"purchasable","12":"product-type-simple"},"jetpack_sharing_enabled":true,"_links":{"self":[{"href":"https:\/\/bahrinnargile.com\/index.php\/wp-json\/wp\/v2\/product\/10870","targetHints":{"allow":["GET"]}}],"collection":[{"href":"https:\/\/bahrinnargile.com\/index.php\/wp-json\/wp\/v2\/product"}],"about":[{"href":"https:\/\/bahrinnargile.com\/index.php\/wp-json\/wp\/v2\/types\/product"}],"version-history":[{"count":3,"href":"https:\/\/bahrinnargile.com\/index.php\/wp-json\/wp\/v2\/product\/10870\/revisions"}],"predecessor-version":[{"id":12093,"href":"https:\/\/bahrinnargile.com\/index.php\/wp-json\/wp\/v2\/product\/10870\/revisions\/12093"}],"wp:featuredmedia":[{"embeddable":true,"href":"https:\/\/bahrinnargile.com\/index.php\/wp-json\/wp\/v2\/media\/10871"}],"wp:attachment":[{"href":"https:\/\/bahrinnargile.com\/index.php\/wp-json\/wp\/v2\/media?parent=10870"}],"wp:term":[{"taxonomy":"product_brand","embeddable":true,"href":"https:\/\/bahrinnargile.com\/index.php\/wp-json\/wp\/v2\/product_brand?post=10870"},{"taxonomy":"product_cat","embeddable":true,"href":"https:\/\/bahrinnargile.com\/index.php\/wp-json\/wp\/v2\/product_cat?post=10870"},{"taxonomy":"product_tag","embeddable":true,"href":"https:\/\/bahrinnargile.com\/index.php\/wp-json\/wp\/v2\/product_tag?post=10870"}],"curies":[{"name":"wp","href":"https:\/\/api.w.org\/{rel}","templated":true}]}}