{"id":10883,"date":"2025-12-26T11:53:30","date_gmt":"2025-12-26T11:53:30","guid":{"rendered":"https:\/\/bahrinnargile.com\/?post_type=product&#038;p=10883"},"modified":"2026-04-12T11:45:08","modified_gmt":"2026-04-12T11:45:08","slug":"buyuk-hurrem-pirinc-takim","status":"publish","type":"product","link":"https:\/\/bahrinnargile.com\/index.php\/urun\/buyuk-hurrem-pirinc-takim\/","title":{"rendered":"B\u00fcy\u00fck H\u00fcrrem Pirin\u00e7 Nargile Tak\u0131m\u0131"},"content":{"rendered":"","protected":false},"excerpt":{"rendered":"<h4>&#8211; \u00dcr\u00fcn\u00fcm\u00fcz Orijinaldir.<\/h4>\n<h5><a>\u00dc<\/a><a>r\u00fcn \u00d6zellikleri<\/a><\/h5>\n<div id=\"divTabOzellikler\" class=\"urunDetayPanel\">\n<div class=\"urunTabAlt\">\n<table class=\"urunaciklama\">\n<thead>\n<tr>\n<th>\u00d6l\u00e7\u00fc<\/th>\n<th>Detay<\/th>\n<\/tr>\n<\/thead>\n<tbody>\n<tr>\n<td>Tak\u0131m Uzunlu\u011fu<\/td>\n<td>42 cm<\/td>\n<\/tr>\n<tr>\n<td>\u015ei\u015fe Uzunlu\u011fu<\/td>\n<td>22 cm<\/td>\n<\/tr>\n<tr>\n<td>\u015ei\u015fe \u00c7ap\u0131<\/td>\n<td>18 cm<\/td>\n<\/tr>\n<tr>\n<td>\u0130\u00e7 Boru Uzunlu\u011fu<\/td>\n<td>20 cm<\/td>\n<\/tr>\n<tr>\n<td>\u0130\u00e7 Boru \u00c7ap\u0131<\/td>\n<td>1,6 cm<\/td>\n<\/tr>\n<tr>\n<td>G\u00f6vde Uzunlu\u011fu<\/td>\n<td>20 cm<\/td>\n<\/tr>\n<tr>\n<td>L\u00fcle Giri\u015f \u00c7ap\u0131<\/td>\n<td>3 cm<\/td>\n<\/tr>\n<tr>\n<td>L\u00fcle \u00c7ap\u0131<\/td>\n<td>6 cm<\/td>\n<\/tr>\n<tr>\n<td>Tepsi \u00c7ap\u0131<\/td>\n<td>14 cm<\/td>\n<\/tr>\n<tr>\n<td>Ma\u015fa Uzunlu\u011fu<\/td>\n<td>14,5 cm<\/td>\n<\/tr>\n<tr>\n<td>Marpu\u00e7 Uzunlu\u011fu<\/td>\n<td>135 cm<\/td>\n<\/tr>\n<\/tbody>\n<\/table>\n<h5>H\u00fcrrem Kahveci Nargile Tak\u0131m\u0131,<\/h5>\n<p><strong>H\u00fcrrem Kahveci Nargile Tak\u0131m\u0131<\/strong>, geleneksel nargile k\u00fclt\u00fcr\u00fcn\u00fc modern tasar\u0131m ve kaliteli malzemelerle bulu\u015fturan e\u015fsiz bir \u00fcr\u00fcnd\u00fcr. Bu nargile tak\u0131m\u0131, zarif tasar\u0131m\u0131 ve i\u015flevselli\u011fi ile hem evde hem de profesyonel kullan\u0131ma uygundur. Sar\u0131 pirin\u00e7 metalden \u00fcretilmi\u015f g\u00f6vdesi ve tepsisi, uzun \u00f6m\u00fcrl\u00fc kullan\u0131m sa\u011flar. \u0130\u00e7 borusunda kullan\u0131lan bak\u0131r malzeme, m\u00fckemmel bir duman deneyimi sunarken %90 oran\u0131nda tat tutma \u00f6zelli\u011fi ile kullan\u0131c\u0131lar\u0131na keyifli bir i\u00e7im deneyimi ya\u015fat\u0131r.\u00a0<strong>Avantajlar\u0131:<\/strong><\/p>\n<ul>\n<li><strong>Kaliteli Malzeme:<\/strong>\u00a0Dayan\u0131kl\u0131 sar\u0131 pirin\u00e7 ve bak\u0131r malzemelerden \u00fcretilmi\u015ftir.<\/li>\n<li><strong>\u015e\u0131k Tasar\u0131m:<\/strong>\u00a0Geleneksel motifler modern dokunu\u015flarla harmanlanm\u0131\u015ft\u0131r.<\/li>\n<li><strong>Kolay Ta\u015f\u0131nabilirlik:<\/strong>\u00a0\u00c7anta i\u00e7eri\u011fi sayesinde her yere kolayca g\u00f6t\u00fcr\u00fclebilir.<\/li>\n<li><strong>Zengin Paket \u0130\u00e7eri\u011fi:<\/strong>\u00a0T\u00fcm ihtiya\u00e7lar\u0131n\u0131z\u0131 kar\u015f\u0131layacak \u015fekilde tasarlanm\u0131\u015ft\u0131r.<\/li>\n<li><strong>Hijyenik Kullan\u0131m:<\/strong>\u00a0Silikon hortum ve al\u00fcminyum ba\u015fl\u0131k, hijyenik bir i\u00e7im sa\u011flar.<\/li>\n<\/ul>\n<p>Bu \u00fcr\u00fcn, \u00f6zellikle kahve severlerin ve nargile tutkunlar\u0131n\u0131n tercih etti\u011fi bir modeldir. Hem g\u00f6rsel olarak etkileyici hem de i\u015flevsel bir yap\u0131ya sahiptir.<\/p>\n<h5>Neden H\u00fcrrem Kahveci Nargile Tak\u0131m\u0131 Almal\u0131s\u0131n\u0131z?<\/h5>\n<ul>\n<li><strong>Gelenek ve Modernli\u011fi Birle\u015ftirir:<\/strong>\u00a0Geleneksel nargile keyfini modern tasar\u0131mla birle\u015ftirerek benzersiz bir deneyim sunar.<\/li>\n<li><strong>Uzun \u00d6m\u00fcrl\u00fc Kullan\u0131m:<\/strong>\u00a0Kaliteli malzemeleri sayesinde y\u0131llarca sorunsuz bir \u015fekilde kullan\u0131labilir.<\/li>\n<li><strong>Eksiksiz Paket \u0130\u00e7eri\u011fi:<\/strong>\u00a0\u0130htiyac\u0131n\u0131z olan her \u015fey tek bir kutuda sunulur.<\/li>\n<li><strong>Kolay Kullan\u0131m:<\/strong>\u00a0Yeni ba\u015flayanlar i\u00e7in bile kolayca kullan\u0131labilir.<\/li>\n<li><strong>Estetik G\u00f6r\u00fcn\u00fcm:<\/strong>\u00a0Hem evde hem de d\u0131\u015f mekanlarda kullan\u0131ma uygun, g\u00f6z al\u0131c\u0131 bir tasar\u0131ma sahiptir.<\/li>\n<\/ul>\n<\/div>\n<\/div>\n","protected":false},"featured_media":10884,"template":"","meta":[],"product_brand":[],"product_cat":[204,124],"product_tag":[],"class_list":{"0":"post-10883","1":"product","2":"type-product","3":"status-publish","4":"has-post-thumbnail","6":"product_cat-takim","7":"product_cat-pirinc-takimlar","9":"first","10":"instock","11":"purchasable","12":"product-type-simple"},"jetpack_sharing_enabled":true,"_links":{"self":[{"href":"https:\/\/bahrinnargile.com\/index.php\/wp-json\/wp\/v2\/product\/10883","targetHints":{"allow":["GET"]}}],"collection":[{"href":"https:\/\/bahrinnargile.com\/index.php\/wp-json\/wp\/v2\/product"}],"about":[{"href":"https:\/\/bahrinnargile.com\/index.php\/wp-json\/wp\/v2\/types\/product"}],"version-history":[{"count":4,"href":"https:\/\/bahrinnargile.com\/index.php\/wp-json\/wp\/v2\/product\/10883\/revisions"}],"predecessor-version":[{"id":12766,"href":"https:\/\/bahrinnargile.com\/index.php\/wp-json\/wp\/v2\/product\/10883\/revisions\/12766"}],"wp:featuredmedia":[{"embeddable":true,"href":"https:\/\/bahrinnargile.com\/index.php\/wp-json\/wp\/v2\/media\/10884"}],"wp:attachment":[{"href":"https:\/\/bahrinnargile.com\/index.php\/wp-json\/wp\/v2\/media?parent=10883"}],"wp:term":[{"taxonomy":"product_brand","embeddable":true,"href":"https:\/\/bahrinnargile.com\/index.php\/wp-json\/wp\/v2\/product_brand?post=10883"},{"taxonomy":"product_cat","embeddable":true,"href":"https:\/\/bahrinnargile.com\/index.php\/wp-json\/wp\/v2\/product_cat?post=10883"},{"taxonomy":"product_tag","embeddable":true,"href":"https:\/\/bahrinnargile.com\/index.php\/wp-json\/wp\/v2\/product_tag?post=10883"}],"curies":[{"name":"wp","href":"https:\/\/api.w.org\/{rel}","templated":true}]}}