{"id":10895,"date":"2025-12-26T11:59:23","date_gmt":"2025-12-26T11:59:23","guid":{"rendered":"https:\/\/bahrinnargile.com\/?post_type=product&#038;p=10895"},"modified":"2026-04-09T13:14:51","modified_gmt":"2026-04-09T13:14:51","slug":"master-pirinc-takim","status":"publish","type":"product","link":"https:\/\/bahrinnargile.com\/index.php\/urun\/master-pirinc-takim\/","title":{"rendered":"Master Puff Sar\u0131 Bak\u0131r Borulu Nargile Tak\u0131m\u0131"},"content":{"rendered":"","protected":false},"excerpt":{"rendered":"<h4>&#8211; \u00dcr\u00fcn\u00fcm\u00fcz Orijinaldir.<\/h4>\n<h5><a>\u00dcr\u00fcn \u00d6zellikleri<\/a><\/h5>\n<div id=\"divTabOzellikler\" class=\"urunDetayPanel\">\n<div class=\"urunTabAlt\">\n<table class=\"urunaciklama\">\n<thead>\n<tr>\n<th>\u00d6l\u00e7\u00fc<\/th>\n<th>Detay<\/th>\n<\/tr>\n<\/thead>\n<tbody>\n<tr>\n<td>Tak\u0131m Uzunlu\u011fu<\/td>\n<td>56 cm<\/td>\n<\/tr>\n<tr>\n<td>\u015ei\u015fe Uzunlu\u011fu<\/td>\n<td>27,5 cm<\/td>\n<\/tr>\n<tr>\n<td>\u015ei\u015fe \u00c7ap\u0131<\/td>\n<td>22,5 cm<\/td>\n<\/tr>\n<tr>\n<td>\u0130\u00e7 Boru Uzunlu\u011fu<\/td>\n<td>20 cm<\/td>\n<\/tr>\n<tr>\n<td>Dif\u00fcz\u00f6r Uzunlu\u011fu<\/td>\n<td>0,9 cm<\/td>\n<\/tr>\n<tr>\n<td>\u0130\u00e7 Boru \u00c7ap\u0131<\/td>\n<td>1,2 cm<\/td>\n<\/tr>\n<tr>\n<td>G\u00f6vde Uzunlu\u011fu (G\u00f6bek Dahil)<\/td>\n<td>28 cm<\/td>\n<\/tr>\n<tr>\n<td>L\u00fcle Giri\u015f \u00c7ap\u0131<\/td>\n<td>3 cm<\/td>\n<\/tr>\n<tr>\n<td>Tepsi \u00c7ap\u0131<\/td>\n<td>21 cm<\/td>\n<\/tr>\n<tr>\n<td>Ma\u015fa Uzunlu\u011fu<\/td>\n<td>14,5 cm<\/td>\n<\/tr>\n<tr>\n<td>Hortum Uzunlu\u011fu<\/td>\n<td>163 cm<\/td>\n<\/tr>\n<tr>\n<td>Marpu\u00e7 Ba\u015fl\u0131k Uzunlu\u011fu<\/td>\n<td>33,5 cm<\/td>\n<\/tr>\n<\/tbody>\n<\/table>\n<h5>Master Puff Sar\u0131 Bak\u0131r Borulu Nargile Tak\u0131m\u0131,<\/h5>\n<p>Master Puff Sar\u0131 Bak\u0131r Borulu Nargile Tak\u0131m\u0131, nargile keyfini en \u00fcst d\u00fczeye \u00e7\u0131karmak isteyenler i\u00e7in \u00f6zel olarak tasarlanm\u0131\u015ft\u0131r. \u015e\u0131k sar\u0131 bak\u0131r boru tasar\u0131m\u0131, hem estetik bir g\u00f6r\u00fcn\u00fcm sunar hem de paslanmaya kar\u015f\u0131 dayan\u0131kl\u0131l\u0131k sa\u011flar. \u0130\u00e7 borunun bak\u0131r yap\u0131s\u0131, %95 oran\u0131nda tat tutma \u00f6zelli\u011fi ile duman\u0131n saf ve yo\u011fun bir \u015fekilde iletilmesini sa\u011flar. Bu \u00f6zellik, nargile deneyimini daha lezzetli ve keyifli hale getirir. Silikon hortumu ve al\u00fcminyum ba\u015fl\u0131\u011f\u0131 sayesinde hem hijyenik hem de uzun \u00f6m\u00fcrl\u00fc bir kullan\u0131m sunar. 56 cm uzunlu\u011fundaki kompakt tasar\u0131m\u0131, hem evde hem de ticari mekanlarda kullan\u0131m i\u00e7in idealdir. Pirin\u00e7 tepsi ve toprak l\u00fcle gibi detaylar, geleneksel nargile deneyimini modern bir dokunu\u015fla birle\u015ftirir. Ayr\u0131ca, hortumda k\u0131r\u0131lmay\u0131 \u00f6nleyen yay gibi kullan\u0131c\u0131 dostu \u00f6zellikler, bu \u00fcr\u00fcn\u00fc benzersiz k\u0131lar.\u00a0<span class=\"popover-content-wrapper--zvn5S\"><a class=\"search-source-marker--efR0x\" href=\"https:\/\/www.nargiledunyasi.com.tr\/urunler\/master-puff-sari-bakir-borulu-set\" target=\"_blank\" rel=\"noopener noreferrer\">2<\/a><\/span>,\u00a0<span class=\"popover-content-wrapper--zvn5S\"><a class=\"search-source-marker--efR0x\" href=\"https:\/\/ytshisha.com\/en\/master-puff-gumus-set\" target=\"_blank\" rel=\"noopener noreferrer\">3<\/a><\/span>,\u00a0<span class=\"popover-content-wrapper--zvn5S\"><a class=\"search-source-marker--efR0x\" href=\"https:\/\/altunlarshop.com\/urun-etiketi\/otto-bakir-master-puff-nargile-takimi\/\" target=\"_blank\" rel=\"noopener noreferrer\">4<\/a><\/span><\/p>\n<h4>Neden Master Puff Sar\u0131 Bak\u0131r Borulu Nargile Tak\u0131m\u0131 Almal\u0131s\u0131n\u0131z?<\/h4>\n<ul>\n<li><strong>Lezzet Garantisi:<\/strong>\u00a0Bak\u0131r i\u00e7 boru, duman\u0131n yo\u011funlu\u011funu ve aromas\u0131n\u0131 art\u0131rarak %95 oran\u0131nda tat tutar.<\/li>\n<li><strong>\u015e\u0131k ve Dayan\u0131kl\u0131 Tasar\u0131m:<\/strong>\u00a0Sar\u0131 bak\u0131r boru, estetik bir g\u00f6r\u00fcn\u00fcm sunarken paslanmaya kar\u015f\u0131 dayan\u0131kl\u0131d\u0131r.<\/li>\n<li><strong>Ergonomik Kullan\u0131m:<\/strong>\u00a0Silikon hortumu, al\u00fcminyum ba\u015fl\u0131\u011f\u0131 ve k\u0131r\u0131lmay\u0131 \u00f6nleyen yay\u0131 ile uzun \u00f6m\u00fcrl\u00fc ve rahat bir kullan\u0131m sa\u011flar.<\/li>\n<li><strong>Tam Donan\u0131ml\u0131 Paket:<\/strong>\u00a0T\u00fcm gerekli par\u00e7alar\u0131 i\u00e7eren bu set, ekstra ekipman gerektirmez.<\/li>\n<li><strong>Kompakt ve \u00c7ok Ama\u00e7l\u0131:<\/strong>\u00a056 cm uzunlu\u011fu sayesinde hem evde hem de ticari mekanlarda kullan\u0131ma uygundur.<\/li>\n<\/ul>\n<p><strong>Master Puff Sar\u0131 Bak\u0131r Borulu Nargile Tak\u0131m\u0131,<\/strong>\u00a0hem geleneksel nargile keyfini ya\u015famak hem de modern tasar\u0131m\u0131n avantajlar\u0131ndan faydalanmak isteyenler i\u00e7in m\u00fckemmel bir se\u00e7imdir.<b>Not:<\/b>\u00a0Kaplamas\u0131z pirin\u00e7 malzeme oldu\u011fundan dolay\u0131 g\u00f6vdede kararma olacakt\u0131r. Tat tutma \u00f6zelli\u011fi sayesinde sabit aroma i\u00e7ilir.<\/p>\n<\/div>\n<\/div>\n","protected":false},"featured_media":10896,"template":"","meta":[],"product_brand":[],"product_cat":[204,124],"product_tag":[],"class_list":{"0":"post-10895","1":"product","2":"type-product","3":"status-publish","4":"has-post-thumbnail","6":"product_cat-takim","7":"product_cat-pirinc-takimlar","9":"first","10":"instock","11":"purchasable","12":"product-type-simple"},"jetpack_sharing_enabled":true,"_links":{"self":[{"href":"https:\/\/bahrinnargile.com\/index.php\/wp-json\/wp\/v2\/product\/10895","targetHints":{"allow":["GET"]}}],"collection":[{"href":"https:\/\/bahrinnargile.com\/index.php\/wp-json\/wp\/v2\/product"}],"about":[{"href":"https:\/\/bahrinnargile.com\/index.php\/wp-json\/wp\/v2\/types\/product"}],"version-history":[{"count":5,"href":"https:\/\/bahrinnargile.com\/index.php\/wp-json\/wp\/v2\/product\/10895\/revisions"}],"predecessor-version":[{"id":12600,"href":"https:\/\/bahrinnargile.com\/index.php\/wp-json\/wp\/v2\/product\/10895\/revisions\/12600"}],"wp:featuredmedia":[{"embeddable":true,"href":"https:\/\/bahrinnargile.com\/index.php\/wp-json\/wp\/v2\/media\/10896"}],"wp:attachment":[{"href":"https:\/\/bahrinnargile.com\/index.php\/wp-json\/wp\/v2\/media?parent=10895"}],"wp:term":[{"taxonomy":"product_brand","embeddable":true,"href":"https:\/\/bahrinnargile.com\/index.php\/wp-json\/wp\/v2\/product_brand?post=10895"},{"taxonomy":"product_cat","embeddable":true,"href":"https:\/\/bahrinnargile.com\/index.php\/wp-json\/wp\/v2\/product_cat?post=10895"},{"taxonomy":"product_tag","embeddable":true,"href":"https:\/\/bahrinnargile.com\/index.php\/wp-json\/wp\/v2\/product_tag?post=10895"}],"curies":[{"name":"wp","href":"https:\/\/api.w.org\/{rel}","templated":true}]}}