{"id":10907,"date":"2025-12-26T12:06:36","date_gmt":"2025-12-26T12:06:36","guid":{"rendered":"https:\/\/bahrinnargile.com\/?post_type=product&#038;p=10907"},"modified":"2026-04-09T13:13:26","modified_gmt":"2026-04-09T13:13:26","slug":"tisar-silver-takim","status":"publish","type":"product","link":"https:\/\/bahrinnargile.com\/index.php\/urun\/tisar-silver-takim\/","title":{"rendered":"TSAR Alexander v2 Silver Tak\u0131m"},"content":{"rendered":"","protected":false},"excerpt":{"rendered":"<h4>&#8211; \u00dcr\u00fcn\u00fcm\u00fcz Orijinaldir.<\/h4>\n<p>V2A Paslanmaz \u00c7elikten \u00dcretilmi\u015ftir.<\/p>\n<p>4 \u00c7\u0131k\u0131\u015fl\u0131 Olmas\u0131 Sayesinde Arkada\u015flar\u0131n\u0131zla Ayn\u0131 Anda Nargile i\u00e7me Keyfinin Tad\u0131n\u0131 \u00c7\u0131kart\u0131n.<\/p>\n<p>Ambalaj\u0131 a\u00e7t\u0131\u011f\u0131n\u0131zda her k\u00fc\u00e7\u00fck aksesuar\u0131 ayr\u0131 bir b\u00f6lmede bulacaks\u0131n\u0131z. Cam\u0131 a\u011f\u0131r konekt\u00f6rlerden koruyan b\u00f6lme vard\u0131r. \u00c7izik yok, s\u00fcrpriz yok.<\/p>\n<p>Not: L\u00fctfen Renk Se\u00e7enekleri i\u00e7in \u0130leti\u015fime Ge\u00e7iniz.<\/p>\n","protected":false},"featured_media":11650,"template":"","meta":[],"product_brand":[],"product_cat":[130,204],"product_tag":[],"class_list":{"0":"post-10907","1":"product","2":"type-product","3":"status-publish","4":"has-post-thumbnail","6":"product_cat-celik-takimlar","7":"product_cat-takim","9":"first","10":"instock","11":"purchasable","12":"product-type-simple"},"jetpack_sharing_enabled":true,"_links":{"self":[{"href":"https:\/\/bahrinnargile.com\/index.php\/wp-json\/wp\/v2\/product\/10907","targetHints":{"allow":["GET"]}}],"collection":[{"href":"https:\/\/bahrinnargile.com\/index.php\/wp-json\/wp\/v2\/product"}],"about":[{"href":"https:\/\/bahrinnargile.com\/index.php\/wp-json\/wp\/v2\/types\/product"}],"version-history":[{"count":4,"href":"https:\/\/bahrinnargile.com\/index.php\/wp-json\/wp\/v2\/product\/10907\/revisions"}],"predecessor-version":[{"id":12597,"href":"https:\/\/bahrinnargile.com\/index.php\/wp-json\/wp\/v2\/product\/10907\/revisions\/12597"}],"wp:featuredmedia":[{"embeddable":true,"href":"https:\/\/bahrinnargile.com\/index.php\/wp-json\/wp\/v2\/media\/11650"}],"wp:attachment":[{"href":"https:\/\/bahrinnargile.com\/index.php\/wp-json\/wp\/v2\/media?parent=10907"}],"wp:term":[{"taxonomy":"product_brand","embeddable":true,"href":"https:\/\/bahrinnargile.com\/index.php\/wp-json\/wp\/v2\/product_brand?post=10907"},{"taxonomy":"product_cat","embeddable":true,"href":"https:\/\/bahrinnargile.com\/index.php\/wp-json\/wp\/v2\/product_cat?post=10907"},{"taxonomy":"product_tag","embeddable":true,"href":"https:\/\/bahrinnargile.com\/index.php\/wp-json\/wp\/v2\/product_tag?post=10907"}],"curies":[{"name":"wp","href":"https:\/\/api.w.org\/{rel}","templated":true}]}}