{"id":10919,"date":"2025-12-26T12:16:48","date_gmt":"2025-12-26T12:16:48","guid":{"rendered":"https:\/\/bahrinnargile.com\/?post_type=product&#038;p=10919"},"modified":"2026-04-10T11:09:25","modified_gmt":"2026-04-10T11:09:25","slug":"dsh-takim","status":"publish","type":"product","link":"https:\/\/bahrinnargile.com\/index.php\/urun\/dsh-takim\/","title":{"rendered":"DSH Tak\u0131m"},"content":{"rendered":"","protected":false},"excerpt":{"rendered":"<h4>&#8211; \u00dcr\u00fcn\u00fcm\u00fcz A Kalitedir.<\/h4>\n<p>DSH Rus Tipi Nargile Tak\u0131m\u0131<br \/>\nPaslanmaz \u00e7elikten \u00fcretilmi\u015ftir.<br \/>\nHava tahliyesi g\u00f6bekten etrafa do\u011frudur.<br \/>\nMarpu\u00e7 ba\u015fl\u0131\u011f\u0131 ve marpu\u00e7 hortumu tak\u0131ma dahildir.<\/p>\n","protected":false},"featured_media":10920,"template":"","meta":[],"product_brand":[],"product_cat":[130,204],"product_tag":[],"class_list":{"0":"post-10919","1":"product","2":"type-product","3":"status-publish","4":"has-post-thumbnail","6":"product_cat-celik-takimlar","7":"product_cat-takim","9":"first","10":"instock","11":"purchasable","12":"product-type-simple"},"jetpack_sharing_enabled":true,"_links":{"self":[{"href":"https:\/\/bahrinnargile.com\/index.php\/wp-json\/wp\/v2\/product\/10919","targetHints":{"allow":["GET"]}}],"collection":[{"href":"https:\/\/bahrinnargile.com\/index.php\/wp-json\/wp\/v2\/product"}],"about":[{"href":"https:\/\/bahrinnargile.com\/index.php\/wp-json\/wp\/v2\/types\/product"}],"version-history":[{"count":4,"href":"https:\/\/bahrinnargile.com\/index.php\/wp-json\/wp\/v2\/product\/10919\/revisions"}],"predecessor-version":[{"id":12613,"href":"https:\/\/bahrinnargile.com\/index.php\/wp-json\/wp\/v2\/product\/10919\/revisions\/12613"}],"wp:featuredmedia":[{"embeddable":true,"href":"https:\/\/bahrinnargile.com\/index.php\/wp-json\/wp\/v2\/media\/10920"}],"wp:attachment":[{"href":"https:\/\/bahrinnargile.com\/index.php\/wp-json\/wp\/v2\/media?parent=10919"}],"wp:term":[{"taxonomy":"product_brand","embeddable":true,"href":"https:\/\/bahrinnargile.com\/index.php\/wp-json\/wp\/v2\/product_brand?post=10919"},{"taxonomy":"product_cat","embeddable":true,"href":"https:\/\/bahrinnargile.com\/index.php\/wp-json\/wp\/v2\/product_cat?post=10919"},{"taxonomy":"product_tag","embeddable":true,"href":"https:\/\/bahrinnargile.com\/index.php\/wp-json\/wp\/v2\/product_tag?post=10919"}],"curies":[{"name":"wp","href":"https:\/\/api.w.org\/{rel}","templated":true}]}}