{"id":10922,"date":"2025-12-26T12:18:03","date_gmt":"2025-12-26T12:18:03","guid":{"rendered":"https:\/\/bahrinnargile.com\/?post_type=product&#038;p=10922"},"modified":"2026-04-12T12:14:01","modified_gmt":"2026-04-12T12:14:01","slug":"alex-ferro-one","status":"publish","type":"product","link":"https:\/\/bahrinnargile.com\/index.php\/urun\/alex-ferro-one\/","title":{"rendered":"Alex Ferro One Nargile Tak\u0131m\u0131"},"content":{"rendered":"","protected":false},"excerpt":{"rendered":"<h4><strong>&#8211; \u00dcr\u00fcn\u00fcm\u00fcz A kalitedir.<\/strong><\/h4>\n<h5><strong>\u00d6zellikler<\/strong><\/h5>\n<p>&#8211; 1.kalite 303 \u00e7elikten \u00fcretilmi\u015ftir.<\/p>\n<p>&#8211; Kolay i\u00e7im sa\u011flamak amac\u0131yla ayarlanabilir dif\u00fcz\u00f6r sistemine sahiptir.<\/p>\n<p>&#8211; G\u00f6bekten full tahliye sistemiyle \u00e7al\u0131\u015f\u0131r; bu sayede tek nefeste h\u0131zl\u0131 tahliye imk\u00e2n\u0131 sunar.<\/p>\n<p>&#8211; \u00c7elik g\u00f6vde, s\u00f6k-tak sistemine sahiptir. Bu sayede \u00fcr\u00fcn \u00fc\u00e7 farkl\u0131 boyda kullan\u0131labilir; diledi\u011finizde k\u0131saltabilir veya uzatabilirsiniz.<\/p>\n<p>&#8211; S\u00f6k\u00fclebilir yap\u0131s\u0131 sayesinde temizli\u011fi olduk\u00e7a pratik ve kolayd\u0131r.<\/p>\n<p>&#8211; Tepsi, tamamen \u00e7elik yap\u0131da oldu\u011fu i\u00e7in kararma veya deformasyon gibi sorunlar ya\u015fanmaz.<\/p>\n<p>&#8211; L\u00fcle giri\u015fi, \u0131s\u0131y\u0131 dengeleyerek g\u00f6vdenin a\u015f\u0131r\u0131 \u0131s\u0131nmas\u0131n\u0131 engeller.<\/p>\n<p>&#8211; Portatif yap\u0131s\u0131 sayesinde kolayca s\u00f6k\u00fcl\u00fcp ta\u015f\u0131nabilir.<\/p>\n<p>&#8211; \u00dcr\u00fcn; orijinal soft touch hortum ve 303 \u00e7elikten \u00fcretilmi\u015f marpu\u00e7 ba\u015fl\u0131\u011f\u0131 ile birlikte sunulmaktad\u0131r.<\/p>\n","protected":false},"featured_media":10923,"template":"","meta":[],"product_brand":[],"product_cat":[131,204],"product_tag":[],"class_list":{"0":"post-10922","1":"product","2":"type-product","3":"status-publish","4":"has-post-thumbnail","6":"product_cat-ithal-takimlar","7":"product_cat-takim","9":"first","10":"instock","11":"purchasable","12":"product-type-simple"},"jetpack_sharing_enabled":true,"_links":{"self":[{"href":"https:\/\/bahrinnargile.com\/index.php\/wp-json\/wp\/v2\/product\/10922","targetHints":{"allow":["GET"]}}],"collection":[{"href":"https:\/\/bahrinnargile.com\/index.php\/wp-json\/wp\/v2\/product"}],"about":[{"href":"https:\/\/bahrinnargile.com\/index.php\/wp-json\/wp\/v2\/types\/product"}],"version-history":[{"count":8,"href":"https:\/\/bahrinnargile.com\/index.php\/wp-json\/wp\/v2\/product\/10922\/revisions"}],"predecessor-version":[{"id":12777,"href":"https:\/\/bahrinnargile.com\/index.php\/wp-json\/wp\/v2\/product\/10922\/revisions\/12777"}],"wp:featuredmedia":[{"embeddable":true,"href":"https:\/\/bahrinnargile.com\/index.php\/wp-json\/wp\/v2\/media\/10923"}],"wp:attachment":[{"href":"https:\/\/bahrinnargile.com\/index.php\/wp-json\/wp\/v2\/media?parent=10922"}],"wp:term":[{"taxonomy":"product_brand","embeddable":true,"href":"https:\/\/bahrinnargile.com\/index.php\/wp-json\/wp\/v2\/product_brand?post=10922"},{"taxonomy":"product_cat","embeddable":true,"href":"https:\/\/bahrinnargile.com\/index.php\/wp-json\/wp\/v2\/product_cat?post=10922"},{"taxonomy":"product_tag","embeddable":true,"href":"https:\/\/bahrinnargile.com\/index.php\/wp-json\/wp\/v2\/product_tag?post=10922"}],"curies":[{"name":"wp","href":"https:\/\/api.w.org\/{rel}","templated":true}]}}