{"id":10925,"date":"2025-12-26T12:19:30","date_gmt":"2025-12-26T12:19:30","guid":{"rendered":"https:\/\/bahrinnargile.com\/?post_type=product&#038;p=10925"},"modified":"2026-04-10T11:09:57","modified_gmt":"2026-04-10T11:09:57","slug":"elbomber-4x4","status":"publish","type":"product","link":"https:\/\/bahrinnargile.com\/index.php\/urun\/elbomber-4x4\/","title":{"rendered":"El Bomber Off Road 4\u00d74"},"content":{"rendered":"","protected":false},"excerpt":{"rendered":"<h4>&#8211; \u00dcr\u00fcn\u00fcm\u00fcz A Kalitedir.<\/h4>\n<h5>\u00d6zellikler<\/h5>\n<ul class=\"unordered-list\">\n<li>\u015eaft\u0131n i\u00e7 \u00e7ap\u0131 \u201411 mm<\/li>\n<li>Mil y\u00fcksekli\u011fi montaj\u0131: 470mm<\/li>\n<li>Tabak \u00e7ap\u0131 \u2014 190 mm<\/li>\n<li>Kullan\u0131lan minimum \u015fi\u015fe derinli\u011fi\u2014 250 mm<\/li>\n<\/ul>\n<p><strong>Kullan\u0131m kolayl\u0131\u011f\u0131<\/strong><\/p>\n<p>Model tamamen katlanabilir.<\/p>\n<h5>Malzemeler<\/h5>\n<p>\u015eaft, a\u011f\u0131zl\u0131k, daire, daire y\u0131kay\u0131c\u0131, dif\u00fcz\u00f6r, hortum konekt\u00f6r\u00fc ve kase konekt\u00f6r\u00fc Aisi 304 paslanmaz \u00e7elikten imal edilmi\u015ftir. Baz, tasarlanm\u0131\u015f polimerden yap\u0131lm\u0131\u015ft\u0131r.<\/p>\n","protected":false},"featured_media":11530,"template":"","meta":[],"product_brand":[],"product_cat":[140,131,204],"product_tag":[],"class_list":{"0":"post-10925","1":"product","2":"type-product","3":"status-publish","4":"has-post-thumbnail","6":"product_cat-el-bomber","7":"product_cat-ithal-takimlar","8":"product_cat-takim","10":"first","11":"instock","12":"purchasable","13":"product-type-simple"},"jetpack_sharing_enabled":true,"_links":{"self":[{"href":"https:\/\/bahrinnargile.com\/index.php\/wp-json\/wp\/v2\/product\/10925","targetHints":{"allow":["GET"]}}],"collection":[{"href":"https:\/\/bahrinnargile.com\/index.php\/wp-json\/wp\/v2\/product"}],"about":[{"href":"https:\/\/bahrinnargile.com\/index.php\/wp-json\/wp\/v2\/types\/product"}],"version-history":[{"count":6,"href":"https:\/\/bahrinnargile.com\/index.php\/wp-json\/wp\/v2\/product\/10925\/revisions"}],"predecessor-version":[{"id":12614,"href":"https:\/\/bahrinnargile.com\/index.php\/wp-json\/wp\/v2\/product\/10925\/revisions\/12614"}],"wp:featuredmedia":[{"embeddable":true,"href":"https:\/\/bahrinnargile.com\/index.php\/wp-json\/wp\/v2\/media\/11530"}],"wp:attachment":[{"href":"https:\/\/bahrinnargile.com\/index.php\/wp-json\/wp\/v2\/media?parent=10925"}],"wp:term":[{"taxonomy":"product_brand","embeddable":true,"href":"https:\/\/bahrinnargile.com\/index.php\/wp-json\/wp\/v2\/product_brand?post=10925"},{"taxonomy":"product_cat","embeddable":true,"href":"https:\/\/bahrinnargile.com\/index.php\/wp-json\/wp\/v2\/product_cat?post=10925"},{"taxonomy":"product_tag","embeddable":true,"href":"https:\/\/bahrinnargile.com\/index.php\/wp-json\/wp\/v2\/product_tag?post=10925"}],"curies":[{"name":"wp","href":"https:\/\/api.w.org\/{rel}","templated":true}]}}