{"id":10928,"date":"2025-12-26T12:21:40","date_gmt":"2025-12-26T12:21:40","guid":{"rendered":"https:\/\/bahrinnargile.com\/?post_type=product&#038;p=10928"},"modified":"2026-04-10T11:10:12","modified_gmt":"2026-04-10T11:10:12","slug":"elbomber-nurburgring","status":"publish","type":"product","link":"https:\/\/bahrinnargile.com\/index.php\/urun\/elbomber-nurburgring\/","title":{"rendered":"El Bomber N\u00fcrburgring"},"content":{"rendered":"","protected":false},"excerpt":{"rendered":"<h4>&#8211; \u00dcr\u00fcn\u00fcm\u00fcz A Kalitedir.<\/h4>\n<p>El Bomber markas\u0131 alt\u0131nda, genel &#8220;Cyberpunk&#8221; konseptiyle birle\u015ftirilen \u00fc\u00e7 modern \u00fcr\u00fcn serisi \u00fcretilmektedir.<\/p>\n<p>D\u0131\u015f stil modelden modele de\u011fi\u015fir, ancak &#8220;gelece\u011fin&#8221; nesnelerinin stilinin unsurlar\u0131n\u0131 \u00f6z\u00fcnde izlenebilir.<\/p>\n<p>Modellerimiz, ideolojilerin ve tarzlar\u0131n parlak bir kar\u0131\u015f\u0131m\u0131d\u0131r.<\/p>\n<p>Modern d\u00fcnyan\u0131n ve geleneksel zanaatkarl\u0131\u011f\u0131n imkanlar\u0131yla en iyi \u00fcr\u00fcnleri \u00fcreten El Bomber \u00fcr\u00fcnlerini stoklar\u0131m\u0131zda.<\/p>\n<p>Kutu \u0130\u00e7eri\u011fi : Ser, \u015ei\u015fe, Tepsi, Silikon Hortum, Marpu\u00e7 Ba\u015fl\u0131\u011f\u0131 Full Set.<\/p>\n","protected":false},"featured_media":11526,"template":"","meta":[],"product_brand":[],"product_cat":[140,131,204],"product_tag":[],"class_list":{"0":"post-10928","1":"product","2":"type-product","3":"status-publish","4":"has-post-thumbnail","6":"product_cat-el-bomber","7":"product_cat-ithal-takimlar","8":"product_cat-takim","10":"first","11":"instock","12":"purchasable","13":"product-type-simple"},"jetpack_sharing_enabled":true,"_links":{"self":[{"href":"https:\/\/bahrinnargile.com\/index.php\/wp-json\/wp\/v2\/product\/10928","targetHints":{"allow":["GET"]}}],"collection":[{"href":"https:\/\/bahrinnargile.com\/index.php\/wp-json\/wp\/v2\/product"}],"about":[{"href":"https:\/\/bahrinnargile.com\/index.php\/wp-json\/wp\/v2\/types\/product"}],"version-history":[{"count":4,"href":"https:\/\/bahrinnargile.com\/index.php\/wp-json\/wp\/v2\/product\/10928\/revisions"}],"predecessor-version":[{"id":12615,"href":"https:\/\/bahrinnargile.com\/index.php\/wp-json\/wp\/v2\/product\/10928\/revisions\/12615"}],"wp:featuredmedia":[{"embeddable":true,"href":"https:\/\/bahrinnargile.com\/index.php\/wp-json\/wp\/v2\/media\/11526"}],"wp:attachment":[{"href":"https:\/\/bahrinnargile.com\/index.php\/wp-json\/wp\/v2\/media?parent=10928"}],"wp:term":[{"taxonomy":"product_brand","embeddable":true,"href":"https:\/\/bahrinnargile.com\/index.php\/wp-json\/wp\/v2\/product_brand?post=10928"},{"taxonomy":"product_cat","embeddable":true,"href":"https:\/\/bahrinnargile.com\/index.php\/wp-json\/wp\/v2\/product_cat?post=10928"},{"taxonomy":"product_tag","embeddable":true,"href":"https:\/\/bahrinnargile.com\/index.php\/wp-json\/wp\/v2\/product_tag?post=10928"}],"curies":[{"name":"wp","href":"https:\/\/api.w.org\/{rel}","templated":true}]}}