{"id":10931,"date":"2025-12-26T12:25:19","date_gmt":"2025-12-26T12:25:19","guid":{"rendered":"https:\/\/bahrinnargile.com\/?post_type=product&#038;p=10931"},"modified":"2026-04-10T11:10:40","modified_gmt":"2026-04-10T11:10:40","slug":"elbomber-igla-aztek","status":"publish","type":"product","link":"https:\/\/bahrinnargile.com\/index.php\/urun\/elbomber-igla-aztek\/","title":{"rendered":"El Bomber Igla Aztek"},"content":{"rendered":"","protected":false},"excerpt":{"rendered":"<h4>&#8211; \u00dcr\u00fcn\u00fcm\u00fcz A Kalitedir.<\/h4>\n<h5>\u00d6zellikler<\/h5>\n<ul class=\"unordered-list\">\n<li>Mil y\u00fcksekli\u011fi montaj\u0131: 440mm<\/li>\n<li>\u015eaft\u0131n i\u00e7 \u00e7ap\u0131 \u201411 mm<\/li>\n<li>Tabak \u00e7ap\u0131 \u2014 210 mm<\/li>\n<li>Kullan\u0131lan minimum \u015fi\u015fe derinli\u011fi\u2014 250 mm<\/li>\n<\/ul>\n<p><strong>Kullan\u0131m kolayl\u0131\u011f\u0131<\/strong><\/p>\n<p>Model neredeyse ayr\u0131lamaz, bu da montaj ve s\u00f6kme kolayl\u0131\u011f\u0131 anlam\u0131na gelir. Kase i\u00e7in bir koni ve \u015faft\u0131n dif\u00fcz\u00f6rl\u00fc dalg\u0131\u00e7 bir k\u0131sm\u0131 ideal di\u015fli ba\u011flant\u0131lara tutturulmu\u015ftur.<\/p>\n<h5>Malzemeler<\/h5>\n<p>Benimki, a\u011f\u0131zl\u0131k, tabak, taba\u011f\u0131n alt\u0131ndaki y\u0131kay\u0131c\u0131,<br \/>\ndif\u00fcz\u00f6r, hortum konekt\u00f6r\u00fc<br \/>\nve kase konekt\u00f6r\u00fc paslanmaz \u00e7elikten imal edilmi\u015ftir<br \/>\naisi 304 \u00e7elik.<br \/>\nBaz, tasarlanm\u0131\u015f polimerden yap\u0131lm\u0131\u015ft\u0131r<\/p>\n","protected":false},"featured_media":11522,"template":"","meta":[],"product_brand":[],"product_cat":[140,131,204],"product_tag":[],"class_list":{"0":"post-10931","1":"product","2":"type-product","3":"status-publish","4":"has-post-thumbnail","6":"product_cat-el-bomber","7":"product_cat-ithal-takimlar","8":"product_cat-takim","10":"first","11":"instock","12":"purchasable","13":"product-type-simple"},"jetpack_sharing_enabled":true,"_links":{"self":[{"href":"https:\/\/bahrinnargile.com\/index.php\/wp-json\/wp\/v2\/product\/10931","targetHints":{"allow":["GET"]}}],"collection":[{"href":"https:\/\/bahrinnargile.com\/index.php\/wp-json\/wp\/v2\/product"}],"about":[{"href":"https:\/\/bahrinnargile.com\/index.php\/wp-json\/wp\/v2\/types\/product"}],"version-history":[{"count":5,"href":"https:\/\/bahrinnargile.com\/index.php\/wp-json\/wp\/v2\/product\/10931\/revisions"}],"predecessor-version":[{"id":12616,"href":"https:\/\/bahrinnargile.com\/index.php\/wp-json\/wp\/v2\/product\/10931\/revisions\/12616"}],"wp:featuredmedia":[{"embeddable":true,"href":"https:\/\/bahrinnargile.com\/index.php\/wp-json\/wp\/v2\/media\/11522"}],"wp:attachment":[{"href":"https:\/\/bahrinnargile.com\/index.php\/wp-json\/wp\/v2\/media?parent=10931"}],"wp:term":[{"taxonomy":"product_brand","embeddable":true,"href":"https:\/\/bahrinnargile.com\/index.php\/wp-json\/wp\/v2\/product_brand?post=10931"},{"taxonomy":"product_cat","embeddable":true,"href":"https:\/\/bahrinnargile.com\/index.php\/wp-json\/wp\/v2\/product_cat?post=10931"},{"taxonomy":"product_tag","embeddable":true,"href":"https:\/\/bahrinnargile.com\/index.php\/wp-json\/wp\/v2\/product_tag?post=10931"}],"curies":[{"name":"wp","href":"https:\/\/api.w.org\/{rel}","templated":true}]}}