{"id":10934,"date":"2025-12-26T12:26:42","date_gmt":"2025-12-26T12:26:42","guid":{"rendered":"https:\/\/bahrinnargile.com\/?post_type=product&#038;p=10934"},"modified":"2026-04-10T11:11:05","modified_gmt":"2026-04-10T11:11:05","slug":"elbomber-sansara","status":"publish","type":"product","link":"https:\/\/bahrinnargile.com\/index.php\/urun\/elbomber-sansara\/","title":{"rendered":"El Bomber Sansara"},"content":{"rendered":"","protected":false},"excerpt":{"rendered":"<h4>&#8211; \u00dcr\u00fcn\u00fcm\u00fcz A Kalitedir.<\/h4>\n<h5>\u00d6zellikler<\/h5>\n<ul class=\"unordered-list\">\n<li>Marpuch uzunlu\u011fu: 495 mm<\/li>\n<li>Mil y\u00fcksekli\u011fi montaj\u0131: 660mm<\/li>\n<li>2 daire (ana ve oymal\u0131): 195 mm<\/li>\n<\/ul>\n<p><strong>Kullan\u0131m kolayl\u0131\u011f\u0131<\/strong><\/p>\n<p>Model tamamen katlanabilir. Kompaktl\u0131k ve y\u0131kama kolayl\u0131\u011f\u0131 i\u00e7in \u2013 \u015faft\u0131n orta k\u0131sm\u0131 katlanabilir.<\/p>\n<p>\u0130ki kompozit daire paslanmaz \u00e7elikten yap\u0131lm\u0131\u015ft\u0131r. B\u00fct\u00fcn nargilenin stilini ve esteti\u011fini kusursuz bir \u015fekilde tekrarlayarak b\u00fct\u00fcnsel ve estetik bir g\u00f6r\u00fcnt\u00fc olu\u015ftururlar.<\/p>\n<h5>Malzemeler<\/h5>\n<p>AISI paslanmaz \u00e7elik<\/p>\n<p>304 ve y\u00fcksek kaliteli poliasetal. \u015eaft\u0131n ve marpuchun i\u00e7 k\u0131s\u0131mlar\u0131 paslanmaz \u00e7elikten imal edilmi\u015ftir.<\/p>\n<p>Al\u00fcminyumdan yap\u0131lm\u0131\u015f d\u0131\u015f elemanlar. Sarma ipli\u011fi \u2014 mumlu kordon. Toz boyama.<\/p>\n","protected":false},"featured_media":11517,"template":"","meta":[],"product_brand":[],"product_cat":[140,131,204],"product_tag":[],"class_list":{"0":"post-10934","1":"product","2":"type-product","3":"status-publish","4":"has-post-thumbnail","6":"product_cat-el-bomber","7":"product_cat-ithal-takimlar","8":"product_cat-takim","10":"first","11":"instock","12":"purchasable","13":"product-type-simple"},"jetpack_sharing_enabled":true,"_links":{"self":[{"href":"https:\/\/bahrinnargile.com\/index.php\/wp-json\/wp\/v2\/product\/10934","targetHints":{"allow":["GET"]}}],"collection":[{"href":"https:\/\/bahrinnargile.com\/index.php\/wp-json\/wp\/v2\/product"}],"about":[{"href":"https:\/\/bahrinnargile.com\/index.php\/wp-json\/wp\/v2\/types\/product"}],"version-history":[{"count":5,"href":"https:\/\/bahrinnargile.com\/index.php\/wp-json\/wp\/v2\/product\/10934\/revisions"}],"predecessor-version":[{"id":12617,"href":"https:\/\/bahrinnargile.com\/index.php\/wp-json\/wp\/v2\/product\/10934\/revisions\/12617"}],"wp:featuredmedia":[{"embeddable":true,"href":"https:\/\/bahrinnargile.com\/index.php\/wp-json\/wp\/v2\/media\/11517"}],"wp:attachment":[{"href":"https:\/\/bahrinnargile.com\/index.php\/wp-json\/wp\/v2\/media?parent=10934"}],"wp:term":[{"taxonomy":"product_brand","embeddable":true,"href":"https:\/\/bahrinnargile.com\/index.php\/wp-json\/wp\/v2\/product_brand?post=10934"},{"taxonomy":"product_cat","embeddable":true,"href":"https:\/\/bahrinnargile.com\/index.php\/wp-json\/wp\/v2\/product_cat?post=10934"},{"taxonomy":"product_tag","embeddable":true,"href":"https:\/\/bahrinnargile.com\/index.php\/wp-json\/wp\/v2\/product_tag?post=10934"}],"curies":[{"name":"wp","href":"https:\/\/api.w.org\/{rel}","templated":true}]}}