{"id":10940,"date":"2025-12-26T12:29:24","date_gmt":"2025-12-26T12:29:24","guid":{"rendered":"https:\/\/bahrinnargile.com\/?post_type=product&#038;p=10940"},"modified":"2026-04-10T11:11:53","modified_gmt":"2026-04-10T11:11:53","slug":"elbomber-dj","status":"publish","type":"product","link":"https:\/\/bahrinnargile.com\/index.php\/urun\/elbomber-dj\/","title":{"rendered":"El Bomber DJ"},"content":{"rendered":"","protected":false},"excerpt":{"rendered":"<h4>&#8211; \u00dcr\u00fcn\u00fcm\u00fcz A Kalitedir.<\/h4>\n<h5>\u00d6zellikler<\/h5>\n<ul class=\"unordered-list\">\n<li>\u015eaft y\u00fcksekli\u011fi monte edilmi\u015f \u2014 480 mm<\/li>\n<li>\u015eaft\u0131n i\u00e7 \u00e7ap\u0131 \u2014 11 mm<\/li>\n<li>\u00a0Tabak \u00e7ap\u0131 \u2014 180 mm<\/li>\n<li>Silikon komplemanl\u0131 daire \u2014 195 mm<\/li>\n<li>Kullan\u0131lan minimum \u015fi\u015fe derinli\u011fi\u2014 250 mm<\/li>\n<\/ul>\n<p><strong>Kullan\u0131m kolayl\u0131\u011f\u0131<\/strong><\/p>\n<p>Model tamamen katlanabilir. Kompaktl\u0131k ve y\u0131kama kolayl\u0131\u011f\u0131 i\u00e7in \u2013 \u015faft\u0131n orta k\u0131sm\u0131 katlanabilir.<\/p>\n<p>Tabak paslanmaz \u00e7elikten imal edilmi\u015ftir, bile\u015fenler \u0131s\u0131ya dayan\u0131kl\u0131 silikon dekor ile tamamlanm\u0131\u015ft\u0131r. Bir DJ uzaktan kumandas\u0131n\u0131n tarz\u0131n\u0131 takip eder ve y\u00fcksek s\u0131cakl\u0131klarla k\u0131sa s\u00fcreli\u011fine etkile\u015fime girebilir.<\/p>\n<p>Silikon par\u00e7an\u0131n g\u00f6r\u00fcn\u00fcm\u00fcn\u00fc korumak i\u00e7in, eleman\u0131n \u0131s\u0131 ile etkile\u015fiminden ka\u00e7\u0131nman\u0131z\u0131 \u00f6neririz. Tabak \u00fczerindeki \u00e7al\u0131\u015fma alan\u0131n\u0131n boyutu, k\u00f6m\u00fcrle \u00e7al\u0131\u015fmak i\u00e7in daha stabil bir kaplama sa\u011flar.<\/p>\n<h5>Malzemeler<\/h5>\n<p>\u015eaft, a\u011f\u0131zl\u0131k, daire, daire y\u0131kay\u0131c\u0131, dif\u00fcz\u00f6r, hortum konekt\u00f6r\u00fc ve kase konekt\u00f6r\u00fc Aisi 304 paslanmaz \u00e7elikten imal edilmi\u015ftir.<\/p>\n<p>Baz, tasarlanm\u0131\u015f polimerden yap\u0131lm\u0131\u015ft\u0131r.<\/p>\n","protected":false},"featured_media":11509,"template":"","meta":[],"product_brand":[],"product_cat":[140,131,204],"product_tag":[],"class_list":{"0":"post-10940","1":"product","2":"type-product","3":"status-publish","4":"has-post-thumbnail","6":"product_cat-el-bomber","7":"product_cat-ithal-takimlar","8":"product_cat-takim","10":"first","11":"instock","12":"purchasable","13":"product-type-simple"},"jetpack_sharing_enabled":true,"_links":{"self":[{"href":"https:\/\/bahrinnargile.com\/index.php\/wp-json\/wp\/v2\/product\/10940","targetHints":{"allow":["GET"]}}],"collection":[{"href":"https:\/\/bahrinnargile.com\/index.php\/wp-json\/wp\/v2\/product"}],"about":[{"href":"https:\/\/bahrinnargile.com\/index.php\/wp-json\/wp\/v2\/types\/product"}],"version-history":[{"count":5,"href":"https:\/\/bahrinnargile.com\/index.php\/wp-json\/wp\/v2\/product\/10940\/revisions"}],"predecessor-version":[{"id":12619,"href":"https:\/\/bahrinnargile.com\/index.php\/wp-json\/wp\/v2\/product\/10940\/revisions\/12619"}],"wp:featuredmedia":[{"embeddable":true,"href":"https:\/\/bahrinnargile.com\/index.php\/wp-json\/wp\/v2\/media\/11509"}],"wp:attachment":[{"href":"https:\/\/bahrinnargile.com\/index.php\/wp-json\/wp\/v2\/media?parent=10940"}],"wp:term":[{"taxonomy":"product_brand","embeddable":true,"href":"https:\/\/bahrinnargile.com\/index.php\/wp-json\/wp\/v2\/product_brand?post=10940"},{"taxonomy":"product_cat","embeddable":true,"href":"https:\/\/bahrinnargile.com\/index.php\/wp-json\/wp\/v2\/product_cat?post=10940"},{"taxonomy":"product_tag","embeddable":true,"href":"https:\/\/bahrinnargile.com\/index.php\/wp-json\/wp\/v2\/product_tag?post=10940"}],"curies":[{"name":"wp","href":"https:\/\/api.w.org\/{rel}","templated":true}]}}