{"id":10943,"date":"2025-12-26T12:31:06","date_gmt":"2025-12-26T12:31:06","guid":{"rendered":"https:\/\/bahrinnargile.com\/?post_type=product&#038;p=10943"},"modified":"2026-04-10T11:12:16","modified_gmt":"2026-04-10T11:12:16","slug":"runner-takim","status":"publish","type":"product","link":"https:\/\/bahrinnargile.com\/index.php\/urun\/runner-takim\/","title":{"rendered":"Maklaud Runner D-Dao Nargile Tak\u0131m\u0131"},"content":{"rendered":"","protected":false},"excerpt":{"rendered":"<h4>&#8211; \u00dcr\u00fcn\u00fcm\u00fcz A Kalitedir.<\/h4>\n<h5>Maklaud Runner D-Dao Nargile<\/h5>\n<p>Maklaud Runner D &#8211; Dao nargile tak\u0131m\u0131 birinci s\u0131n\u0131f kaliteli tasar\u0131m ve performans sunan nargile tak\u0131m\u0131d\u0131r. Maklaud Runner D-Dao yenilik\u00e7i g\u00f6r\u00fcn\u00fcm\u00fc ile ola\u011fan\u00fcst\u00fc performansla birle\u015ftirecek \u015fekilde tasarlanm\u0131\u015ft\u0131r. Rusya&#8217;da \u00fcretilen Maklaud Runner D &#8211; Dao birinci s\u0131n\u0131f bir nargiledir. Maklaud Runner D &#8211; Dao nargile, paslanmaz \u00e7elik haznesi ve etkileyici bir g\u00f6rsel efekt yaratan benzersiz duman tahliye \u00e7\u0131k\u0131\u015f sistemi gibi modern esteti\u011fiyle \u00f6ne \u00e7\u0131kmaktad\u0131r. Se\u00e7kin nargile severler i\u00e7in y\u00fcksek kaliteli bir nargile i\u00e7im deneyimi sunmaktad\u0131r. G\u00f6vde boyu 48 cm olan Maklaud nargilenin i\u00e7 borular\u0131 ve tepsisi y\u00fcksek kaliteli paslanmaz \u00e7elik, di\u011fer par\u00e7alar\u0131 eloksall\u0131 al\u00fcminyum ve y\u00fcksek kaliteli polimerden \u00fcretilmi\u015ftir.<\/p>\n<h5>Maklaud Runner D-Dao Nargile Par\u00e7alar\u0131 :<\/h5>\n<p>Maklaud Runner D &#8211; Dao g\u00f6vde<\/p>\n<p>\u00c7elik i\u00e7 borular, difiz\u00f6r ve tepsi<\/p>\n<p>G\u00f6vde desenli \u00e7elik marpu\u00e7 ba\u015fl\u0131\u011f\u0131<\/p>\n<p>Softtouch silikon hortum<\/p>\n","protected":false},"featured_media":11754,"template":"","meta":[],"product_brand":[],"product_cat":[131,204],"product_tag":[],"class_list":{"0":"post-10943","1":"product","2":"type-product","3":"status-publish","4":"has-post-thumbnail","6":"product_cat-ithal-takimlar","7":"product_cat-takim","9":"first","10":"instock","11":"purchasable","12":"product-type-simple"},"jetpack_sharing_enabled":true,"_links":{"self":[{"href":"https:\/\/bahrinnargile.com\/index.php\/wp-json\/wp\/v2\/product\/10943","targetHints":{"allow":["GET"]}}],"collection":[{"href":"https:\/\/bahrinnargile.com\/index.php\/wp-json\/wp\/v2\/product"}],"about":[{"href":"https:\/\/bahrinnargile.com\/index.php\/wp-json\/wp\/v2\/types\/product"}],"version-history":[{"count":6,"href":"https:\/\/bahrinnargile.com\/index.php\/wp-json\/wp\/v2\/product\/10943\/revisions"}],"predecessor-version":[{"id":12620,"href":"https:\/\/bahrinnargile.com\/index.php\/wp-json\/wp\/v2\/product\/10943\/revisions\/12620"}],"wp:featuredmedia":[{"embeddable":true,"href":"https:\/\/bahrinnargile.com\/index.php\/wp-json\/wp\/v2\/media\/11754"}],"wp:attachment":[{"href":"https:\/\/bahrinnargile.com\/index.php\/wp-json\/wp\/v2\/media?parent=10943"}],"wp:term":[{"taxonomy":"product_brand","embeddable":true,"href":"https:\/\/bahrinnargile.com\/index.php\/wp-json\/wp\/v2\/product_brand?post=10943"},{"taxonomy":"product_cat","embeddable":true,"href":"https:\/\/bahrinnargile.com\/index.php\/wp-json\/wp\/v2\/product_cat?post=10943"},{"taxonomy":"product_tag","embeddable":true,"href":"https:\/\/bahrinnargile.com\/index.php\/wp-json\/wp\/v2\/product_tag?post=10943"}],"curies":[{"name":"wp","href":"https:\/\/api.w.org\/{rel}","templated":true}]}}