{"id":10946,"date":"2025-12-26T12:32:51","date_gmt":"2025-12-26T12:32:51","guid":{"rendered":"https:\/\/bahrinnargile.com\/?post_type=product&#038;p=10946"},"modified":"2026-04-10T11:13:03","modified_gmt":"2026-04-10T11:13:03","slug":"elbomber-hookah-place-takim","status":"publish","type":"product","link":"https:\/\/bahrinnargile.com\/index.php\/urun\/elbomber-hookah-place-takim\/","title":{"rendered":"El Bomber Hookah Place Tak\u0131m"},"content":{"rendered":"","protected":false},"excerpt":{"rendered":"<h4>&#8211; \u00dcr\u00fcn\u00fcm\u00fcz A Kalitedir.<\/h4>\n<p>El Bomber Hookah Place Nargile Tak\u0131m\u0131, motor sporlar\u0131ndan ilham al\u0131narak tasarlanm\u0131\u015f, fonksiyonel bir prem\u0131um nargile tak\u0131m\u0131d\u0131r. Rusya men\u015fei El Bomber markas\u0131 taraf\u0131ndan \u00fcretilen bu model, \u00f6zellikle egzoz bi\u00e7imli tahliye sistemi ve modern tasar\u0131m\u0131yla kendinden olduk\u00e7a s\u00f6z ettirmi\u015ftir.<\/p>\n<p><strong>\u00d6ne \u00c7\u0131kan Ba\u015fl\u0131ca \u00d6zellikleri<br \/>\n*Malzeme :<\/strong>\u00a0Paslanmaz \u00e7elik g\u00f6vde\u00a0<strong><br \/>\n*Performans :<\/strong>\u00a0Geni\u015f haznesi ve \u00f6zel olarak tasarlanan yap\u0131s\u0131yla yo\u011fun duman \u00e7\u0131k\u0131\u015f\u0131 sa\u011flar.<strong><br \/>\n*Tahliye Sistemi :<\/strong>\u00a0Egzoz bi\u00e7imli, motor sporlar\u0131n\u0131 yans\u0131tan e\u015fsiz bir tasar\u0131m.<\/p>\n","protected":false},"featured_media":11505,"template":"","meta":[],"product_brand":[],"product_cat":[140,131,204],"product_tag":[],"class_list":{"0":"post-10946","1":"product","2":"type-product","3":"status-publish","4":"has-post-thumbnail","6":"product_cat-el-bomber","7":"product_cat-ithal-takimlar","8":"product_cat-takim","10":"first","11":"instock","12":"purchasable","13":"product-type-simple"},"jetpack_sharing_enabled":true,"_links":{"self":[{"href":"https:\/\/bahrinnargile.com\/index.php\/wp-json\/wp\/v2\/product\/10946","targetHints":{"allow":["GET"]}}],"collection":[{"href":"https:\/\/bahrinnargile.com\/index.php\/wp-json\/wp\/v2\/product"}],"about":[{"href":"https:\/\/bahrinnargile.com\/index.php\/wp-json\/wp\/v2\/types\/product"}],"version-history":[{"count":4,"href":"https:\/\/bahrinnargile.com\/index.php\/wp-json\/wp\/v2\/product\/10946\/revisions"}],"predecessor-version":[{"id":12621,"href":"https:\/\/bahrinnargile.com\/index.php\/wp-json\/wp\/v2\/product\/10946\/revisions\/12621"}],"wp:featuredmedia":[{"embeddable":true,"href":"https:\/\/bahrinnargile.com\/index.php\/wp-json\/wp\/v2\/media\/11505"}],"wp:attachment":[{"href":"https:\/\/bahrinnargile.com\/index.php\/wp-json\/wp\/v2\/media?parent=10946"}],"wp:term":[{"taxonomy":"product_brand","embeddable":true,"href":"https:\/\/bahrinnargile.com\/index.php\/wp-json\/wp\/v2\/product_brand?post=10946"},{"taxonomy":"product_cat","embeddable":true,"href":"https:\/\/bahrinnargile.com\/index.php\/wp-json\/wp\/v2\/product_cat?post=10946"},{"taxonomy":"product_tag","embeddable":true,"href":"https:\/\/bahrinnargile.com\/index.php\/wp-json\/wp\/v2\/product_tag?post=10946"}],"curies":[{"name":"wp","href":"https:\/\/api.w.org\/{rel}","templated":true}]}}