{"id":10949,"date":"2025-12-26T12:34:25","date_gmt":"2025-12-26T12:34:25","guid":{"rendered":"https:\/\/bahrinnargile.com\/?post_type=product&#038;p=10949"},"modified":"2026-04-10T11:13:29","modified_gmt":"2026-04-10T11:13:29","slug":"elbomber-apocalypse-takim","status":"publish","type":"product","link":"https:\/\/bahrinnargile.com\/index.php\/urun\/elbomber-apocalypse-takim\/","title":{"rendered":"El Bomber Apocalypse Tak\u0131m"},"content":{"rendered":"","protected":false},"excerpt":{"rendered":"<h4>&#8211; \u00dcr\u00fcn\u00fcm\u00fcz A Kalitedir.<\/h4>\n<h5>\u00d6zellikler<\/h5>\n<ul class=\"unordered-list\">\n<li>Marpuch&#8217;un uzunlu\u011fu: 470 mm<\/li>\n<li>\u00a0\u015eaft\u0131n i\u00e7 \u00e7ap\u0131 \u2014 11 mm<\/li>\n<li>\u00a0Tabak \u00e7ap\u0131 \u2014 190 mm<\/li>\n<li>Kullan\u0131lan minimum \u015fi\u015fe derinli\u011fi\u2014 250 mm<\/li>\n<\/ul>\n<p><strong>Kullan\u0131m kolayl\u0131\u011f\u0131<\/strong><\/p>\n<p>Model tamamen katlanabilir. Kompaktl\u0131k ve y\u0131kama kolayl\u0131\u011f\u0131 i\u00e7in \u2013 \u015faft\u0131n orta k\u0131sm\u0131 katlanabilir.<\/p>\n<div id=\"careContainer\" class=\"wd-negative-gap elementor-element elementor-element-4ad39de4 wd-section-stretch e-flex e-con-boxed e-con e-parent e-lazyloaded\" data-id=\"4ad39de4\" data-element_type=\"container\" data-settings=\"{&quot;background_background&quot;:&quot;classic&quot;}\">\n<div class=\"e-con-inner\">\n<div class=\"elementor-element elementor-element-4b6780d8 wd-single-tabs wd-width-100 elementor-widget elementor-widget-wd_single_product_tabs\" data-id=\"4b6780d8\" data-element_type=\"widget\" data-widget_type=\"wd_single_product_tabs.default\">\n<div class=\"elementor-widget-container\">\n<div class=\"woocommerce-tabs wc-tabs-wrapper wd-opener-pos-right tabs-layout-tabs wd-opener-style-arrow\" data-state=\"first\" data-layout=\"tabs\">\n<div class=\"wd-accordion-item\">\n<div id=\"tab-description\" class=\"woocommerce-Tabs-panel panel entry-content wc-tab woocommerce-Tabs-panel--description wd-active color-scheme-light\" role=\"tabpanel\" aria-labelledby=\"tab-title-description\" data-accordion-index=\"description\">\n<div class=\"elementor elementor-27795\" data-elementor-type=\"wp-post\" data-elementor-id=\"27795\">\n<div class=\"wd-negative-gap elementor-element elementor-element-997cfae e-flex e-con-boxed e-con e-parent e-lazyloaded\" data-id=\"997cfae\" data-element_type=\"container\">\n<div class=\"e-con-inner\">\n<div class=\"elementor-element elementor-element-6ef8290 e-con-full e-flex e-con e-child\" data-id=\"6ef8290\" data-element_type=\"container\">\n<div class=\"elementor-element elementor-element-b39b441 elementor-widget elementor-widget-wd_text_block\" data-id=\"b39b441\" data-element_type=\"widget\" data-widget_type=\"wd_text_block.default\">\n<div class=\"elementor-widget-container\">\n<div class=\"wd-text-block reset-last-child text-left\">\n<h5>Malzemeler<\/h5>\n<p>\u015eaft, a\u011f\u0131zl\u0131k, daire, daire y\u0131kay\u0131c\u0131, dif\u00fcz\u00f6r, hortum konekt\u00f6r\u00fc ve kase konekt\u00f6r\u00fc Aisi 304 paslanmaz \u00e7elikten imal edilmi\u015ftir.<\/p>\n<p>Baz, tasarlanm\u0131\u015f polimerden yap\u0131lm\u0131\u015ft\u0131r.<\/p>\n<\/div>\n<\/div>\n<\/div>\n<\/div>\n<\/div>\n<\/div>\n<\/div>\n<\/div>\n<\/div>\n<div class=\"wd-accordion-item\"><\/div>\n<div class=\"wd-accordion-item\"><\/div>\n<\/div>\n<\/div>\n<\/div>\n<\/div>\n<\/div>\n<div class=\"wd-negative-gap elementor-element elementor-element-4026c03f wd-section-stretch elementor-hidden-mobile e-flex e-con-boxed e-con e-parent e-lazyloaded\" data-id=\"4026c03f\" data-element_type=\"container\" data-settings=\"{&quot;background_background&quot;:&quot;classic&quot;}\">\n<div class=\"e-con-inner\">\n<div class=\"elementor-element elementor-element-7fc1742e wd-width-100 elementor-widget elementor-widget-wd_title\" data-id=\"7fc1742e\" data-element_type=\"widget\" data-widget_type=\"wd_title.default\">\n<div class=\"elementor-widget-container\">\n<div class=\"title-wrapper wd-set-mb reset-last-child wd-title-color-primary wd-title-style-simple wd-title-size-default text-center\"><\/div>\n<\/div>\n<\/div>\n<\/div>\n<\/div>\n<p>&nbsp;<\/p>\n","protected":false},"featured_media":11501,"template":"","meta":[],"product_brand":[],"product_cat":[140,131,204],"product_tag":[],"class_list":{"0":"post-10949","1":"product","2":"type-product","3":"status-publish","4":"has-post-thumbnail","6":"product_cat-el-bomber","7":"product_cat-ithal-takimlar","8":"product_cat-takim","10":"first","11":"instock","12":"purchasable","13":"product-type-simple"},"jetpack_sharing_enabled":true,"_links":{"self":[{"href":"https:\/\/bahrinnargile.com\/index.php\/wp-json\/wp\/v2\/product\/10949","targetHints":{"allow":["GET"]}}],"collection":[{"href":"https:\/\/bahrinnargile.com\/index.php\/wp-json\/wp\/v2\/product"}],"about":[{"href":"https:\/\/bahrinnargile.com\/index.php\/wp-json\/wp\/v2\/types\/product"}],"version-history":[{"count":6,"href":"https:\/\/bahrinnargile.com\/index.php\/wp-json\/wp\/v2\/product\/10949\/revisions"}],"predecessor-version":[{"id":12622,"href":"https:\/\/bahrinnargile.com\/index.php\/wp-json\/wp\/v2\/product\/10949\/revisions\/12622"}],"wp:featuredmedia":[{"embeddable":true,"href":"https:\/\/bahrinnargile.com\/index.php\/wp-json\/wp\/v2\/media\/11501"}],"wp:attachment":[{"href":"https:\/\/bahrinnargile.com\/index.php\/wp-json\/wp\/v2\/media?parent=10949"}],"wp:term":[{"taxonomy":"product_brand","embeddable":true,"href":"https:\/\/bahrinnargile.com\/index.php\/wp-json\/wp\/v2\/product_brand?post=10949"},{"taxonomy":"product_cat","embeddable":true,"href":"https:\/\/bahrinnargile.com\/index.php\/wp-json\/wp\/v2\/product_cat?post=10949"},{"taxonomy":"product_tag","embeddable":true,"href":"https:\/\/bahrinnargile.com\/index.php\/wp-json\/wp\/v2\/product_tag?post=10949"}],"curies":[{"name":"wp","href":"https:\/\/api.w.org\/{rel}","templated":true}]}}