{"id":10952,"date":"2025-12-26T12:36:58","date_gmt":"2025-12-26T12:36:58","guid":{"rendered":"https:\/\/bahrinnargile.com\/?post_type=product&#038;p=10952"},"modified":"2026-04-10T11:13:46","modified_gmt":"2026-04-10T11:13:46","slug":"alpha-s-takim","status":"publish","type":"product","link":"https:\/\/bahrinnargile.com\/index.php\/urun\/alpha-s-takim\/","title":{"rendered":"Alpha Hookah S Nargile Tak\u0131m\u0131"},"content":{"rendered":"","protected":false},"excerpt":{"rendered":"<h4>&#8211; \u00dcr\u00fcn\u00fcm\u00fcz A Kalitedir.<\/h4>\n<p><strong>Kullan\u0131lan malzemeler:<\/strong><\/p>\n<ul>\n<li>Paslanmaz \u00e7elik (\u015faft\u0131n dalg\u0131\u00e7 k\u0131sm\u0131, iskelet, kase konekt\u00f6r\u00fc, tabak, \u00e7\u0131kar\u0131labilir dif\u00fcz\u00f6r, a\u011f\u0131zl\u0131k burun)<\/li>\n<li>Eloksall\u0131 al\u00fcminyum (levha, a\u011f\u0131zl\u0131k)<\/li>\n<li>Poliasetal (may\u0131n taban\u0131, manyetik konekt\u00f6r)<\/li>\n<\/ul>\n<p><strong>Boyutlar:<\/strong><\/p>\n<ul>\n<li>Dalg\u0131\u00e7 \u015faft\u0131n i\u00e7 \u00e7ap\u0131 \u2013 14 mm.<\/li>\n<li>\u0130skeletin i\u00e7 \u00e7ap\u0131 13 mm&#8217;dir.<\/li>\n<li>Tabak \u00e7ap\u0131 \u2013 18 cm.<\/li>\n<li>Model S \u015faft\u0131n\u0131n \u015fi\u015fesiz y\u00fcksekli\u011fi 43 cm&#8217;dir.<\/li>\n<li>\u015ei\u015feli Model S \u015faft\u0131n\u0131n y\u00fcksekli\u011fi \u2013 49 cm.<\/li>\n<\/ul>\n","protected":false},"featured_media":11556,"template":"","meta":[],"product_brand":[],"product_cat":[139,131,204],"product_tag":[],"class_list":{"0":"post-10952","1":"product","2":"type-product","3":"status-publish","4":"has-post-thumbnail","6":"product_cat-alpha","7":"product_cat-ithal-takimlar","8":"product_cat-takim","10":"first","11":"instock","12":"purchasable","13":"product-type-simple"},"jetpack_sharing_enabled":true,"_links":{"self":[{"href":"https:\/\/bahrinnargile.com\/index.php\/wp-json\/wp\/v2\/product\/10952","targetHints":{"allow":["GET"]}}],"collection":[{"href":"https:\/\/bahrinnargile.com\/index.php\/wp-json\/wp\/v2\/product"}],"about":[{"href":"https:\/\/bahrinnargile.com\/index.php\/wp-json\/wp\/v2\/types\/product"}],"version-history":[{"count":7,"href":"https:\/\/bahrinnargile.com\/index.php\/wp-json\/wp\/v2\/product\/10952\/revisions"}],"predecessor-version":[{"id":12623,"href":"https:\/\/bahrinnargile.com\/index.php\/wp-json\/wp\/v2\/product\/10952\/revisions\/12623"}],"wp:featuredmedia":[{"embeddable":true,"href":"https:\/\/bahrinnargile.com\/index.php\/wp-json\/wp\/v2\/media\/11556"}],"wp:attachment":[{"href":"https:\/\/bahrinnargile.com\/index.php\/wp-json\/wp\/v2\/media?parent=10952"}],"wp:term":[{"taxonomy":"product_brand","embeddable":true,"href":"https:\/\/bahrinnargile.com\/index.php\/wp-json\/wp\/v2\/product_brand?post=10952"},{"taxonomy":"product_cat","embeddable":true,"href":"https:\/\/bahrinnargile.com\/index.php\/wp-json\/wp\/v2\/product_cat?post=10952"},{"taxonomy":"product_tag","embeddable":true,"href":"https:\/\/bahrinnargile.com\/index.php\/wp-json\/wp\/v2\/product_tag?post=10952"}],"curies":[{"name":"wp","href":"https:\/\/api.w.org\/{rel}","templated":true}]}}