{"id":10964,"date":"2025-12-26T20:12:59","date_gmt":"2025-12-26T20:12:59","guid":{"rendered":"https:\/\/bahrinnargile.com\/?post_type=product&#038;p=10964"},"modified":"2026-04-10T11:16:11","modified_gmt":"2026-04-10T11:16:11","slug":"alpha-oro-takim","status":"publish","type":"product","link":"https:\/\/bahrinnargile.com\/index.php\/urun\/alpha-oro-takim\/","title":{"rendered":"Alpha Hookah Oro Nargile Tak\u0131m\u0131"},"content":{"rendered":"","protected":false},"excerpt":{"rendered":"<h4>&#8211; \u00dcr\u00fcn\u00fcm\u00fcz A Kalitedir.<\/h4>\n<p><b>Kullan\u0131lan malzemeler:<\/b><\/p>\n<ul>\n<li>Paslanmaz \u00e7elik (dalg\u0131\u00e7 \u015faft par\u00e7as\u0131, iskelet, merkezi astar par\u00e7as\u0131, melas tuza\u011f\u0131, tabak, a\u011f\u0131zl\u0131k t\u00fcp\u00fc, a\u011f\u0131zl\u0131k a\u011fz\u0131, a\u011f\u0131zl\u0131k kuyru\u011fu, dekoratif sap eki, temizleme a\u011f\u0131, taban kovan\u0131, dekoratif taban elemanlar\u0131, manyetik konekt\u00f6r, ALPHA STORM, dif\u00fcz\u00f6r)<\/li>\n<li>Eloksall\u0131 al\u00fcminyum (taban, astar ba\u011flant\u0131 elemanlar\u0131, a\u011f\u0131zl\u0131k sap\u0131)<\/li>\n<li>Poliasetal (astar\u0131n tabanda ortalanmas\u0131 i\u00e7in montaj man\u015fonu, STORM&#8217;da tahliye vanas\u0131 sistemi)<\/li>\n<\/ul>\n<p><b>Boyutlar:<\/b><\/p>\n<ul>\n<li>Dalg\u0131\u00e7 \u015faft\u0131n i\u00e7 \u00e7ap\u0131 \u2013 14 mm.<\/li>\n<li>May\u0131n iskeletinin i\u00e7 \u00e7ap\u0131 13 mm&#8217;dir.<\/li>\n<li>Tabak \u00e7ap\u0131 \u2013 20 cm.<\/li>\n<li>\u015ei\u015fe olmadan monte edilen ORO milinin y\u00fcksekli\u011fi 53,5 cm&#8217;dir.<\/li>\n<\/ul>\n","protected":false},"featured_media":11543,"template":"","meta":[],"product_brand":[],"product_cat":[139,131,204],"product_tag":[],"class_list":{"0":"post-10964","1":"product","2":"type-product","3":"status-publish","4":"has-post-thumbnail","6":"product_cat-alpha","7":"product_cat-ithal-takimlar","8":"product_cat-takim","10":"first","11":"instock","12":"purchasable","13":"product-type-simple"},"jetpack_sharing_enabled":true,"_links":{"self":[{"href":"https:\/\/bahrinnargile.com\/index.php\/wp-json\/wp\/v2\/product\/10964","targetHints":{"allow":["GET"]}}],"collection":[{"href":"https:\/\/bahrinnargile.com\/index.php\/wp-json\/wp\/v2\/product"}],"about":[{"href":"https:\/\/bahrinnargile.com\/index.php\/wp-json\/wp\/v2\/types\/product"}],"version-history":[{"count":7,"href":"https:\/\/bahrinnargile.com\/index.php\/wp-json\/wp\/v2\/product\/10964\/revisions"}],"predecessor-version":[{"id":12625,"href":"https:\/\/bahrinnargile.com\/index.php\/wp-json\/wp\/v2\/product\/10964\/revisions\/12625"}],"wp:featuredmedia":[{"embeddable":true,"href":"https:\/\/bahrinnargile.com\/index.php\/wp-json\/wp\/v2\/media\/11543"}],"wp:attachment":[{"href":"https:\/\/bahrinnargile.com\/index.php\/wp-json\/wp\/v2\/media?parent=10964"}],"wp:term":[{"taxonomy":"product_brand","embeddable":true,"href":"https:\/\/bahrinnargile.com\/index.php\/wp-json\/wp\/v2\/product_brand?post=10964"},{"taxonomy":"product_cat","embeddable":true,"href":"https:\/\/bahrinnargile.com\/index.php\/wp-json\/wp\/v2\/product_cat?post=10964"},{"taxonomy":"product_tag","embeddable":true,"href":"https:\/\/bahrinnargile.com\/index.php\/wp-json\/wp\/v2\/product_tag?post=10964"}],"curies":[{"name":"wp","href":"https:\/\/api.w.org\/{rel}","templated":true}]}}