{"id":10967,"date":"2025-12-26T20:14:40","date_gmt":"2025-12-26T20:14:40","guid":{"rendered":"https:\/\/bahrinnargile.com\/?post_type=product&#038;p=10967"},"modified":"2026-04-12T10:49:56","modified_gmt":"2026-04-12T10:49:56","slug":"blade-hookah-takim","status":"publish","type":"product","link":"https:\/\/bahrinnargile.com\/index.php\/urun\/blade-hookah-takim\/","title":{"rendered":"Blade Hookah One M Nargile Tak\u0131m\u0131"},"content":{"rendered":"","protected":false},"excerpt":{"rendered":"<h4>&#8211; \u00dcr\u00fcn\u00fcm\u00fcz Orijinaldir.<\/h4>\n<p>Blade One M, rakipsiz kalite, \u00e7arp\u0131c\u0131 tasar\u0131m ve teknolojiye sahip bir nargiledir. Nargilenin taban\u0131, g\u00f6vdesi, pimi ve entegre melas haznesi PVD kaplamal\u0131 paslanmaz \u00e7elikten \u00fcretilmi\u015ftir, al\u00fcminyum dekoratif kaplama ise anotlama teknolojisi ile kaplanm\u0131\u015ft\u0131r.<\/p>\n<p>Blade One M versiyonu dikey \u00fcfleme teknolojisine sahiptir ve 60 cm&#8217;lik optimum g\u00f6vde y\u00fcksekli\u011fine sahiptir. Dahili melas giderici, haznenin ve en \u00f6nemlisi g\u00f6vdenin temizli\u011fini sa\u011flar, b\u00f6ylece nargilede \u00f6nceki sigara i\u00e7me seanslar\u0131n\u0131n aromalar\u0131 kalmaz. Nargile pimi, dif\u00fcz\u00f6r deliklerinin kapat\u0131l\u0131p a\u00e7\u0131lmas\u0131yla ayarlanabilir. Manyetik kilitler maksimum kullan\u0131m kolayl\u0131\u011f\u0131 sa\u011flar.<\/p>\n<p>Blade One M, nargile k\u00fclt\u00fcr\u00fcne tutkuyla ba\u011fl\u0131 biri i\u00e7in m\u00fckemmel bir hediye olmas\u0131n\u0131n yan\u0131 s\u0131ra, nargile salonunuz i\u00e7in de harika bir nargiledir.<\/p>\n<p>\u00d6zellikler<br \/>\n1. Paslanmaz \u00e7elik k\u0131lavuzlarla dikey temizleme, bayat duman\u0131 h\u0131zla giderir ve barda\u011f\u0131 so\u011futur. 2. \u201cPVD\u201d paslanmaz \u00e7elik kaplama, y\u00fczeye di\u011fer metallerin molek\u00fclleriyle \u201cbombard\u0131man\u201d uygulayarak vakumda y\u00fcksek bas\u0131n\u00e7 alt\u0131nda ger\u00e7ekle\u015ftirilen bir biriktirme y\u00f6ntemidir. Bu, 1 ila 3 mikron kal\u0131nl\u0131\u011f\u0131nda ince ve \u00e7ok g\u00fc\u00e7l\u00fc bir molek\u00fcler film (PVD kaplama) olu\u015fumuna neden olur ve bu da i\u015flenen elemanlar\u0131 korozyona ve \u00e7izilmeye kar\u015f\u0131 diren\u00e7li hale getirir. Dekoratif kaplama eloksal, asidik bir ortamda elektrik ak\u0131m\u0131 uygulayarak dayan\u0131kl\u0131 bir oksit film kaplamas\u0131 olu\u015fturma i\u015flemidir. 3. G\u0131da s\u0131n\u0131f\u0131 paslanmaz \u00e7elik ROHS sertifikas\u0131n\u0131 ge\u00e7mi\u015ftir. 4. Manyetik Nargile Hortumu Montaj\u0131. M\u0131knat\u0131s ve hortum adapt\u00f6r\u00fc aras\u0131nda do\u011frudan temas olmayacak \u015fekilde tasarlanm\u0131\u015ft\u0131r, bu da di\u011fer nargilelerden farkl\u0131 olarak m\u0131knat\u0131s\u0131n fiziksel olarak etkilenmesini \u00f6nler. M\u0131knat\u0131s, ek koruma i\u00e7in PVD kaplama ile i\u015flenmi\u015ftir. \u201c\u0130lgin\u00e7 bir ger\u00e7ek: m\u0131knat\u0131s\u0131 PVD kaplama ile kaplamak i\u00e7in, m\u0131knat\u0131s\u0131 manyetikli\u011fini gidermek, kaplamak ve yeniden manyetize etmek gerekir.\u201d 5. Ayarlanabilir dif\u00fcz\u00f6r. Size uygun \u00e7eki\u015fi se\u00e7me imkan\u0131. Daha a\u011f\u0131rdan daha hafifine. Pimin i\u00e7 \u00e7ap\u0131 12 mm&#8217;dir. 6. Ped, her bir par\u00e7an\u0131n geli\u015fmi\u015f i\u015flenmesi, parlat\u0131lmas\u0131 ve anotlanmas\u0131yla 6000 serisi al\u00fcminyumdan yap\u0131lm\u0131\u015ft\u0131r. \u0130\u015fleme, m\u00fcmk\u00fcn olan en y\u00fcksek teknolojik seviyede yap\u0131l\u0131r.<\/p>\n","protected":false},"featured_media":11563,"template":"","meta":[],"product_brand":[],"product_cat":[141,131,204],"product_tag":[],"class_list":{"0":"post-10967","1":"product","2":"type-product","3":"status-publish","4":"has-post-thumbnail","6":"product_cat-blade","7":"product_cat-ithal-takimlar","8":"product_cat-takim","10":"first","11":"instock","12":"purchasable","13":"product-type-simple"},"jetpack_sharing_enabled":true,"_links":{"self":[{"href":"https:\/\/bahrinnargile.com\/index.php\/wp-json\/wp\/v2\/product\/10967","targetHints":{"allow":["GET"]}}],"collection":[{"href":"https:\/\/bahrinnargile.com\/index.php\/wp-json\/wp\/v2\/product"}],"about":[{"href":"https:\/\/bahrinnargile.com\/index.php\/wp-json\/wp\/v2\/types\/product"}],"version-history":[{"count":7,"href":"https:\/\/bahrinnargile.com\/index.php\/wp-json\/wp\/v2\/product\/10967\/revisions"}],"predecessor-version":[{"id":12751,"href":"https:\/\/bahrinnargile.com\/index.php\/wp-json\/wp\/v2\/product\/10967\/revisions\/12751"}],"wp:featuredmedia":[{"embeddable":true,"href":"https:\/\/bahrinnargile.com\/index.php\/wp-json\/wp\/v2\/media\/11563"}],"wp:attachment":[{"href":"https:\/\/bahrinnargile.com\/index.php\/wp-json\/wp\/v2\/media?parent=10967"}],"wp:term":[{"taxonomy":"product_brand","embeddable":true,"href":"https:\/\/bahrinnargile.com\/index.php\/wp-json\/wp\/v2\/product_brand?post=10967"},{"taxonomy":"product_cat","embeddable":true,"href":"https:\/\/bahrinnargile.com\/index.php\/wp-json\/wp\/v2\/product_cat?post=10967"},{"taxonomy":"product_tag","embeddable":true,"href":"https:\/\/bahrinnargile.com\/index.php\/wp-json\/wp\/v2\/product_tag?post=10967"}],"curies":[{"name":"wp","href":"https:\/\/api.w.org\/{rel}","templated":true}]}}