{"id":10979,"date":"2025-12-26T20:20:47","date_gmt":"2025-12-26T20:20:47","guid":{"rendered":"https:\/\/bahrinnargile.com\/?post_type=product&#038;p=10979"},"modified":"2026-04-10T11:18:13","modified_gmt":"2026-04-10T11:18:13","slug":"vyro-versa-takim","status":"publish","type":"product","link":"https:\/\/bahrinnargile.com\/index.php\/urun\/vyro-versa-takim\/","title":{"rendered":"VYRO Versa Black Nargile Tak\u0131m\u0131"},"content":{"rendered":"","protected":false},"excerpt":{"rendered":"<h4>&#8211; \u00dcr\u00fcn\u00fcm\u00fcz A Kalitedir.<\/h4>\n<p>Vyro Versa Black Nargile Tak\u0131m\u0131<\/p>\n<p>Vyro markas\u0131n\u0131n yeni modeli<\/p>\n<p>Tak\u0131m i\u00e7eri\u011fi:<\/p>\n<p>Ser<\/p>\n<p>\u015ei\u015fe<\/p>\n<p>Dif\u00fcz\u00f6r<\/p>\n","protected":false},"featured_media":11657,"template":"","meta":[],"product_brand":[],"product_cat":[130,204],"product_tag":[],"class_list":{"0":"post-10979","1":"product","2":"type-product","3":"status-publish","4":"has-post-thumbnail","6":"product_cat-celik-takimlar","7":"product_cat-takim","9":"first","10":"instock","11":"purchasable","12":"product-type-simple"},"jetpack_sharing_enabled":true,"_links":{"self":[{"href":"https:\/\/bahrinnargile.com\/index.php\/wp-json\/wp\/v2\/product\/10979","targetHints":{"allow":["GET"]}}],"collection":[{"href":"https:\/\/bahrinnargile.com\/index.php\/wp-json\/wp\/v2\/product"}],"about":[{"href":"https:\/\/bahrinnargile.com\/index.php\/wp-json\/wp\/v2\/types\/product"}],"version-history":[{"count":5,"href":"https:\/\/bahrinnargile.com\/index.php\/wp-json\/wp\/v2\/product\/10979\/revisions"}],"predecessor-version":[{"id":12630,"href":"https:\/\/bahrinnargile.com\/index.php\/wp-json\/wp\/v2\/product\/10979\/revisions\/12630"}],"wp:featuredmedia":[{"embeddable":true,"href":"https:\/\/bahrinnargile.com\/index.php\/wp-json\/wp\/v2\/media\/11657"}],"wp:attachment":[{"href":"https:\/\/bahrinnargile.com\/index.php\/wp-json\/wp\/v2\/media?parent=10979"}],"wp:term":[{"taxonomy":"product_brand","embeddable":true,"href":"https:\/\/bahrinnargile.com\/index.php\/wp-json\/wp\/v2\/product_brand?post=10979"},{"taxonomy":"product_cat","embeddable":true,"href":"https:\/\/bahrinnargile.com\/index.php\/wp-json\/wp\/v2\/product_cat?post=10979"},{"taxonomy":"product_tag","embeddable":true,"href":"https:\/\/bahrinnargile.com\/index.php\/wp-json\/wp\/v2\/product_tag?post=10979"}],"curies":[{"name":"wp","href":"https:\/\/api.w.org\/{rel}","templated":true}]}}