{"id":10982,"date":"2025-12-26T20:22:43","date_gmt":"2025-12-26T20:22:43","guid":{"rendered":"https:\/\/bahrinnargile.com\/?post_type=product&#038;p=10982"},"modified":"2026-04-10T11:18:42","modified_gmt":"2026-04-10T11:18:42","slug":"matpear-simple-takim","status":"publish","type":"product","link":"https:\/\/bahrinnargile.com\/index.php\/urun\/matpear-simple-takim\/","title":{"rendered":"Matpear Simple M Tak\u0131m"},"content":{"rendered":"","protected":false},"excerpt":{"rendered":"<h4>&#8211; \u00dcr\u00fcn\u00fcm\u00fcz A Kalitedir.<\/h4>\n<p>MattPear Simple M Ball, Rusya\u2019da \u00fcretilen ve 40\u2019tan fazla \u00fclkede 50.000\u2019den fazla sat\u0131\u015f\u0131yla en \u00e7ok tercih edilen nargile modellerinden biridir. Basit ama \u015f\u0131k tasar\u0131m\u0131, dayan\u0131kl\u0131 malzemeleri ve fonksiyonel yap\u0131s\u0131yla hem profesyonel kullan\u0131c\u0131lar hem de ev ortam\u0131 i\u00e7in idealdir. Paslanmaz \u00e7elik g\u00f6vdesi ve poliasetal kaplamalar\u0131, uzun \u00f6m\u00fcrl\u00fc kullan\u0131m ve estetik bir g\u00f6r\u00fcn\u00fcm sa\u011flar.<\/p>\n<ul>\n<li>Malzeme: Paslanmaz \u00e7elik + y\u00fcksek kaliteli poliasetal<\/li>\n<li>Nargile y\u00fcksekli\u011fi: 531 mm<\/li>\n<li>\u015eaft i\u00e7 \u00e7ap\u0131: 12 mm<\/li>\n<li>\u015ei\u015fe oturma \u00e7ap\u0131: 39 mm<\/li>\n<li>A\u011f\u0131zl\u0131k uzunlu\u011fu: 330 mm<\/li>\n<li>A\u011f\u0131zl\u0131k yuva \u00e7ap\u0131: 12 mm<\/li>\n<li>Hortum uzunlu\u011fu: 160 cm<\/li>\n<li>Hortum i\u00e7 \u00e7ap\u0131: 11 mm<\/li>\n<li>A\u011f\u0131rl\u0131k: 2100 gr<\/li>\n<li>Kaplin sistemi: Manyetik ba\u011flant\u0131l\u0131 tahliye valfi ve konekt\u00f6r<\/li>\n<li>Dif\u00fcz\u00f6r: Paslanmaz \u00e7elik, yumu\u015fak i\u00e7im i\u00e7in \u00f6zel tasar\u0131m<\/li>\n<\/ul>\n<p>MattPear\u2019\u0131n 2017\u2019de patentledi\u011fi \u201cMattPear Port Connection\u201d manyetik ba\u011flant\u0131 sistemi ile hortum ve valf ba\u011flant\u0131lar\u0131 son derece kolay yap\u0131l\u0131r. Klasik tasar\u0131m\u0131 sayesinde hem seramik hem de silikon kaselerle uyumludur. K\u00f6m\u00fcr taba\u011f\u0131 paslanmaz \u00e7elikten \u00fcretilmi\u015f olup, k\u00f6m\u00fcr\u00fcn alttan s\u00f6nmesini \u00f6nler. Poliasetal kaplamalar, hem dayan\u0131kl\u0131l\u0131\u011f\u0131 art\u0131r\u0131r hem de nargileye modern bir g\u00f6r\u00fcn\u00fcm katar. Farkl\u0131 Ball ve Slim versiyonlar\u0131 mevcuttur.<\/p>\n","protected":false},"featured_media":11630,"template":"","meta":[],"product_brand":[],"product_cat":[130,204],"product_tag":[],"class_list":{"0":"post-10982","1":"product","2":"type-product","3":"status-publish","4":"has-post-thumbnail","6":"product_cat-celik-takimlar","7":"product_cat-takim","9":"first","10":"instock","11":"purchasable","12":"product-type-simple"},"jetpack_sharing_enabled":true,"_links":{"self":[{"href":"https:\/\/bahrinnargile.com\/index.php\/wp-json\/wp\/v2\/product\/10982","targetHints":{"allow":["GET"]}}],"collection":[{"href":"https:\/\/bahrinnargile.com\/index.php\/wp-json\/wp\/v2\/product"}],"about":[{"href":"https:\/\/bahrinnargile.com\/index.php\/wp-json\/wp\/v2\/types\/product"}],"version-history":[{"count":5,"href":"https:\/\/bahrinnargile.com\/index.php\/wp-json\/wp\/v2\/product\/10982\/revisions"}],"predecessor-version":[{"id":12631,"href":"https:\/\/bahrinnargile.com\/index.php\/wp-json\/wp\/v2\/product\/10982\/revisions\/12631"}],"wp:featuredmedia":[{"embeddable":true,"href":"https:\/\/bahrinnargile.com\/index.php\/wp-json\/wp\/v2\/media\/11630"}],"wp:attachment":[{"href":"https:\/\/bahrinnargile.com\/index.php\/wp-json\/wp\/v2\/media?parent=10982"}],"wp:term":[{"taxonomy":"product_brand","embeddable":true,"href":"https:\/\/bahrinnargile.com\/index.php\/wp-json\/wp\/v2\/product_brand?post=10982"},{"taxonomy":"product_cat","embeddable":true,"href":"https:\/\/bahrinnargile.com\/index.php\/wp-json\/wp\/v2\/product_cat?post=10982"},{"taxonomy":"product_tag","embeddable":true,"href":"https:\/\/bahrinnargile.com\/index.php\/wp-json\/wp\/v2\/product_tag?post=10982"}],"curies":[{"name":"wp","href":"https:\/\/api.w.org\/{rel}","templated":true}]}}