{"id":10988,"date":"2025-12-26T20:25:42","date_gmt":"2025-12-26T20:25:42","guid":{"rendered":"https:\/\/bahrinnargile.com\/?post_type=product&#038;p=10988"},"modified":"2026-04-09T13:12:00","modified_gmt":"2026-04-09T13:12:00","slug":"mamay-flow-takim","status":"publish","type":"product","link":"https:\/\/bahrinnargile.com\/index.php\/urun\/mamay-flow-takim\/","title":{"rendered":"Mamay Custom Flow Nargile Tak\u0131m\u0131"},"content":{"rendered":"","protected":false},"excerpt":{"rendered":"<h4>&#8211; \u00dcr\u00fcn\u00fcm\u00fcz Orijinaldir.<\/h4>\n<p>Mamay bir Rus markas\u0131d\u0131r.<\/p>\n<p>Araba severlerin en sevdi\u011fi nargile tak\u0131mlar\u0131ndan biri olan Mamay yenilik\u00e7i tasar\u0131mlar\u0131yla ve teknolojisiyle Avrupan\u0131n en sevilen modellerinden birisi haline geldi.<\/p>\n<p>Mamay Flow Turkuaz MorNargile Tak\u0131m\u0131 kolay ta\u015f\u0131nabilir olmas\u0131 ile Mamay severlere yepyeni bir alternatif olarak kar\u015f\u0131m\u0131zda.<\/p>\n<p>Difiz\u00f6r ve bilya sistemi sayesinde y\u00fcksek\u00a0 performans konusunda yine en iyiler aras\u0131nda.<\/p>\n<p>Ruslar\u0131n me\u015fhur nargile markas\u0131 Mamay Customs&#8217; un yeni modeli<br \/>\n\u00d6zel desenli renkli g\u00f6vde ve yeni tarz Mamay Customs nargile tak\u0131m\u0131<br \/>\nBu, kendine \u00f6zg\u00fc bir g\u00f6r\u00fcn\u00fcme sahip paslanmaz \u00e7elikten<br \/>\n\u0130mal edilmi\u015f modern ve parlak model\u00a0profesyonel nargile.<br \/>\nGe\u00e7meli model mini ve midi \u015fi\u015feler ( rus tipi ) uyumludur.<\/p>\n<h5 dir=\"ltr\" data-placeholder=\"\u00c7eviri\">\u0130\u00e7 k\u0131s\u0131m paslanmaz \u00e7elikten imal edilmi\u015ftir.<br \/>\nRahat \u00e7ekim ve duman tahliye (tam tahliye )<br \/>\nAyarlanabilir dif\u00fcz\u00f6r (kolay \u00fcflemeye ge\u00e7i\u015f)<br \/>\nK\u00f6m\u00fcrler i\u00e7in klasik \u00e7\u0131kar\u0131labilir \u00fcst Tepsi<\/h5>\n<p>Yeni model \u00e7ift renk g\u00f6vde<br \/>\nG\u00f6vde rengi marpu\u00e7 ba\u015fl\u0131\u011f\u0131<br \/>\n\u00dcstten \u00e7\u0131kar\u0131labilir renkli tepsi<\/p>\n","protected":false},"featured_media":11629,"template":"","meta":[],"product_brand":[],"product_cat":[130,204],"product_tag":[],"class_list":{"0":"post-10988","1":"product","2":"type-product","3":"status-publish","4":"has-post-thumbnail","6":"product_cat-celik-takimlar","7":"product_cat-takim","9":"first","10":"instock","11":"purchasable","12":"product-type-simple"},"jetpack_sharing_enabled":true,"_links":{"self":[{"href":"https:\/\/bahrinnargile.com\/index.php\/wp-json\/wp\/v2\/product\/10988","targetHints":{"allow":["GET"]}}],"collection":[{"href":"https:\/\/bahrinnargile.com\/index.php\/wp-json\/wp\/v2\/product"}],"about":[{"href":"https:\/\/bahrinnargile.com\/index.php\/wp-json\/wp\/v2\/types\/product"}],"version-history":[{"count":5,"href":"https:\/\/bahrinnargile.com\/index.php\/wp-json\/wp\/v2\/product\/10988\/revisions"}],"predecessor-version":[{"id":12594,"href":"https:\/\/bahrinnargile.com\/index.php\/wp-json\/wp\/v2\/product\/10988\/revisions\/12594"}],"wp:featuredmedia":[{"embeddable":true,"href":"https:\/\/bahrinnargile.com\/index.php\/wp-json\/wp\/v2\/media\/11629"}],"wp:attachment":[{"href":"https:\/\/bahrinnargile.com\/index.php\/wp-json\/wp\/v2\/media?parent=10988"}],"wp:term":[{"taxonomy":"product_brand","embeddable":true,"href":"https:\/\/bahrinnargile.com\/index.php\/wp-json\/wp\/v2\/product_brand?post=10988"},{"taxonomy":"product_cat","embeddable":true,"href":"https:\/\/bahrinnargile.com\/index.php\/wp-json\/wp\/v2\/product_cat?post=10988"},{"taxonomy":"product_tag","embeddable":true,"href":"https:\/\/bahrinnargile.com\/index.php\/wp-json\/wp\/v2\/product_tag?post=10988"}],"curies":[{"name":"wp","href":"https:\/\/api.w.org\/{rel}","templated":true}]}}