{"id":10991,"date":"2025-12-26T20:27:47","date_gmt":"2025-12-26T20:27:47","guid":{"rendered":"https:\/\/bahrinnargile.com\/?post_type=product&#038;p=10991"},"modified":"2026-04-10T11:20:03","modified_gmt":"2026-04-10T11:20:03","slug":"moze-saphire-takim","status":"publish","type":"product","link":"https:\/\/bahrinnargile.com\/index.php\/urun\/moze-saphire-takim\/","title":{"rendered":"Moze Sphere 2 &#8211; Frosted Earth"},"content":{"rendered":"","protected":false},"excerpt":{"rendered":"<h4>&#8211; \u00dcr\u00fcn\u00fcm\u00fcz A Kalitedir.<\/h4>\n<p>Moze Sphere 2 &#8211; Bireysellik X Kalite<\/p>\n<p>Sphere serisi, benzersiz tasar\u0131m\u0131yla di\u011fer nargilelerimizden s\u0131yr\u0131larak Moze nargileleri aras\u0131nda \u00f6zel bir yere sahiptir. Sphere&#8217;in ikinci nesli, nargilenin y\u00fcksek kaliteli izlenimini g\u00fc\u00e7lendiren g\u00fczel kaplamal\u0131 bir plaka ve siyah paslanmaz \u00e7elik tabana sahiptir.<\/p>\n<p>Moze m\u00fc\u015fterileri, Sphere 2&#8217;de di\u011fer nargilelerimizden bildikleri ve sevdikleri m\u00fckemmel i\u00e7im \u00f6zelliklerini de bulacaklar. Ayr\u0131ca, Moze Sphere 2 y\u00fcksek derecede ki\u015fiselle\u015ftirme imkan\u0131 sunar.<\/p>\n<p>Veriler:<\/p>\n<p>Y\u00fckseklik: yakla\u015f\u0131k 55 cm, kase hari\u00e7<\/p>\n<p>\u00c7ap (b\u00fcy\u00fck k\u00f6m\u00fcr plakas\u0131): 19 cm<\/p>\n<p>Malzeme: paslanmaz \u00e7elik, POM, epoksi re\u00e7ine\/akrilik re\u00e7ine, ah\u015fap<\/p>\n<p>Re\u00e7ine Orb Renk Se\u00e7ene\u011fi: Buzlu Toprak<\/p>\n<p>Cam: \u015eeffaf<\/p>\n<p>Teslimat Kapsam\u0131:<\/p>\n<p>\u00dcfleme eleman\u0131 (paslanmaz \u00e7elik)<\/p>\n<p>Dif\u00fcz\u00f6r (paslanmaz \u00e7elik)<\/p>\n<p>Dald\u0131rma borusu (paslanmaz \u00e7elik)<\/p>\n<p>Taban (paslanmaz \u00e7elik)<\/p>\n<p>Nargile g\u00f6be\u011fi (paslanmaz \u00e7elik)<\/p>\n<p>Nargile eleman\u0131 1 (POM)<\/p>\n<p>Re\u00e7ine K\u00fcre (epoksi re\u00e7ine\/ah\u015fap)<\/p>\n<p>Nargile eleman\u0131 2 (POM)<\/p>\n<p>K\u00f6m\u00fcr plakas\u0131 (paslanmaz \u00e7elik, kaplamal\u0131)<\/p>\n<p>Kase adapt\u00f6r\u00fc (paslanmaz \u00e7elik)<\/p>\n<p>A\u011f\u0131zl\u0131k (paslanmaz \u00e7elik)<\/p>\n<p>Cam contalar (2 boyut) (silikon)<\/p>\n<p>Kase contas\u0131 (silikon)<\/p>\n<p>Toplar<\/p>\n<p>Yedek contalar<\/p>\n<p>Not: Camda bulunan k\u00fc\u00e7\u00fck kusurlar (\u00f6rne\u011fin hava) el yap\u0131m\u0131 \u00fcretim nedeniyle tamamen \u00f6nlenemez ve bu nedenle \u015fikayet konusu olamaz. Epoksi re\u00e7ine bile\u015fenleri (nargile sap\u0131 ve a\u011f\u0131zl\u0131k) her bir bile\u015fen benzersiz oldu\u011fu i\u00e7in \u00fcr\u00fcn resminden farkl\u0131l\u0131k g\u00f6sterebilir. Ayr\u0131ca, epoksi re\u00e7ine bile\u015fenleri ah\u015fab\u0131n do\u011fal k\u00f6keninden dolay\u0131 y\u00fczeysel d\u00fczensizlikler i\u00e7erebilir.<\/p>\n","protected":false},"featured_media":11579,"template":"","meta":[],"product_brand":[],"product_cat":[131,142,204],"product_tag":[],"class_list":{"0":"post-10991","1":"product","2":"type-product","3":"status-publish","4":"has-post-thumbnail","6":"product_cat-ithal-takimlar","7":"product_cat-moze","8":"product_cat-takim","10":"first","11":"instock","12":"purchasable","13":"product-type-simple"},"jetpack_sharing_enabled":true,"_links":{"self":[{"href":"https:\/\/bahrinnargile.com\/index.php\/wp-json\/wp\/v2\/product\/10991","targetHints":{"allow":["GET"]}}],"collection":[{"href":"https:\/\/bahrinnargile.com\/index.php\/wp-json\/wp\/v2\/product"}],"about":[{"href":"https:\/\/bahrinnargile.com\/index.php\/wp-json\/wp\/v2\/types\/product"}],"version-history":[{"count":5,"href":"https:\/\/bahrinnargile.com\/index.php\/wp-json\/wp\/v2\/product\/10991\/revisions"}],"predecessor-version":[{"id":12633,"href":"https:\/\/bahrinnargile.com\/index.php\/wp-json\/wp\/v2\/product\/10991\/revisions\/12633"}],"wp:featuredmedia":[{"embeddable":true,"href":"https:\/\/bahrinnargile.com\/index.php\/wp-json\/wp\/v2\/media\/11579"}],"wp:attachment":[{"href":"https:\/\/bahrinnargile.com\/index.php\/wp-json\/wp\/v2\/media?parent=10991"}],"wp:term":[{"taxonomy":"product_brand","embeddable":true,"href":"https:\/\/bahrinnargile.com\/index.php\/wp-json\/wp\/v2\/product_brand?post=10991"},{"taxonomy":"product_cat","embeddable":true,"href":"https:\/\/bahrinnargile.com\/index.php\/wp-json\/wp\/v2\/product_cat?post=10991"},{"taxonomy":"product_tag","embeddable":true,"href":"https:\/\/bahrinnargile.com\/index.php\/wp-json\/wp\/v2\/product_tag?post=10991"}],"curies":[{"name":"wp","href":"https:\/\/api.w.org\/{rel}","templated":true}]}}