{"id":10994,"date":"2025-12-26T20:29:27","date_gmt":"2025-12-26T20:29:27","guid":{"rendered":"https:\/\/bahrinnargile.com\/?post_type=product&#038;p=10994"},"modified":"2026-04-10T11:20:21","modified_gmt":"2026-04-10T11:20:21","slug":"moze-breeze-two-takim","status":"publish","type":"product","link":"https:\/\/bahrinnargile.com\/index.php\/urun\/moze-breeze-two-takim\/","title":{"rendered":"Moze Breeze Two Tak\u0131m"},"content":{"rendered":"","protected":false},"excerpt":{"rendered":"<h4>&#8211; \u00dcr\u00fcn\u00fcm\u00fcz A Kalitedir.<\/h4>\n<p>Breeze Two, 2021 y\u0131l\u0131nda pop\u00fcler Moze Breeze&#8217;in yerini ald\u0131 ve \u00f6nc\u00fcl\u00fcn\u00fc g\u00f6lgede b\u0131rakmay\u0131 ba\u015fard\u0131. Bug\u00fcne kadar piyasadaki en \u00e7ok satan ve en pop\u00fcler nargilelerden biri olmas\u0131n\u0131n birka\u00e7 nedeni var.<\/p>\n<p>Birincisi, son derece p\u00fcr\u00fczs\u00fcz \u00e7al\u0131\u015f\u0131yor, y\u00fcksek kaliteli malzemelerden \u00fcretilmi\u015f ve tek tek par\u00e7alar\u0131n\u0131n i\u015f\u00e7ili\u011fi de \u00e7ok kaliteli. Ayr\u0131ca Breeze Two, patentli, de\u011fi\u015fken hava tahliye sistemine sahip. Bu sistem nargile pazar\u0131nda benzersizdir ve say\u0131s\u0131z ki\u015fiselle\u015ftirme se\u00e7ene\u011fi sayesinde kendi tarz\u0131na g\u00f6re tamamen uyarlayabilirsin.<\/p>\n<p>Veriler:<\/p>\n<p>Y\u00fckseklik: yakla\u015f\u0131k 40 cm, ba\u015fl\u0131k hari\u00e7<br \/>\n\u00c7ap (b\u00fcy\u00fck k\u00f6m\u00fcr taba\u011f\u0131): 16 cm<br \/>\nMalzeme: Paslanmaz \u00e7elik, POM, epoksi re\u00e7ine\/akrilik re\u00e7ine<\/p>\n","protected":false},"featured_media":11568,"template":"","meta":[],"product_brand":[],"product_cat":[131,142,204],"product_tag":[],"class_list":{"0":"post-10994","1":"product","2":"type-product","3":"status-publish","4":"has-post-thumbnail","6":"product_cat-ithal-takimlar","7":"product_cat-moze","8":"product_cat-takim","10":"first","11":"instock","12":"purchasable","13":"product-type-simple"},"jetpack_sharing_enabled":true,"_links":{"self":[{"href":"https:\/\/bahrinnargile.com\/index.php\/wp-json\/wp\/v2\/product\/10994","targetHints":{"allow":["GET"]}}],"collection":[{"href":"https:\/\/bahrinnargile.com\/index.php\/wp-json\/wp\/v2\/product"}],"about":[{"href":"https:\/\/bahrinnargile.com\/index.php\/wp-json\/wp\/v2\/types\/product"}],"version-history":[{"count":3,"href":"https:\/\/bahrinnargile.com\/index.php\/wp-json\/wp\/v2\/product\/10994\/revisions"}],"predecessor-version":[{"id":12634,"href":"https:\/\/bahrinnargile.com\/index.php\/wp-json\/wp\/v2\/product\/10994\/revisions\/12634"}],"wp:featuredmedia":[{"embeddable":true,"href":"https:\/\/bahrinnargile.com\/index.php\/wp-json\/wp\/v2\/media\/11568"}],"wp:attachment":[{"href":"https:\/\/bahrinnargile.com\/index.php\/wp-json\/wp\/v2\/media?parent=10994"}],"wp:term":[{"taxonomy":"product_brand","embeddable":true,"href":"https:\/\/bahrinnargile.com\/index.php\/wp-json\/wp\/v2\/product_brand?post=10994"},{"taxonomy":"product_cat","embeddable":true,"href":"https:\/\/bahrinnargile.com\/index.php\/wp-json\/wp\/v2\/product_cat?post=10994"},{"taxonomy":"product_tag","embeddable":true,"href":"https:\/\/bahrinnargile.com\/index.php\/wp-json\/wp\/v2\/product_tag?post=10994"}],"curies":[{"name":"wp","href":"https:\/\/api.w.org\/{rel}","templated":true}]}}