{"id":10999,"date":"2025-12-26T20:31:17","date_gmt":"2025-12-26T20:31:17","guid":{"rendered":"https:\/\/bahrinnargile.com\/?post_type=product&#038;p=10999"},"modified":"2026-04-10T19:29:57","modified_gmt":"2026-04-10T19:29:57","slug":"moze-breeze-pro-takim","status":"publish","type":"product","link":"https:\/\/bahrinnargile.com\/index.php\/urun\/moze-breeze-pro-takim\/","title":{"rendered":"Moze Breeze Pro Tak\u0131m"},"content":{"rendered":"","protected":false},"excerpt":{"rendered":"<h4>&#8211; \u00dcr\u00fcn\u00fcm\u00fcz Orijinaldir.<\/h4>\n<p>Moze Breeze Pro &#8211; Yeni favori nargileniz!<\/p>\n<p>Sevgiyle \u201cPro\u201d olarak adland\u0131rd\u0131\u011f\u0131m\u0131z bu \u00fcr\u00fcn, pop\u00fcler Breeze Two DNA&#8217;s\u0131n\u0131 y\u00fcksek kaliteli malzemeler ve ak\u0131ll\u0131 Next Gen \u00f6zellikleriyle birle\u015ftiriyor.<\/p>\n<p>De\u011fi\u015fken Blow-Off Sistemi sayesinde, art\u0131k sigara i\u00e7erken \u00fc\u00e7 farkl\u0131 blow-off aras\u0131nda kolayca ge\u00e7i\u015f yapabilirsiniz. Ama hepsi bu kadar de\u011fil. Yeni nesil Breeze, nargile haznesini a\u015f\u0131r\u0131 \u0131s\u0131nmadan kolayca koruman\u0131z\u0131 sa\u011flayan yenilik\u00e7i \u201cPush to Purge Sistemi\u201d ile geli\u015ftirildi.<\/p>\n<p>Breeze Pro i\u00e7in ayr\u0131nt\u0131l\u0131 montaj talimatlar\u0131n\u0131 burada bulabilirsiniz.<\/p>\n<p>Veriler:<\/p>\n<p>Y\u00fckseklik: hazne hari\u00e7 yakla\u015f\u0131k 40 cm<\/p>\n<p>\u00c7ap (b\u00fcy\u00fck k\u00f6m\u00fcr plakas\u0131): 16 cm<\/p>\n<p>Malzemeler: Paslanmaz \u00e7elik, epoksi re\u00e7ine \/ akrilik re\u00e7ine<\/p>\n<p>Cam: \u015eeffaf<\/p>\n<p>Teslimat kapsam\u0131:<\/p>\n<p>Cam<\/p>\n<p>Dif\u00fcz\u00f6r (paslanmaz \u00e7elik)<\/p>\n<p>Dald\u0131rma borusu (paslanmaz \u00e7elik)<\/p>\n<p>Taban (paslanmaz \u00e7elik)<\/p>\n<p>Nargile g\u00f6be\u011fi (paslanmaz \u00e7elik)<\/p>\n<p>Nargile k\u0131l\u0131f\u0131 &#8211; Candy Blue\/Purple (akrilik \/ epoksi re\u00e7ine)<\/p>\n<p>Blow-off eleman\u0131 (paslanmaz \u00e7elik)<\/p>\n<p>K\u00f6m\u00fcr plakas\u0131 1 (paslanmaz \u00e7elik)<\/p>\n<p>\u00dcst plaka temizli\u011fi i\u00e7in k\u00f6m\u00fcr plakas\u0131 2 (paslanmaz \u00e7elik)<\/p>\n<p>Kase adapt\u00f6r\u00fc (paslanmaz \u00e7elik)<\/p>\n<p>A\u011f\u0131zl\u0131k 2 par\u00e7al\u0131 (paslanmaz \u00e7elik)<\/p>\n<p>A\u011f\u0131zl\u0131k k\u0131l\u0131f\u0131 (akrilik \/ epoksi re\u00e7ine)<\/p>\n<p>Cam contalar (2 boyut &#8211; gri) (silikon)<\/p>\n<p>Kase contas\u0131 (silikon)<\/p>\n<p>Toplar (cam ve POM)<\/p>\n<p>Not: Camda bulunan k\u00fc\u00e7\u00fck kapan\u0131mlar (\u00f6rn. hava) manuel \u00fcretim nedeniyle tamamen \u00f6nlenemez ve bu nedenle \u015fikayet konusu olamaz. Epoksi re\u00e7ine bile\u015fenleri (nargile g\u00f6be\u011fi ve a\u011f\u0131zl\u0131k) her bir bile\u015fen benzersiz oldu\u011fu i\u00e7in \u00fcr\u00fcn resminden farkl\u0131l\u0131k g\u00f6sterebilir.<\/p>\n","protected":false},"featured_media":11572,"template":"","meta":[],"product_brand":[],"product_cat":[131,142,204],"product_tag":[],"class_list":{"0":"post-10999","1":"product","2":"type-product","3":"status-publish","4":"has-post-thumbnail","6":"product_cat-ithal-takimlar","7":"product_cat-moze","8":"product_cat-takim","10":"first","11":"instock","12":"purchasable","13":"product-type-simple"},"jetpack_sharing_enabled":true,"_links":{"self":[{"href":"https:\/\/bahrinnargile.com\/index.php\/wp-json\/wp\/v2\/product\/10999","targetHints":{"allow":["GET"]}}],"collection":[{"href":"https:\/\/bahrinnargile.com\/index.php\/wp-json\/wp\/v2\/product"}],"about":[{"href":"https:\/\/bahrinnargile.com\/index.php\/wp-json\/wp\/v2\/types\/product"}],"version-history":[{"count":6,"href":"https:\/\/bahrinnargile.com\/index.php\/wp-json\/wp\/v2\/product\/10999\/revisions"}],"predecessor-version":[{"id":12742,"href":"https:\/\/bahrinnargile.com\/index.php\/wp-json\/wp\/v2\/product\/10999\/revisions\/12742"}],"wp:featuredmedia":[{"embeddable":true,"href":"https:\/\/bahrinnargile.com\/index.php\/wp-json\/wp\/v2\/media\/11572"}],"wp:attachment":[{"href":"https:\/\/bahrinnargile.com\/index.php\/wp-json\/wp\/v2\/media?parent=10999"}],"wp:term":[{"taxonomy":"product_brand","embeddable":true,"href":"https:\/\/bahrinnargile.com\/index.php\/wp-json\/wp\/v2\/product_brand?post=10999"},{"taxonomy":"product_cat","embeddable":true,"href":"https:\/\/bahrinnargile.com\/index.php\/wp-json\/wp\/v2\/product_cat?post=10999"},{"taxonomy":"product_tag","embeddable":true,"href":"https:\/\/bahrinnargile.com\/index.php\/wp-json\/wp\/v2\/product_tag?post=10999"}],"curies":[{"name":"wp","href":"https:\/\/api.w.org\/{rel}","templated":true}]}}