{"id":11001,"date":"2025-12-26T20:32:47","date_gmt":"2025-12-26T20:32:47","guid":{"rendered":"https:\/\/bahrinnargile.com\/?post_type=product&#038;p=11001"},"modified":"2026-04-10T11:20:56","modified_gmt":"2026-04-10T11:20:56","slug":"flashbang-takim","status":"publish","type":"product","link":"https:\/\/bahrinnargile.com\/index.php\/urun\/flashbang-takim\/","title":{"rendered":"Amotion Flashbang Nargile Tak\u0131m\u0131"},"content":{"rendered":"","protected":false},"excerpt":{"rendered":"<h4>&#8211; \u00dcr\u00fcn\u00fcm\u00fcz A Kalitedir.<\/h4>\n<p>Genel olarak Amotion Flash Bang, hem performans\u0131 hem de benzersiz g\u00f6r\u00fcn\u00fcm\u00fcyle etkileyici, \u00fcst d\u00fczey bir nargiledir. Amotion Flash Bang ile Flashed almaya haz\u0131rlan\u0131n.<\/p>\n<p><b>\u00d6zellikler:<\/b><\/p>\n<ul>\n<li>Y\u00fckseklik: kase olmadan yakla\u015f\u0131k 40cm<\/li>\n<li>K\u00f6m\u00fcr plaka \u00e7ap\u0131: 15.8cm<\/li>\n<li>Malzeme: Paslanmaz \u00e7elik, POM, Polikarbonat, Al\u00fcminyum, Cam, ABS<\/li>\n<li>cam: Temizle<\/li>\n<\/ul>\n<p><b>Paket \u015funlar\u0131 i\u00e7erir:<\/b><\/p>\n<ul>\n<li>cam<\/li>\n<li>Dif\u00fcz\u00f6r (Paslanmaz \u00e7elik)<\/li>\n<li>Dald\u0131rma borusu (Paslanmaz \u00e7elik)<\/li>\n<li>Taban (POM)<\/li>\n<li>Nargile \u00e7ekirde\u011fi (Paslanmaz \u00e7elik)<\/li>\n<li>Nargile k\u0131l\u0131f\u0131 Tael (Polikarbonat, ABS)<\/li>\n<li>K\u00f6m\u00fcr plakas\u0131 (Paslanmaz \u00e7elik)<\/li>\n<li>kase adapt\u00f6r\u00fc (Paslanmaz \u00e7elik)<\/li>\n<li>cam contalar (2 boyut) (Silikon)<\/li>\n<li>kase m\u00fch\u00fcr (Silikon)<\/li>\n<\/ul>\n<p><b>Not:<\/b>\u00a0Camdaki k\u00fc\u00e7\u00fck kal\u0131nt\u0131lar (\u00f6rne\u011fin hava) el yap\u0131m\u0131 \u00fcretim nedeniyle tamamen d\u0131\u015flanamaz ve \u015fikayet sebebi olu\u015fturmaz. Temizlendikten sonra m\u0131knat\u0131s kurutulmal\u0131 ve kuru bir yerde saklanmal\u0131d\u0131r.<\/p>\n","protected":false},"featured_media":11002,"template":"","meta":[],"product_brand":[],"product_cat":[131,204],"product_tag":[],"class_list":{"0":"post-11001","1":"product","2":"type-product","3":"status-publish","4":"has-post-thumbnail","6":"product_cat-ithal-takimlar","7":"product_cat-takim","9":"first","10":"instock","11":"purchasable","12":"product-type-simple"},"jetpack_sharing_enabled":true,"_links":{"self":[{"href":"https:\/\/bahrinnargile.com\/index.php\/wp-json\/wp\/v2\/product\/11001","targetHints":{"allow":["GET"]}}],"collection":[{"href":"https:\/\/bahrinnargile.com\/index.php\/wp-json\/wp\/v2\/product"}],"about":[{"href":"https:\/\/bahrinnargile.com\/index.php\/wp-json\/wp\/v2\/types\/product"}],"version-history":[{"count":5,"href":"https:\/\/bahrinnargile.com\/index.php\/wp-json\/wp\/v2\/product\/11001\/revisions"}],"predecessor-version":[{"id":12636,"href":"https:\/\/bahrinnargile.com\/index.php\/wp-json\/wp\/v2\/product\/11001\/revisions\/12636"}],"wp:featuredmedia":[{"embeddable":true,"href":"https:\/\/bahrinnargile.com\/index.php\/wp-json\/wp\/v2\/media\/11002"}],"wp:attachment":[{"href":"https:\/\/bahrinnargile.com\/index.php\/wp-json\/wp\/v2\/media?parent=11001"}],"wp:term":[{"taxonomy":"product_brand","embeddable":true,"href":"https:\/\/bahrinnargile.com\/index.php\/wp-json\/wp\/v2\/product_brand?post=11001"},{"taxonomy":"product_cat","embeddable":true,"href":"https:\/\/bahrinnargile.com\/index.php\/wp-json\/wp\/v2\/product_cat?post=11001"},{"taxonomy":"product_tag","embeddable":true,"href":"https:\/\/bahrinnargile.com\/index.php\/wp-json\/wp\/v2\/product_tag?post=11001"}],"curies":[{"name":"wp","href":"https:\/\/api.w.org\/{rel}","templated":true}]}}