{"id":11010,"date":"2025-12-26T20:38:08","date_gmt":"2025-12-26T20:38:08","guid":{"rendered":"https:\/\/bahrinnargile.com\/?post_type=product&#038;p=11010"},"modified":"2026-04-09T13:11:16","modified_gmt":"2026-04-09T13:11:16","slug":"steamulation-one-tek-cikisli-takim","status":"publish","type":"product","link":"https:\/\/bahrinnargile.com\/index.php\/urun\/steamulation-one-tek-cikisli-takim\/","title":{"rendered":"Steamulation One Tek \u00c7\u0131k\u0131\u015fl\u0131 Tak\u0131m"},"content":{"rendered":"","protected":false},"excerpt":{"rendered":"<h4>&#8211; \u00dcr\u00fcn\u00fcm\u00fcz Orijinaldir.<\/h4>\n<h5>Steamulation Ultimate One Gen.3 Nargile<\/h5>\n<p>Steamulation Ultimate Generation 3 One , m\u00fckemmel i\u015f\u00e7ili\u011fiyle etkileyici nargile tak\u0131m\u0131 V2A ve V4A paslanmaz \u00e7eli\u011fin dayan\u0131kl\u0131l\u0131\u011f\u0131n\u0131 sa\u011flayan teknoloji ile \u00a0t\u00fcm metal par\u00e7alar, Almanya&#8217;daki sertifikal\u0131 Steamulation uzmanlar\u0131 taraf\u0131ndan rakipsiz bir \u00fcretim seviyesinde \u00fcretilir. \u00d6d\u00fcll\u00fc Steamulation nargilelerinin metal par\u00e7alar\u0131n\u0131 cerrahi hassasiyetle i\u015flenmektedir. Tek \u00e7\u0131k\u0131\u015fl\u0131,sabitlenebilen tepsili nargile tak\u0131m\u0131 nargile cafeler i\u00e7in ideal kullan\u0131m \u00f6zellikleri sunmaktad\u0131r.<br \/>\n<strong>D\u00fc\u011fme, So\u011futucu Temizleme ( Yeni \u00d6zellik )<\/strong><br \/>\nTek d\u00fc\u011fmeyle entegre so\u011futma sistemidir. Yeni so\u011futucu temizleme fonksiyonuyla, l\u00fclenizin t\u00fct\u00fcn haznesini nargile i\u00e7imi s\u0131ras\u0131nda aktif olarak so\u011futabilirsiniz. Bunun i\u00e7in g\u00f6vde merkezindeki zarif entegre d\u00fc\u011fmeye basman\u0131z yeterli olacakt\u0131r. So\u011futma d\u00fc\u011fmesine bas\u0131p, hortuma yava\u015f\u00e7a \u00fcfleyince \u0131s\u0131 kontroll\u00fc bir \u015fekilde d\u0131\u015far\u0131 at\u0131l\u0131r. L\u00fcle haznesinin i\u00e7indeki t\u00fct\u00fcn \u00a0sert veya \u00e7ok yo\u011fun hale geldi\u011finde t\u00fct\u00fcn\u00fcn\u00fcz\u00fcn a\u015f\u0131r\u0131 \u0131s\u0131nmas\u0131n\u0131 veya h\u0131zl\u0131 tepki vermesini \u00f6nlemek i\u00e7in m\u00fckemmeldir.<br \/>\n<strong>Optimize Edilmi\u015f Hava Ak\u0131\u015f\u0131 ( Yeni \u00d6zellik )<\/strong><br \/>\nHedeflenen aerodinamik iyile\u015ftirmeler sayesinde, Ultimate Gen.III One, kontrol veya duman tahliye ve \u00e7eki\u015f performans\u0131ndan \u00f6d\u00fcn vermeden, selefine k\u0131yasla yakla\u015f\u0131k %10 daha kolay \u00e7eki\u015f sa\u011fl\u0131yor. Piyasadaki en ak\u0131c\u0131 ayarlanabilir hava ak\u0131\u015f\u0131na sahip tek\u00a0hortumlu nargile ve bunu tamamen otomatik \u00e7eki\u015f ve duman tahliye sistemiyle birle\u015ftiren tek nargiledir.<br \/>\n<strong>\u00c7ift Birle\u015fme\u00a0Sistemi<\/strong><br \/>\nD\u00fcnyan\u0131n en modern ve patentli iki kilitleme teknolojisi ilk kez bir araya getirildi. Steamclick ve Xpansion&#8217;\u0131n plug in entegrasyonu, herhangi bir adapt\u00f6re ihtiya\u00e7 duymadan nargilenizi her zamankinden daha rahat bir \u015fekilde kullanman\u0131z\u0131 sa\u011fl\u0131yor. Hem kilitli hem de ge\u00e7meli \u015fi\u015feler ile kulanman\u0131za olanak sa\u011fl\u0131yor.<br \/>\n<strong>Duman Tahliye Pro Steamulation Ultimate Gen.3 One<\/strong><br \/>\n\u00c7ok \u00e7\u0131k\u0131\u015fl\u0131 nargileler i\u00e7in d\u00fcnyan\u0131n en geli\u015fmi\u015f \u00fcfleme sistemine sahiptir. Benzersiz Steamulation Purge Pro valfi, birlikte i\u00e7mek istedi\u011finiz herkesin valf bilyesini\u00a0\u00e7\u0131karmadan hazneyi kolayca \u00fcflemesini sa\u011flar .<br \/>\n<strong>So\u011futma dif\u00fcz\u00f6r uyumlulu\u011fu<\/strong><br \/>\nSteamulation Ultimate, iste\u011fe ba\u011fl\u0131 So\u011futma Dif\u00fcz\u00f6r\u00fc ile uyumludur. Kompakt tasar\u0131m\u0131, nargile keyfini benzersiz bir \u015fekilde geli\u015ftiren ve optimize eden \u00e7ok say\u0131da i\u015flevi bir araya getirmektedir.<br \/>\n<strong>So\u011futma kontrol uyumlulu\u011fu<\/strong><br \/>\n\u0130ste\u011fe ba\u011fl\u0131 So\u011futma Kontrol Adapt\u00f6r\u00fc, \u00fcflenen havan\u0131n bir k\u0131sm\u0131n\u0131 iste\u011fe ba\u011fl\u0131 olarak \u00fcst duman s\u00fctununa geri t\u00fct\u00fcn l\u00fclesine y\u00f6nlendirir. Bu, t\u00fct\u00fcn l\u00fclesinin hedeflenen bir \u015fekilde so\u011futulmas\u0131n\u0131 sa\u011flar. Hava hacmi ayarlanabilir ve kapat\u0131labilir veya kal\u0131c\u0131 olarak etkin kalabilir.<br \/>\n<strong>X Blow Off + uyumluluk<\/strong><br \/>\nAyr\u0131ca Steamulation Ultimate&#8217;\u0131n\u0131zla iyi bilinen X-Blow Off +&#8217;\u0131 da kullanabilirsiniz. \u00dcfleme plakas\u0131, k\u00f6m\u00fcr plakas\u0131n\u0131n alt\u0131ndaki \u00fcfleme plakas\u0131n\u0131 \u00e7evirerek etkinle\u015ftirilebilir ve devre d\u0131\u015f\u0131 b\u0131rak\u0131labilir. \u0130yi bilinen X Blow Off ile 31 farkl\u0131 \u00fcfleme se\u00e7ene\u011finiz var.<br \/>\nHava Ak\u0131\u015f\u0131 Kontrol\u00fc, A\u015f\u0131r\u0131 bas\u0131n\u00e7 kontrol\u00fc dahil AirFlow Kontrol\u00fc<br \/>\nM\u00fckemmel nargile i\u00e7me deneyiminiz i\u00e7in. Her hortum ba\u011flant\u0131s\u0131, her kullan\u0131c\u0131 i\u00e7in optimum \u00e7eki\u015fi sa\u011flamak \u00fczere ayr\u0131 ayr\u0131 ayarlanabilir.<br \/>\n<strong>Dald\u0131rma Borusu Kontrol\u00fc<\/strong><br \/>\nDip Tube Control sayesinde Steamulation Ultimate&#8217;\u0131n\u0131z\u0131n dip borusunu farkl\u0131 boyutlardaki kaselere ve optimum su seviyesine g\u00f6re 10 kademede kolayca ayarlayabilirsiniz.<br \/>\n<strong>Geli\u015fmi\u015f dif\u00fcz\u00f6r<\/strong><br \/>\nDif\u00fcz\u00f6rdeki y\u00fczen bir top, su s\u00fctununun dald\u0131rma borusunda y\u00fckselmesini ve sal\u0131nmas\u0131n\u0131 \u00f6nler. Takt\u0131\u011f\u0131n\u0131zda, suyun \u00f6nce dald\u0131rma borusundan \u00e7\u0131kar\u0131lmas\u0131 gerekmedi\u011finden, hemen ho\u015f bir \u00e7eki\u015f\u00a0hissedersiniz.<br \/>\n<strong>Steamulation Ultimate Gen.2 Nargile Tak\u0131m\u0131 \u00d6l\u00e7\u00fcleri :<\/strong><br \/>\nA\u011f\u0131rl\u0131k\u00a0\u00a0 \u00a03,9 kilo<br \/>\nBoyutlar\u00a0\u00a0 \u00a051 cm<\/p>\n<p><strong>\u00d6nemli bilgi:<\/strong><br \/>\nT\u00fcm kaselerimiz el \u00fcfleme kristal camdan yap\u0131ld\u0131\u011f\u0131ndan, cam\u0131n d\u0131\u015f\u0131n\u0131 \u0131l\u0131k su ve sadece yumu\u015fak bir bezle temizlemenizi tavsiye etti\u011fimizi belirtmek isteriz.<\/p>\n","protected":false},"featured_media":11011,"template":"","meta":[],"product_brand":[],"product_cat":[131,204,138],"product_tag":[],"class_list":{"0":"post-11010","1":"product","2":"type-product","3":"status-publish","4":"has-post-thumbnail","6":"product_cat-ithal-takimlar","7":"product_cat-takim","8":"product_cat-steamulation","10":"first","11":"instock","12":"purchasable","13":"product-type-simple"},"jetpack_sharing_enabled":true,"_links":{"self":[{"href":"https:\/\/bahrinnargile.com\/index.php\/wp-json\/wp\/v2\/product\/11010","targetHints":{"allow":["GET"]}}],"collection":[{"href":"https:\/\/bahrinnargile.com\/index.php\/wp-json\/wp\/v2\/product"}],"about":[{"href":"https:\/\/bahrinnargile.com\/index.php\/wp-json\/wp\/v2\/types\/product"}],"version-history":[{"count":3,"href":"https:\/\/bahrinnargile.com\/index.php\/wp-json\/wp\/v2\/product\/11010\/revisions"}],"predecessor-version":[{"id":12592,"href":"https:\/\/bahrinnargile.com\/index.php\/wp-json\/wp\/v2\/product\/11010\/revisions\/12592"}],"wp:featuredmedia":[{"embeddable":true,"href":"https:\/\/bahrinnargile.com\/index.php\/wp-json\/wp\/v2\/media\/11011"}],"wp:attachment":[{"href":"https:\/\/bahrinnargile.com\/index.php\/wp-json\/wp\/v2\/media?parent=11010"}],"wp:term":[{"taxonomy":"product_brand","embeddable":true,"href":"https:\/\/bahrinnargile.com\/index.php\/wp-json\/wp\/v2\/product_brand?post=11010"},{"taxonomy":"product_cat","embeddable":true,"href":"https:\/\/bahrinnargile.com\/index.php\/wp-json\/wp\/v2\/product_cat?post=11010"},{"taxonomy":"product_tag","embeddable":true,"href":"https:\/\/bahrinnargile.com\/index.php\/wp-json\/wp\/v2\/product_tag?post=11010"}],"curies":[{"name":"wp","href":"https:\/\/api.w.org\/{rel}","templated":true}]}}