{"id":11019,"date":"2025-12-26T20:44:24","date_gmt":"2025-12-26T20:44:24","guid":{"rendered":"https:\/\/bahrinnargile.com\/?post_type=product&#038;p=11019"},"modified":"2026-04-09T13:10:05","modified_gmt":"2026-04-09T13:10:05","slug":"vyro-one-takim","status":"publish","type":"product","link":"https:\/\/bahrinnargile.com\/index.php\/urun\/vyro-one-takim\/","title":{"rendered":"VYRO One Tak\u0131m"},"content":{"rendered":"","protected":false},"excerpt":{"rendered":"<h4>&#8211; \u00dcr\u00fcn\u00fcm\u00fcz Orijinaldir.<\/h4>\n<p>Yeni Vyro One tak\u0131mlar revize edildi. Yeni bir tahliye sistemi ve s\u00f6k\u00fcl\u00fcp de\u011fi\u015ftirilebilir g\u00f6vde ile g\u00fcncellendi.<\/p>\n<p>Vyro One nargile tak\u0131m\u0131 V2A paslanmaz \u00e7elik ve ger\u00e7ek karbon kullan\u0131\u0131larak \u00fcretilmi\u015ftir.<\/p>\n<p>Vyro One \u00fcretiminde ger\u00e7ek karbon kullan\u0131ld\u0131\u011f\u0131 i\u00e7in k\u0131r\u0131lmaya kar\u015f\u0131 \u00e7ok dayan\u0131kl\u0131 olarak \u00fcretilmi\u015ftir.<\/p>\n<p>G\u00f6vde k\u0131sm\u0131 de\u011fi\u015ftirilebilir olarak tasarlanm\u0131\u015ft\u0131r. Kullan\u0131c\u0131 istedi\u011fi zaman farkl\u0131 g\u00f6vdeler ile nargile tak\u0131m\u0131n\u0131 revize edebilir.<\/p>\n<p>Yeni geli\u015ftirilen tahliye sistemi sayesinde duman art\u0131k su alt\u0131ndan tahliye edilebilmektedir.<\/p>\n","protected":false},"featured_media":11020,"template":"","meta":[],"product_brand":[],"product_cat":[131,204],"product_tag":[],"class_list":{"0":"post-11019","1":"product","2":"type-product","3":"status-publish","4":"has-post-thumbnail","6":"product_cat-ithal-takimlar","7":"product_cat-takim","9":"first","10":"instock","11":"purchasable","12":"product-type-simple"},"jetpack_sharing_enabled":true,"_links":{"self":[{"href":"https:\/\/bahrinnargile.com\/index.php\/wp-json\/wp\/v2\/product\/11019","targetHints":{"allow":["GET"]}}],"collection":[{"href":"https:\/\/bahrinnargile.com\/index.php\/wp-json\/wp\/v2\/product"}],"about":[{"href":"https:\/\/bahrinnargile.com\/index.php\/wp-json\/wp\/v2\/types\/product"}],"version-history":[{"count":5,"href":"https:\/\/bahrinnargile.com\/index.php\/wp-json\/wp\/v2\/product\/11019\/revisions"}],"predecessor-version":[{"id":12589,"href":"https:\/\/bahrinnargile.com\/index.php\/wp-json\/wp\/v2\/product\/11019\/revisions\/12589"}],"wp:featuredmedia":[{"embeddable":true,"href":"https:\/\/bahrinnargile.com\/index.php\/wp-json\/wp\/v2\/media\/11020"}],"wp:attachment":[{"href":"https:\/\/bahrinnargile.com\/index.php\/wp-json\/wp\/v2\/media?parent=11019"}],"wp:term":[{"taxonomy":"product_brand","embeddable":true,"href":"https:\/\/bahrinnargile.com\/index.php\/wp-json\/wp\/v2\/product_brand?post=11019"},{"taxonomy":"product_cat","embeddable":true,"href":"https:\/\/bahrinnargile.com\/index.php\/wp-json\/wp\/v2\/product_cat?post=11019"},{"taxonomy":"product_tag","embeddable":true,"href":"https:\/\/bahrinnargile.com\/index.php\/wp-json\/wp\/v2\/product_tag?post=11019"}],"curies":[{"name":"wp","href":"https:\/\/api.w.org\/{rel}","templated":true}]}}