{"id":11022,"date":"2025-12-26T20:46:16","date_gmt":"2025-12-26T20:46:16","guid":{"rendered":"https:\/\/bahrinnargile.com\/?post_type=product&#038;p=11022"},"modified":"2026-04-10T11:21:39","modified_gmt":"2026-04-10T11:21:39","slug":"amotion-room-takim","status":"publish","type":"product","link":"https:\/\/bahrinnargile.com\/index.php\/urun\/amotion-room-takim\/","title":{"rendered":"Amotion Roam Tak\u0131m"},"content":{"rendered":"","protected":false},"excerpt":{"rendered":"<h4 dir=\"ltr\">&#8211; \u00dcr\u00fcn\u00fcm\u00fcz A Kalitedir.<\/h4>\n<h5 dir=\"ltr\">\u00d6zellikler:<\/h5>\n<ul>\n<li dir=\"ltr\" aria-level=\"1\">\n<p dir=\"ltr\" role=\"presentation\">Ta\u015f\u0131nabilirlik i\u00e7in kompakt, hafif tasar\u0131m<\/p>\n<\/li>\n<li dir=\"ltr\" aria-level=\"1\">\n<p dir=\"ltr\" role=\"presentation\">Uzun \u00f6m\u00fcrl\u00fc kullan\u0131m i\u00e7in dayan\u0131kl\u0131 yap\u0131<\/p>\n<\/li>\n<li dir=\"ltr\" aria-level=\"1\">\n<p dir=\"ltr\" role=\"presentation\">Optimize edilmi\u015f hava ak\u0131\u015f sistemi<\/p>\n<\/li>\n<li dir=\"ltr\" aria-level=\"1\">\n<p dir=\"ltr\" role=\"presentation\">5 canl\u0131 renk aras\u0131ndan se\u00e7im yap\u0131n &#8211; Asher, Kobalt, Kire\u00e7, Leylak rengi ve Ta\u015f.<\/p>\n<\/li>\n<li dir=\"ltr\" aria-level=\"1\">\n<p dir=\"ltr\" role=\"presentation\">Hortum ba\u011flant\u0131s\u0131, kafa adapt\u00f6r\u00fc, dald\u0131rma borusu ve s\u0131zd\u0131rmazl\u0131k kapa\u011f\u0131n\u0131 i\u00e7erir<\/p>\n<\/li>\n<\/ul>\n<h5 dir=\"ltr\">Faydalar\u0131:<\/h5>\n<ul>\n<li dir=\"ltr\" aria-level=\"1\">\n<p dir=\"ltr\" role=\"presentation\">Hareket halindeyken sigara i\u00e7mek i\u00e7in m\u00fckemmeldir<\/p>\n<\/li>\n<li dir=\"ltr\" aria-level=\"1\">\n<p dir=\"ltr\" role=\"presentation\">Kurulumu, s\u00f6k\u00fclmesi ve temizlenmesi kolayd\u0131r<\/p>\n<\/li>\n<li dir=\"ltr\" aria-level=\"1\">\n<p dir=\"ltr\" role=\"presentation\">Hem yeni ba\u015flayanlar hem de deneyimli sigara i\u00e7enler i\u00e7in idealdir<\/p>\n<\/li>\n<li dir=\"ltr\" aria-level=\"1\">\n<p dir=\"ltr\" role=\"presentation\">Kirlenmeyi \u00f6nleyen ipek dokunmatik y\u00fczey<\/p>\n<\/li>\n<\/ul>\n","protected":false},"featured_media":11023,"template":"","meta":[],"product_brand":[],"product_cat":[131,204],"product_tag":[],"class_list":{"0":"post-11022","1":"product","2":"type-product","3":"status-publish","4":"has-post-thumbnail","6":"product_cat-ithal-takimlar","7":"product_cat-takim","9":"first","10":"instock","11":"purchasable","12":"product-type-simple"},"jetpack_sharing_enabled":true,"_links":{"self":[{"href":"https:\/\/bahrinnargile.com\/index.php\/wp-json\/wp\/v2\/product\/11022","targetHints":{"allow":["GET"]}}],"collection":[{"href":"https:\/\/bahrinnargile.com\/index.php\/wp-json\/wp\/v2\/product"}],"about":[{"href":"https:\/\/bahrinnargile.com\/index.php\/wp-json\/wp\/v2\/types\/product"}],"version-history":[{"count":5,"href":"https:\/\/bahrinnargile.com\/index.php\/wp-json\/wp\/v2\/product\/11022\/revisions"}],"predecessor-version":[{"id":12638,"href":"https:\/\/bahrinnargile.com\/index.php\/wp-json\/wp\/v2\/product\/11022\/revisions\/12638"}],"wp:featuredmedia":[{"embeddable":true,"href":"https:\/\/bahrinnargile.com\/index.php\/wp-json\/wp\/v2\/media\/11023"}],"wp:attachment":[{"href":"https:\/\/bahrinnargile.com\/index.php\/wp-json\/wp\/v2\/media?parent=11022"}],"wp:term":[{"taxonomy":"product_brand","embeddable":true,"href":"https:\/\/bahrinnargile.com\/index.php\/wp-json\/wp\/v2\/product_brand?post=11022"},{"taxonomy":"product_cat","embeddable":true,"href":"https:\/\/bahrinnargile.com\/index.php\/wp-json\/wp\/v2\/product_cat?post=11022"},{"taxonomy":"product_tag","embeddable":true,"href":"https:\/\/bahrinnargile.com\/index.php\/wp-json\/wp\/v2\/product_tag?post=11022"}],"curies":[{"name":"wp","href":"https:\/\/api.w.org\/{rel}","templated":true}]}}