{"id":11062,"date":"2025-12-26T21:07:17","date_gmt":"2025-12-26T21:07:17","guid":{"rendered":"https:\/\/bahrinnargile.com\/?post_type=product&#038;p=11062"},"modified":"2026-04-10T11:24:23","modified_gmt":"2026-04-10T11:24:23","slug":"isikli-takim","status":"publish","type":"product","link":"https:\/\/bahrinnargile.com\/index.php\/urun\/isikli-takim\/","title":{"rendered":"I\u015f\u0131kl\u0131 Tak\u0131m"},"content":{"rendered":"","protected":false},"excerpt":{"rendered":"<h4>&#8211; \u00dcr\u00fcn\u00fcm\u00fcz A Kalitedir.<\/h4>\n","protected":false},"featured_media":11063,"template":"","meta":[],"product_brand":[],"product_cat":[204],"product_tag":[],"class_list":{"0":"post-11062","1":"product","2":"type-product","3":"status-publish","4":"has-post-thumbnail","6":"product_cat-takim","8":"first","9":"instock","10":"purchasable","11":"product-type-simple"},"jetpack_sharing_enabled":true,"_links":{"self":[{"href":"https:\/\/bahrinnargile.com\/index.php\/wp-json\/wp\/v2\/product\/11062","targetHints":{"allow":["GET"]}}],"collection":[{"href":"https:\/\/bahrinnargile.com\/index.php\/wp-json\/wp\/v2\/product"}],"about":[{"href":"https:\/\/bahrinnargile.com\/index.php\/wp-json\/wp\/v2\/types\/product"}],"version-history":[{"count":3,"href":"https:\/\/bahrinnargile.com\/index.php\/wp-json\/wp\/v2\/product\/11062\/revisions"}],"predecessor-version":[{"id":12647,"href":"https:\/\/bahrinnargile.com\/index.php\/wp-json\/wp\/v2\/product\/11062\/revisions\/12647"}],"wp:featuredmedia":[{"embeddable":true,"href":"https:\/\/bahrinnargile.com\/index.php\/wp-json\/wp\/v2\/media\/11063"}],"wp:attachment":[{"href":"https:\/\/bahrinnargile.com\/index.php\/wp-json\/wp\/v2\/media?parent=11062"}],"wp:term":[{"taxonomy":"product_brand","embeddable":true,"href":"https:\/\/bahrinnargile.com\/index.php\/wp-json\/wp\/v2\/product_brand?post=11062"},{"taxonomy":"product_cat","embeddable":true,"href":"https:\/\/bahrinnargile.com\/index.php\/wp-json\/wp\/v2\/product_cat?post=11062"},{"taxonomy":"product_tag","embeddable":true,"href":"https:\/\/bahrinnargile.com\/index.php\/wp-json\/wp\/v2\/product_tag?post=11062"}],"curies":[{"name":"wp","href":"https:\/\/api.w.org\/{rel}","templated":true}]}}