{"id":11077,"date":"2025-12-26T21:14:39","date_gmt":"2025-12-26T21:14:39","guid":{"rendered":"https:\/\/bahrinnargile.com\/?post_type=product&#038;p=11077"},"modified":"2026-04-10T11:25:18","modified_gmt":"2026-04-10T11:25:18","slug":"matpear-mini-takim","status":"publish","type":"product","link":"https:\/\/bahrinnargile.com\/index.php\/urun\/matpear-mini-takim\/","title":{"rendered":"Matpear Mini S Ball Nargile Tak\u0131m\u0131"},"content":{"rendered":"","protected":false},"excerpt":{"rendered":"<h4>&#8211; \u00dcr\u00fcn\u00fcm\u00fcz A Kalitedir.<\/h4>\n<p>MattPear, modern nargile d\u00fcnyas\u0131nda kalite ve tasar\u0131m standartlar\u0131n\u0131 belirleyen markalardan biridir. Mini S Ball modeli, hem ge\u00e7meli hem de vidal\u0131 sistem ile kullan\u0131labilen \u00f6zel ba\u011flant\u0131 yap\u0131s\u0131na sahiptir. Bu sayede kullan\u0131c\u0131ya farkl\u0131 montaj se\u00e7enekleri sunar. Y\u00fcksek kaliteli paslanmaz \u00e7elik malzemesi dayan\u0131kl\u0131l\u0131k sa\u011flarken, detaylardaki i\u015f\u00e7ilik sayesinde uzun \u00f6m\u00fcrl\u00fc ve hijyenik bir deneyim sunar. Model \u015fi\u015fesiz olarak sat\u0131lmaktad\u0131r, kullan\u0131c\u0131ya diledi\u011fi \u015fi\u015feyi se\u00e7me imkan\u0131 tan\u0131r.<\/p>\n<ul>\n<li>G\u00f6vde Malzemesi: Paslanmaz \u00e7elik<\/li>\n<li>Ba\u011flant\u0131 Sistemi: Ge\u00e7meli ve vidal\u0131 kullan\u0131m<\/li>\n<li>Uyum: \u00d6zel bilezikli MattPear \u015fi\u015feleri ile tam uyum<\/li>\n<li>Marpu\u00e7: 160 cm uzunlu\u011funda, 11 mm i\u00e7 \u00e7ap<\/li>\n<li>Marpu\u00e7 ba\u015fl\u0131\u011f\u0131: 360 mm uzunluk, 12 mm yuva \u00e7ap\u0131<\/li>\n<li>G\u00f6vde y\u00fcksekli\u011fi: 410 mm (\u015fi\u015fesiz)<\/li>\n<li>A\u011f\u0131rl\u0131k: 1960 gr (\u015fi\u015fesiz)<\/li>\n<\/ul>\n","protected":false},"featured_media":11685,"template":"","meta":[],"product_brand":[],"product_cat":[130,136,204],"product_tag":[],"class_list":{"0":"post-11077","1":"product","2":"type-product","3":"status-publish","4":"has-post-thumbnail","6":"product_cat-celik-takimlar","7":"product_cat-digerleri","8":"product_cat-takim","10":"first","11":"instock","12":"purchasable","13":"product-type-simple"},"jetpack_sharing_enabled":true,"_links":{"self":[{"href":"https:\/\/bahrinnargile.com\/index.php\/wp-json\/wp\/v2\/product\/11077","targetHints":{"allow":["GET"]}}],"collection":[{"href":"https:\/\/bahrinnargile.com\/index.php\/wp-json\/wp\/v2\/product"}],"about":[{"href":"https:\/\/bahrinnargile.com\/index.php\/wp-json\/wp\/v2\/types\/product"}],"version-history":[{"count":4,"href":"https:\/\/bahrinnargile.com\/index.php\/wp-json\/wp\/v2\/product\/11077\/revisions"}],"predecessor-version":[{"id":12650,"href":"https:\/\/bahrinnargile.com\/index.php\/wp-json\/wp\/v2\/product\/11077\/revisions\/12650"}],"wp:featuredmedia":[{"embeddable":true,"href":"https:\/\/bahrinnargile.com\/index.php\/wp-json\/wp\/v2\/media\/11685"}],"wp:attachment":[{"href":"https:\/\/bahrinnargile.com\/index.php\/wp-json\/wp\/v2\/media?parent=11077"}],"wp:term":[{"taxonomy":"product_brand","embeddable":true,"href":"https:\/\/bahrinnargile.com\/index.php\/wp-json\/wp\/v2\/product_brand?post=11077"},{"taxonomy":"product_cat","embeddable":true,"href":"https:\/\/bahrinnargile.com\/index.php\/wp-json\/wp\/v2\/product_cat?post=11077"},{"taxonomy":"product_tag","embeddable":true,"href":"https:\/\/bahrinnargile.com\/index.php\/wp-json\/wp\/v2\/product_tag?post=11077"}],"curies":[{"name":"wp","href":"https:\/\/api.w.org\/{rel}","templated":true}]}}