{"id":11093,"date":"2025-12-27T09:28:11","date_gmt":"2025-12-27T09:28:11","guid":{"rendered":"https:\/\/bahrinnargile.com\/?post_type=product&#038;p=11093"},"modified":"2026-04-09T13:06:43","modified_gmt":"2026-04-09T13:06:43","slug":"amy-mini-takim","status":"publish","type":"product","link":"https:\/\/bahrinnargile.com\/index.php\/urun\/amy-mini-takim\/","title":{"rendered":"Amy Deluxe Bohemian Cut Nargile Tak\u0131m\u0131"},"content":{"rendered":"","protected":false},"excerpt":{"rendered":"<h4>&#8211; \u00dcr\u00fcn\u00fcm\u00fcz Orijinaldir.<\/h4>\n<p>AMY Deluxe Bohemian Cut, ustaca oyulmu\u015f ah\u015fap duman s\u00fctunu ve kal\u0131n duvarl\u0131 kasenin \u00f6zenle ta\u015flanmas\u0131yla Bohem ustalar\u0131n\u0131n i\u015f\u00e7ili\u011fini hat\u0131rlat\u0131yor.<\/p>\n<p>Not: Renk Se\u00e7enekleri i\u00e7in l\u00fctfen ileti\u015fime ge\u00e7iniz.<\/p>\n<p>T\u00fcr: ah\u015fap nargile<\/p>\n<p>Y\u00fckseklik: 75cm<\/p>\n<p>Ba\u011flant\u0131lar: 2 adet<\/p>\n<p>Kutu \u0130\u00e7eri\u011fi :<\/p>\n<p>\u2022 \u00d6zel Kilden \u00dcretilmi\u015f L\u00fcle<\/p>\n<p>\u2022 Ah\u015fap kaplamal\u0131 paslanmaz \u00e7elik Ser<\/p>\n<p>\u2022 Cam kase<\/p>\n<p>\u2022 Vidal\u0131 \u00fcst sistem<\/p>\n<p>\u2022 Bilyeli mafsall\u0131 kesme adapt\u00f6r\u00fc<\/p>\n<p>\u2022 Kapal\u0131 Oda Sistemi<\/p>\n<p>\u2022 2 hortum ba\u011flant\u0131s\u0131<\/p>\n<p>\u2022 \u00c7\u0131kar\u0131labilir alt t\u00fcp dif\u00fcz\u00f6r\u00fc<\/p>\n<p>\u2022 Silikon hortum ve al\u00fcminyum a\u011f\u0131zl\u0131k<\/p>\n<p>\u2022 A\u011f\u0131zl\u0131k tutucusu<\/p>\n<p>\u2022 K\u00fcl plakas\u0131 ve k\u00f6m\u00fcr ma\u015fas\u0131<\/p>\n","protected":false},"featured_media":12202,"template":"","meta":[],"product_brand":[],"product_cat":[131,204],"product_tag":[],"class_list":{"0":"post-11093","1":"product","2":"type-product","3":"status-publish","4":"has-post-thumbnail","6":"product_cat-ithal-takimlar","7":"product_cat-takim","9":"first","10":"instock","11":"purchasable","12":"product-type-simple"},"jetpack_sharing_enabled":true,"_links":{"self":[{"href":"https:\/\/bahrinnargile.com\/index.php\/wp-json\/wp\/v2\/product\/11093","targetHints":{"allow":["GET"]}}],"collection":[{"href":"https:\/\/bahrinnargile.com\/index.php\/wp-json\/wp\/v2\/product"}],"about":[{"href":"https:\/\/bahrinnargile.com\/index.php\/wp-json\/wp\/v2\/types\/product"}],"version-history":[{"count":5,"href":"https:\/\/bahrinnargile.com\/index.php\/wp-json\/wp\/v2\/product\/11093\/revisions"}],"predecessor-version":[{"id":12580,"href":"https:\/\/bahrinnargile.com\/index.php\/wp-json\/wp\/v2\/product\/11093\/revisions\/12580"}],"wp:featuredmedia":[{"embeddable":true,"href":"https:\/\/bahrinnargile.com\/index.php\/wp-json\/wp\/v2\/media\/12202"}],"wp:attachment":[{"href":"https:\/\/bahrinnargile.com\/index.php\/wp-json\/wp\/v2\/media?parent=11093"}],"wp:term":[{"taxonomy":"product_brand","embeddable":true,"href":"https:\/\/bahrinnargile.com\/index.php\/wp-json\/wp\/v2\/product_brand?post=11093"},{"taxonomy":"product_cat","embeddable":true,"href":"https:\/\/bahrinnargile.com\/index.php\/wp-json\/wp\/v2\/product_cat?post=11093"},{"taxonomy":"product_tag","embeddable":true,"href":"https:\/\/bahrinnargile.com\/index.php\/wp-json\/wp\/v2\/product_tag?post=11093"}],"curies":[{"name":"wp","href":"https:\/\/api.w.org\/{rel}","templated":true}]}}