{"id":11108,"date":"2025-12-27T09:56:16","date_gmt":"2025-12-27T09:56:16","guid":{"rendered":"https:\/\/bahrinnargile.com\/?post_type=product&#038;p=11108"},"modified":"2026-04-12T12:13:50","modified_gmt":"2026-04-12T12:13:50","slug":"cantali-celik-takim","status":"publish","type":"product","link":"https:\/\/bahrinnargile.com\/index.php\/urun\/cantali-celik-takim\/","title":{"rendered":"\u00c7antal\u0131 \u00c7elik Tak\u0131m"},"content":{"rendered":"","protected":false},"excerpt":{"rendered":"<ul>\n<li>\n<h4>\u00dcr\u00fcn\u00fcm\u00fcz A Kalitedir.<\/h4>\n<\/li>\n<\/ul>\n<p>&#8211; 1.kalite 303 \u00e7elikten \u00fcretilmi\u015ftir.<\/p>\n<p>&#8211; Kolay i\u00e7im sa\u011flamak amac\u0131yla ayarlanabilir dif\u00fcz\u00f6r sistemine sahiptir.<\/p>\n<p>&#8211; G\u00f6bekten ayarlanabilir full tahliye sistemiyle \u00e7al\u0131\u015f\u0131r; bu sayede tek nefeste h\u0131zl\u0131 tahliye imk\u00e2n\u0131 sunar.<\/p>\n<p>&#8211; S\u00f6k\u00fclebilir yap\u0131s\u0131 sayesinde temizli\u011fi olduk\u00e7a pratik ve kolayd\u0131r.<\/p>\n<p>&#8211; &#8211; Portatif yap\u0131s\u0131 sayesinde kolayca s\u00f6k\u00fcl\u00fcp \u00e7antas\u0131yla beraber ta\u015f\u0131nabilir.<\/p>\n<p>&#8211; Tepsi, tamamen \u00e7elik yap\u0131da oldu\u011fu i\u00e7in kararma veya deformasyon gibi sorunlar ya\u015fanmaz.<\/p>\n","protected":false},"featured_media":11708,"template":"","meta":[],"product_brand":[],"product_cat":[130,136,204],"product_tag":[],"class_list":{"0":"post-11108","1":"product","2":"type-product","3":"status-publish","4":"has-post-thumbnail","6":"product_cat-celik-takimlar","7":"product_cat-digerleri","8":"product_cat-takim","10":"first","11":"instock","12":"purchasable","13":"product-type-simple"},"jetpack_sharing_enabled":true,"_links":{"self":[{"href":"https:\/\/bahrinnargile.com\/index.php\/wp-json\/wp\/v2\/product\/11108","targetHints":{"allow":["GET"]}}],"collection":[{"href":"https:\/\/bahrinnargile.com\/index.php\/wp-json\/wp\/v2\/product"}],"about":[{"href":"https:\/\/bahrinnargile.com\/index.php\/wp-json\/wp\/v2\/types\/product"}],"version-history":[{"count":3,"href":"https:\/\/bahrinnargile.com\/index.php\/wp-json\/wp\/v2\/product\/11108\/revisions"}],"predecessor-version":[{"id":12776,"href":"https:\/\/bahrinnargile.com\/index.php\/wp-json\/wp\/v2\/product\/11108\/revisions\/12776"}],"wp:featuredmedia":[{"embeddable":true,"href":"https:\/\/bahrinnargile.com\/index.php\/wp-json\/wp\/v2\/media\/11708"}],"wp:attachment":[{"href":"https:\/\/bahrinnargile.com\/index.php\/wp-json\/wp\/v2\/media?parent=11108"}],"wp:term":[{"taxonomy":"product_brand","embeddable":true,"href":"https:\/\/bahrinnargile.com\/index.php\/wp-json\/wp\/v2\/product_brand?post=11108"},{"taxonomy":"product_cat","embeddable":true,"href":"https:\/\/bahrinnargile.com\/index.php\/wp-json\/wp\/v2\/product_cat?post=11108"},{"taxonomy":"product_tag","embeddable":true,"href":"https:\/\/bahrinnargile.com\/index.php\/wp-json\/wp\/v2\/product_tag?post=11108"}],"curies":[{"name":"wp","href":"https:\/\/api.w.org\/{rel}","templated":true}]}}