{"id":11111,"date":"2025-12-27T09:57:44","date_gmt":"2025-12-27T09:57:44","guid":{"rendered":"https:\/\/bahrinnargile.com\/?post_type=product&#038;p=11111"},"modified":"2026-04-10T19:30:11","modified_gmt":"2026-04-10T19:30:11","slug":"amotion-valve-takim","status":"publish","type":"product","link":"https:\/\/bahrinnargile.com\/index.php\/urun\/amotion-valve-takim\/","title":{"rendered":"Moze Amotion Valve Nargile Tak\u0131m\u0131"},"content":{"rendered":"","protected":false},"excerpt":{"rendered":"<h4>&#8211; \u00dcr\u00fcn\u00fcm\u00fcz Orijinaldir.<\/h4>\n<h5>Amotion Valve \u2013 Limit Yok!<\/h5>\n<p>Amotion markas\u0131 alt\u0131nda geli\u015ftirdi\u011fimiz nargileler, m\u00fc\u015fterilerimizi her y\u00f6nden etkilemek i\u00e7in tasarlanm\u0131\u015ft\u0131r. Bu, duman performans\u0131 gibi temel hususlarla ba\u015flar ve tasar\u0131m\u0131n en ince ayr\u0131nt\u0131lar\u0131na kadar uzan\u0131r. 52 cm y\u00fckseklikte duran Amotion Valve, Amotion markas\u0131n\u0131n ilk \u201clarge\u201d nargilesidir.<\/p>\n<p>Valf, araba yar\u0131\u015f\u0131 ve ayarlama tutkusu olanlar i\u00e7in yarat\u0131ld\u0131. Yakla\u015f\u0131k iki y\u0131l\u0131m\u0131z\u0131 geli\u015fimine adad\u0131k, tam olarak tatmin olana kadar her ayr\u0131nt\u0131 \u00fczerinde titizlikle \u00e7al\u0131\u015ft\u0131k. Malzemeler, yap\u0131, \u015fekiller, grafik tasar\u0131m ve hatta patlama motor sporlar\u0131ndan ilham al\u0131yor.<\/p>\n<p>Ayr\u0131nt\u0131l\u0131 tasar\u0131m\u0131n\u0131n \u00f6tesinde, nargilenin patlamas\u0131 ger\u00e7ek bir g\u00f6z al\u0131c\u0131d\u0131r. Bir yar\u0131\u015f arabas\u0131n\u0131n egzozunu an\u0131msatacak \u015fekilde koldan patlay\u0131c\u0131 bir \u015fekilde ate\u015f edecek \u015fekilde tasarland\u0131.<\/p>\n<p>Tasar\u0131m\u0131n kendisi yar\u0131\u015f ara\u00e7lar\u0131ndan bir\u00e7ok ilham al\u0131yor; \u00f6rne\u011fin k\u00f6m\u00fcr tepsisi fren diski g\u00f6r\u00fcn\u00fcm\u00fcne benzeyen iki ayr\u0131 plakadan olu\u015fuyor. Koldaki y\u00fcksek parlakl\u0131ktaki kaplama, bir spor otomobilin g\u00f6r\u00fcn\u00fcm\u00fcn\u00fc m\u00fcmk\u00fcn oldu\u011funca yak\u0131ndan taklit etmeyi ama\u00e7l\u0131yor.<\/p>\n<p>Valfimizle \u00e7ok gurur duyuyoruz ve umar\u0131m kalbinizi de harekete ge\u00e7irir.<\/p>\n<p><b>Valfinizin m\u00fcmk\u00fcn oldu\u011fu kadar uzun s\u00fcre dayanmas\u0131n\u0131 sa\u011flamak i\u00e7in l\u00fctfen a\u015fa\u011f\u0131daki bak\u0131m talimatlar\u0131n\u0131 izleyin:<\/b><br \/>\nNargilenizi kuru bir yerde saklay\u0131n; aksi takdirde boya ve bask\u0131lar zarar g\u00f6rebilir. Temizlik i\u00e7in \u00e7\u0131kar\u0131lmalar\u0131 gerekmedi\u011finden silikon tapalar\u0131 daima man\u015fonun i\u00e7inde tutun. Ayr\u0131ca, k\u00f6m\u00fcr tepsisindeki bask\u0131lar\u0131n yaln\u0131zca belirli bir dereceye kadar \u0131s\u0131ya dayan\u0131kl\u0131 oldu\u011funu unutmay\u0131n. Parlayan k\u00f6m\u00fcr\u00fcn do\u011frudan \u00fczerine yerle\u015ftirilmesi hasara neden olabilir.<\/p>\n<p><b>Pakete Dahil Olanlar:<\/b><\/p>\n<ul>\n<li>Cam taban<\/li>\n<li>Dif\u00fcz\u00f6r (paslanmaz \u00e7elik)<\/li>\n<li>Downstem (paslanmaz \u00e7elik)<\/li>\n<li>Taban (\u00e7ok par\u00e7al\u0131 al\u00fcminyum)<\/li>\n<li>Hortum konekt\u00f6r\u00fc (paslanmaz \u00e7elik, POM)<\/li>\n<li>K\u00f6k \u00e7ekirde\u011fi (paslanmaz \u00e7elik)<\/li>\n<li>G\u00f6vde k\u0131l\u0131f\u0131 (boyal\u0131 al\u00fcminyum)<\/li>\n<li>B\u00fcy\u00fck k\u00f6m\u00fcr tepsisi (paslanmaz \u00e7elik)<\/li>\n<li>K\u00fc\u00e7\u00fck k\u00f6m\u00fcr tepsisi (paslanmaz \u00e7elik)<\/li>\n<li>Kase adapt\u00f6r\u00fc (paslanmaz \u00e7elik)<\/li>\n<li>Cam taban contalar\u0131 (2 boyut) (silikon)<\/li>\n<li>Kase contas\u0131 (silikon)<\/li>\n<\/ul>\n<p><b>Not:<\/b>\u00a0\u00dcretim s\u00fcreci nedeniyle bazda k\u00fc\u00e7\u00fck d\u00fczensizlikler veya girintiler meydana gelebilir ve \u015fikayet gerek\u00e7esi de\u011fildir. Ayr\u0131ca, el yap\u0131m\u0131 \u00fcretim nedeniyle camda (taban) k\u00fc\u00e7\u00fck kapan\u0131mlar (\u00f6rne\u011fin hava) da m\u00fcmk\u00fcnd\u00fcr ve \u015fikayet nedeni olu\u015fturmaz.<\/p>\n","protected":false},"featured_media":11112,"template":"","meta":[],"product_brand":[],"product_cat":[130,136,204],"product_tag":[],"class_list":{"0":"post-11111","1":"product","2":"type-product","3":"status-publish","4":"has-post-thumbnail","6":"product_cat-celik-takimlar","7":"product_cat-digerleri","8":"product_cat-takim","10":"first","11":"instock","12":"purchasable","13":"product-type-simple"},"jetpack_sharing_enabled":true,"_links":{"self":[{"href":"https:\/\/bahrinnargile.com\/index.php\/wp-json\/wp\/v2\/product\/11111","targetHints":{"allow":["GET"]}}],"collection":[{"href":"https:\/\/bahrinnargile.com\/index.php\/wp-json\/wp\/v2\/product"}],"about":[{"href":"https:\/\/bahrinnargile.com\/index.php\/wp-json\/wp\/v2\/types\/product"}],"version-history":[{"count":6,"href":"https:\/\/bahrinnargile.com\/index.php\/wp-json\/wp\/v2\/product\/11111\/revisions"}],"predecessor-version":[{"id":12743,"href":"https:\/\/bahrinnargile.com\/index.php\/wp-json\/wp\/v2\/product\/11111\/revisions\/12743"}],"wp:featuredmedia":[{"embeddable":true,"href":"https:\/\/bahrinnargile.com\/index.php\/wp-json\/wp\/v2\/media\/11112"}],"wp:attachment":[{"href":"https:\/\/bahrinnargile.com\/index.php\/wp-json\/wp\/v2\/media?parent=11111"}],"wp:term":[{"taxonomy":"product_brand","embeddable":true,"href":"https:\/\/bahrinnargile.com\/index.php\/wp-json\/wp\/v2\/product_brand?post=11111"},{"taxonomy":"product_cat","embeddable":true,"href":"https:\/\/bahrinnargile.com\/index.php\/wp-json\/wp\/v2\/product_cat?post=11111"},{"taxonomy":"product_tag","embeddable":true,"href":"https:\/\/bahrinnargile.com\/index.php\/wp-json\/wp\/v2\/product_tag?post=11111"}],"curies":[{"name":"wp","href":"https:\/\/api.w.org\/{rel}","templated":true}]}}