{"id":11114,"date":"2025-12-27T09:59:56","date_gmt":"2025-12-27T09:59:56","guid":{"rendered":"https:\/\/bahrinnargile.com\/?post_type=product&#038;p=11114"},"modified":"2026-04-10T11:27:41","modified_gmt":"2026-04-10T11:27:41","slug":"nano-smoke-takim","status":"publish","type":"product","link":"https:\/\/bahrinnargile.com\/index.php\/urun\/nano-smoke-takim\/","title":{"rendered":"Nano Smoke Tak\u0131m"},"content":{"rendered":"","protected":false},"excerpt":{"rendered":"<h4>&#8211; \u00dcr\u00fcn\u00fcm\u00fcz A Kalitedir.<\/h4>\n<ul>\n<li><strong>Malzeme Kalitesi:<\/strong>\u00a0Y\u00fcksek kaliteli pleksiglas ve paslanmaz \u00e7elik bile\u015fenler ile \u00fcretilmi\u015ftir.<\/li>\n<li><strong>Kompakt Tasar\u0131m:<\/strong>\u00a0Minimalist ve hafif yap\u0131s\u0131yla kolay ta\u015f\u0131nabilir.<\/li>\n<li><strong>\u015eeffaf G\u00f6vde:<\/strong>\u00a0G\u00f6rsel olarak \u015f\u0131k ve estetik bir tasar\u0131m sunar.<\/li>\n<li><strong>H\u0131zl\u0131 Kurulum:<\/strong>\u00a0Kullan\u0131c\u0131 dostu yap\u0131s\u0131yla kolay ve h\u0131zl\u0131 bir \u015fekilde kurulur.<\/li>\n<li><strong>Kolay Temizleme:<\/strong>\u00a0Temizlenmesi ve bak\u0131m\u0131 pratik, kir tutmayan malzemeler kullan\u0131lm\u0131\u015ft\u0131r.<\/li>\n<li><strong>Y\u00fcksek Performans:<\/strong>\u00a0K\u00fc\u00e7\u00fck boyutuna ra\u011fmen, duman performans\u0131nda g\u00fc\u00e7l\u00fc bir deneyim sunar.<\/li>\n<li><strong>Ta\u015f\u0131nabilirlik:<\/strong>\u00a0Hem evde hem de d\u0131\u015f mekanda kullan\u0131ma uygun, ta\u015f\u0131nabilir tasar\u0131m.<\/li>\n<li><strong>Is\u0131 Y\u00f6netimi:<\/strong>\u00a0Duman yo\u011funlu\u011fu ve \u0131s\u0131y\u0131 optimize eden ba\u015fl\u0131k sistemi ile daha uzun s\u00fcreli keyif.<\/li>\n<li><strong>Modern G\u00f6r\u00fcn\u00fcm:<\/strong>\u00a0Hem kullan\u0131mda hem de dekor olarak \u015f\u0131k bir nargile deneyimi sa\u011flar.<\/li>\n<\/ul>\n","protected":false},"featured_media":11115,"template":"","meta":[],"product_brand":[],"product_cat":[204],"product_tag":[],"class_list":{"0":"post-11114","1":"product","2":"type-product","3":"status-publish","4":"has-post-thumbnail","6":"product_cat-takim","8":"first","9":"instock","10":"purchasable","11":"product-type-simple"},"jetpack_sharing_enabled":true,"_links":{"self":[{"href":"https:\/\/bahrinnargile.com\/index.php\/wp-json\/wp\/v2\/product\/11114","targetHints":{"allow":["GET"]}}],"collection":[{"href":"https:\/\/bahrinnargile.com\/index.php\/wp-json\/wp\/v2\/product"}],"about":[{"href":"https:\/\/bahrinnargile.com\/index.php\/wp-json\/wp\/v2\/types\/product"}],"version-history":[{"count":4,"href":"https:\/\/bahrinnargile.com\/index.php\/wp-json\/wp\/v2\/product\/11114\/revisions"}],"predecessor-version":[{"id":12655,"href":"https:\/\/bahrinnargile.com\/index.php\/wp-json\/wp\/v2\/product\/11114\/revisions\/12655"}],"wp:featuredmedia":[{"embeddable":true,"href":"https:\/\/bahrinnargile.com\/index.php\/wp-json\/wp\/v2\/media\/11115"}],"wp:attachment":[{"href":"https:\/\/bahrinnargile.com\/index.php\/wp-json\/wp\/v2\/media?parent=11114"}],"wp:term":[{"taxonomy":"product_brand","embeddable":true,"href":"https:\/\/bahrinnargile.com\/index.php\/wp-json\/wp\/v2\/product_brand?post=11114"},{"taxonomy":"product_cat","embeddable":true,"href":"https:\/\/bahrinnargile.com\/index.php\/wp-json\/wp\/v2\/product_cat?post=11114"},{"taxonomy":"product_tag","embeddable":true,"href":"https:\/\/bahrinnargile.com\/index.php\/wp-json\/wp\/v2\/product_tag?post=11114"}],"curies":[{"name":"wp","href":"https:\/\/api.w.org\/{rel}","templated":true}]}}