{"id":11212,"date":"2026-01-12T10:45:02","date_gmt":"2026-01-12T10:45:02","guid":{"rendered":"https:\/\/bahrinnargile.com\/?post_type=product&#038;p=11212"},"modified":"2026-04-09T12:54:14","modified_gmt":"2026-04-09T12:54:14","slug":"quasar-arguile","status":"publish","type":"product","link":"https:\/\/bahrinnargile.com\/index.php\/urun\/quasar-arguile\/","title":{"rendered":"Quasar Arguil\u00e9"},"content":{"rendered":"","protected":false},"excerpt":{"rendered":"<h4>&#8211; \u00dcr\u00fcn\u00fcm\u00fcz Orijinaldir.<\/h4>\n<h5 class=\"product-title\">Quasar&#8217;\u0131n DNA&#8217;s\u0131na sad\u0131k bir tasar\u0131m<\/h5>\n<p>Quasar Arguil\u00e9, klasik merkezi g\u00f6vdeden farkl\u0131 olarak \u00e7ift s\u00fctunlu mimarisiyle nargile geleneklerini bozuyor. Bu yap\u0131, heykelsi bir form ortaya koyarken dengeli bir kullan\u0131m yarat\u0131r. Quasar&#8217;\u0131n kozmik esteti\u011fine sad\u0131k kalarak par\u00e7a dikkat \u00e7ekiyor ve girdi\u011fi her alan\u0131 y\u00fckseltiyor. Her sat\u0131r ve cilt, Arguil\u00e9&#8217;yi an\u0131nda tan\u0131nabilen ve markan\u0131n evreniyle m\u00fckemmel \u015fekilde hizalanan i\u015flevsel bir nesne haline getirmek i\u00e7in haz\u0131rlanm\u0131\u015ft\u0131r.<\/p>\n<h5 class=\"product-title\">Ba\u015fka hi\u00e7bir \u015feye benzemeyen bir beraberlik<\/h5>\n<p>\u0130kiz alt k\u00f6k, Arguil\u00e9&#8217;nin teknik yenili\u011finin kalbinde yer almaktad\u0131r. Nargile d\u00fcnyas\u0131nda benzersiz olan bu sistem, daha dinamik, duyarl\u0131 bir his i\u00e7in ne a\u011f\u0131r ne de a\u015f\u0131r\u0131 havadar m\u00fckemmel dengeli bir draw\u2014 sa\u011flar. Ayn\u0131 zamanda ay\u0131rt edici bir g\u00f6rsel efekt yarat\u0131r: An\u0131 y\u00fckselten ve deneyimi her zamankinden daha s\u00fcr\u00fckleyici hale getiren su koreografisi ile kabarc\u0131klar simetrik ve ritmik olarak olu\u015fur.<\/p>\n<h5 class=\"product-title\">Kontroll\u00fc hava ak\u0131\u015f devresi<\/h5>\n<p>Duman ak\u0131\u015f\u0131, ba\u015flang\u0131\u00e7tan itibaren do\u011frudan al\u00fcminyum par\u00e7alara entegre edilmi\u015f paslanmaz \u00e7elik borular arac\u0131l\u0131\u011f\u0131yla y\u00f6nlendirilir. Bu dahili devre m\u00fckemmel tarafs\u0131zl\u0131\u011f\u0131 garanti eder ve her tad\u0131 korur. Merkezi olarak yerle\u015ftirilen konekt\u00f6r, optimum ekstraksiyon i\u00e7in tank\u0131n kalbindeki duman\u0131 yakalarken, merkezi valfler \u00e7arp\u0131c\u0131 bir dikey temizleme olu\u015fturur. Ak\u0131ll\u0131 bir kontrol vanas\u0131, istikrarl\u0131 ve kesintisiz bir \u00e7eki\u015f i\u00e7in suyun geri ak\u0131\u015f\u0131n\u0131 engeller.<\/p>\n<h5 class=\"product-title\">Y\u00fcksek hassasiyetli m\u00fchendislik<\/h5>\n<p>Her Arguil\u00e9 bile\u015feni, hafifli\u011fi, mukavemeti ve termal stabilitesi nedeniyle otomotiv ve havac\u0131l\u0131kta kullan\u0131lan birinci s\u0131n\u0131f bir ala\u015f\u0131m olan A380 al\u00fcminyumdan \u00fcretilmi\u015ftir. S\u0131k\u0131ca monte edilmi\u015f monolitik yap\u0131 m\u00fckemmel stabilite sa\u011flar. Teknik bir boya kaplamas\u0131 \u00e7izilmelere, darbelere ve \u0131s\u0131ya kar\u015f\u0131 dayan\u0131kl\u0131d\u0131r ve par\u00e7ay\u0131 g\u00f6r\u00fcn\u00fcm\u00fcnden \u00f6d\u00fcn vermeden korur. Malzemelerin dikkatli se\u00e7imi, Quasar&#8217;\u0131n g\u00fcvenilir, uzun \u00f6m\u00fcrl\u00fc bir nargileye olan ba\u011fl\u0131l\u0131\u011f\u0131n\u0131 yans\u0131t\u0131yor.<\/p>\n<h5 class=\"product-title\">Ekosistem sinerjisi<\/h5>\n<p>Quasar Arguil\u00e9, Quasar Raas 2 (kulpsuz) ile e\u015fle\u015fecek \u015fekilde tasarlanm\u0131\u015ft\u0131r. Bu uyumluluk, iki \u00fcr\u00fcn aras\u0131nda hem teknik hem de estetik a\u00e7\u0131dan m\u00fckemmel bir sinerji yaratarak her birinin elinden gelenin en iyisini yapmas\u0131na olanak tan\u0131r. Arguil\u00e9 ile birlikte verilen Jabed 2 a\u011f\u0131zl\u0131k, a\u011fza do\u011fal olarak uyan alt\u0131gen bir uca sahiptir ve seans boyunca optimum konfor sa\u011flar. Quasar, ekosisteminin vaadi olan uyumlu performans ve style\u2014&#8217;de birlikte \u00e7al\u0131\u015facak \u00fcr\u00fcnler tasarl\u0131yor.<\/p>\n<dl class=\"data-sheet\">\n<dt class=\"name\">Boyutlar &#8211; Nargile &#8211; H 44,4 cm x \u00d8 14 cm<\/dt>\n<dt class=\"name\">Boyutlar &#8211; A\u011f\u0131zl\u0131k (Jabed) &#8211; H 405 mm x \u00d8 16 mm<\/dt>\n<dt class=\"name\">A\u011f\u0131rl\u0131k &#8211; Nargile &#8211; 2,7 kg<\/dt>\n<dt class=\"name\">A\u011f\u0131rl\u0131k &#8211; A\u011f\u0131zl\u0131k (Jabed) &#8211; 135 gr<\/dt>\n<dt class=\"name\">Malzeme &#8211; G\u00f6vde &#8211; Al\u00fcminyum A380 \/ Paslanmaz \u00c7elik<\/dt>\n<dt class=\"name\">Malzeme &#8211; Vazo &#8211; Cam<\/dt>\n<dt class=\"name\">Malzeme &#8211; A\u011f\u0131zl\u0131k (Jabed) &#8211; Al\u00fcminyum A380<\/dt>\n<dt class=\"name\">Su hacmi &#8211; 1,1 L<\/dt>\n<dt class=\"name\">Kutu i\u00e7eri\u011fi &#8211; 1x nargile (Arguil\u00e9), 1x a\u011f\u0131zl\u0131k (Jabed 2), 1x hortum tutucu, 1x esnek, 1x yay, 2x a\u011f\u0131z u\u00e7lar\u0131, 1x manuel (EN\/FR\/DE)<\/dt>\n<\/dl>\n","protected":false},"featured_media":11230,"template":"","meta":[],"product_brand":[],"product_cat":[131,204],"product_tag":[],"class_list":{"0":"post-11212","1":"product","2":"type-product","3":"status-publish","4":"has-post-thumbnail","6":"product_cat-ithal-takimlar","7":"product_cat-takim","9":"first","10":"instock","11":"taxable","12":"shipping-taxable","13":"purchasable","14":"product-type-simple"},"jetpack_sharing_enabled":true,"_links":{"self":[{"href":"https:\/\/bahrinnargile.com\/index.php\/wp-json\/wp\/v2\/product\/11212","targetHints":{"allow":["GET"]}}],"collection":[{"href":"https:\/\/bahrinnargile.com\/index.php\/wp-json\/wp\/v2\/product"}],"about":[{"href":"https:\/\/bahrinnargile.com\/index.php\/wp-json\/wp\/v2\/types\/product"}],"version-history":[{"count":7,"href":"https:\/\/bahrinnargile.com\/index.php\/wp-json\/wp\/v2\/product\/11212\/revisions"}],"predecessor-version":[{"id":12577,"href":"https:\/\/bahrinnargile.com\/index.php\/wp-json\/wp\/v2\/product\/11212\/revisions\/12577"}],"wp:featuredmedia":[{"embeddable":true,"href":"https:\/\/bahrinnargile.com\/index.php\/wp-json\/wp\/v2\/media\/11230"}],"wp:attachment":[{"href":"https:\/\/bahrinnargile.com\/index.php\/wp-json\/wp\/v2\/media?parent=11212"}],"wp:term":[{"taxonomy":"product_brand","embeddable":true,"href":"https:\/\/bahrinnargile.com\/index.php\/wp-json\/wp\/v2\/product_brand?post=11212"},{"taxonomy":"product_cat","embeddable":true,"href":"https:\/\/bahrinnargile.com\/index.php\/wp-json\/wp\/v2\/product_cat?post=11212"},{"taxonomy":"product_tag","embeddable":true,"href":"https:\/\/bahrinnargile.com\/index.php\/wp-json\/wp\/v2\/product_tag?post=11212"}],"curies":[{"name":"wp","href":"https:\/\/api.w.org\/{rel}","templated":true}]}}