{"id":11612,"date":"2026-01-31T10:57:08","date_gmt":"2026-01-31T10:57:08","guid":{"rendered":"https:\/\/bahrinnargile.com\/?post_type=product&#038;p=11612"},"modified":"2026-03-06T08:11:26","modified_gmt":"2026-03-06T08:11:26","slug":"cocodalya-26mm-nargile-komuru","status":"publish","type":"product","link":"https:\/\/bahrinnargile.com\/index.php\/urun\/cocodalya-26mm-nargile-komuru\/","title":{"rendered":"Cocodalya 26mm Nargile K\u00f6m\u00fcr\u00fc"},"content":{"rendered":"","protected":false},"excerpt":{"rendered":"<p class=\"product-description-content\">Ath Adalya Cocodalya K\u00fcp Nargile K\u00f6m\u00fcr\u00fc 1KG<\/p>\n<p class=\"product-description-content\">K\u00fcpler \u00f6zel olarak hindistan cevizi kabuklar\u0131ndan yap\u0131l\u0131r ve bu nedenle tamamen do\u011fal \u00fcr\u00fcnlerdir.<\/p>\n<p class=\"product-description-content\">Kimyasal katk\u0131 maddeleri i\u00e7ermez<\/p>\n<p class=\"product-description-content\">Geleneksel nargile k\u00f6m\u00fcr\u00fcnden daha az k\u00fcl olu\u015fumuyla daha uzun s\u00fcre ve daha yo\u011fun yanar.<\/p>\n<p class=\"product-description-content\">Paket i\u00e7eri\u011fi: 1 kg \u2022 K\u00fcp boyutlar\u0131: 26 x 26 x 26 mm<\/p>\n<p class=\"product-description-content\">Kutu i\u00e7eri\u011finde 64 adet k\u00f6m\u00fcr bulunmaktad\u0131r.<\/p>\n","protected":false},"featured_media":11613,"template":"","meta":[],"product_brand":[],"product_cat":[172,108,167],"product_tag":[],"class_list":{"0":"post-11612","1":"product","2":"type-product","3":"status-publish","4":"has-post-thumbnail","6":"product_cat-cocodalya","7":"product_cat-nargile-komurleri","8":"product_cat-nargile-komurleri-nargile-komurleri","10":"first","11":"instock","12":"purchasable","13":"product-type-simple"},"jetpack_sharing_enabled":true,"_links":{"self":[{"href":"https:\/\/bahrinnargile.com\/index.php\/wp-json\/wp\/v2\/product\/11612","targetHints":{"allow":["GET"]}}],"collection":[{"href":"https:\/\/bahrinnargile.com\/index.php\/wp-json\/wp\/v2\/product"}],"about":[{"href":"https:\/\/bahrinnargile.com\/index.php\/wp-json\/wp\/v2\/types\/product"}],"version-history":[{"count":2,"href":"https:\/\/bahrinnargile.com\/index.php\/wp-json\/wp\/v2\/product\/11612\/revisions"}],"predecessor-version":[{"id":12167,"href":"https:\/\/bahrinnargile.com\/index.php\/wp-json\/wp\/v2\/product\/11612\/revisions\/12167"}],"wp:featuredmedia":[{"embeddable":true,"href":"https:\/\/bahrinnargile.com\/index.php\/wp-json\/wp\/v2\/media\/11613"}],"wp:attachment":[{"href":"https:\/\/bahrinnargile.com\/index.php\/wp-json\/wp\/v2\/media?parent=11612"}],"wp:term":[{"taxonomy":"product_brand","embeddable":true,"href":"https:\/\/bahrinnargile.com\/index.php\/wp-json\/wp\/v2\/product_brand?post=11612"},{"taxonomy":"product_cat","embeddable":true,"href":"https:\/\/bahrinnargile.com\/index.php\/wp-json\/wp\/v2\/product_cat?post=11612"},{"taxonomy":"product_tag","embeddable":true,"href":"https:\/\/bahrinnargile.com\/index.php\/wp-json\/wp\/v2\/product_tag?post=11612"}],"curies":[{"name":"wp","href":"https:\/\/api.w.org\/{rel}","templated":true}]}}