{"id":11624,"date":"2026-01-31T11:03:24","date_gmt":"2026-01-31T11:03:24","guid":{"rendered":"https:\/\/bahrinnargile.com\/?post_type=product&#038;p=11624"},"modified":"2026-03-06T08:10:59","modified_gmt":"2026-03-06T08:10:59","slug":"cocopearls-nargile-komuru","status":"publish","type":"product","link":"https:\/\/bahrinnargile.com\/index.php\/urun\/cocopearls-nargile-komuru\/","title":{"rendered":"Cocopearls Nargile K\u00f6m\u00fcr\u00fc"},"content":{"rendered":"","protected":false},"excerpt":{"rendered":"<p class=\"product-description-content\">-Coco Pearls 26er Nargile K\u00f6m\u00fcr\u00fc.<\/p>\n<p class=\"product-description-content\">-1 kg Y\u00fcksek kalitede Paketli 64 k\u00fcp k\u00f6m\u00fcr,<\/p>\n<p class=\"product-description-content\">-k\u00fcp boyutu 2.6cm x 2.6cm x 2.6cm.<\/p>\n<p class=\"product-description-content\">-Minimum 1,5 &#8211; 2 saate kadar yanma s\u00fcresi.<\/p>\n<p class=\"product-description-content\">&#8211; Kimyasal katk\u0131 yoktur .<\/p>\n<p class=\"product-description-content\">-%100 Organik \/hindistan cevizi.<\/p>\n<p class=\"product-description-content\">-Yenilenmi\u015f ambalaj .<\/p>\n<p class=\"product-description-content\">-Profesyonel mangal yapanlar aras\u0131nda \u00e7ok pop\u00fcler endonezya&#8217;da s\u0131k\u0131 kontroller alt\u0131nda \u00fcretilen naturel k\u00f6m\u00fcr.<\/p>\n<p class=\"product-description-content\">-Barbek\u00fc (BBQ): Sa\u011fl\u0131kl\u0131 mangallar i\u00e7in de uygundur.<\/p>\n<p class=\"product-description-content\">-Otomatik tutu\u015fan k\u00f6m\u00fcrden \u00e7ok daha sa\u011fl\u0131kl\u0131.<\/p>\n","protected":false},"featured_media":11625,"template":"","meta":[],"product_brand":[],"product_cat":[108,167],"product_tag":[],"class_list":{"0":"post-11624","1":"product","2":"type-product","3":"status-publish","4":"has-post-thumbnail","6":"product_cat-nargile-komurleri","7":"product_cat-nargile-komurleri-nargile-komurleri","9":"first","10":"instock","11":"purchasable","12":"product-type-simple"},"jetpack_sharing_enabled":true,"_links":{"self":[{"href":"https:\/\/bahrinnargile.com\/index.php\/wp-json\/wp\/v2\/product\/11624","targetHints":{"allow":["GET"]}}],"collection":[{"href":"https:\/\/bahrinnargile.com\/index.php\/wp-json\/wp\/v2\/product"}],"about":[{"href":"https:\/\/bahrinnargile.com\/index.php\/wp-json\/wp\/v2\/types\/product"}],"version-history":[{"count":2,"href":"https:\/\/bahrinnargile.com\/index.php\/wp-json\/wp\/v2\/product\/11624\/revisions"}],"predecessor-version":[{"id":12168,"href":"https:\/\/bahrinnargile.com\/index.php\/wp-json\/wp\/v2\/product\/11624\/revisions\/12168"}],"wp:featuredmedia":[{"embeddable":true,"href":"https:\/\/bahrinnargile.com\/index.php\/wp-json\/wp\/v2\/media\/11625"}],"wp:attachment":[{"href":"https:\/\/bahrinnargile.com\/index.php\/wp-json\/wp\/v2\/media?parent=11624"}],"wp:term":[{"taxonomy":"product_brand","embeddable":true,"href":"https:\/\/bahrinnargile.com\/index.php\/wp-json\/wp\/v2\/product_brand?post=11624"},{"taxonomy":"product_cat","embeddable":true,"href":"https:\/\/bahrinnargile.com\/index.php\/wp-json\/wp\/v2\/product_cat?post=11624"},{"taxonomy":"product_tag","embeddable":true,"href":"https:\/\/bahrinnargile.com\/index.php\/wp-json\/wp\/v2\/product_tag?post=11624"}],"curies":[{"name":"wp","href":"https:\/\/api.w.org\/{rel}","templated":true}]}}