{"id":12039,"date":"2026-02-28T09:57:36","date_gmt":"2026-02-28T09:57:36","guid":{"rendered":"https:\/\/bahrinnargile.com\/?post_type=product&#038;p=12039"},"modified":"2026-03-06T08:25:44","modified_gmt":"2026-03-06T08:25:44","slug":"zemu-heat-nargile-ocagi-izgarasi","status":"publish","type":"product","link":"https:\/\/bahrinnargile.com\/index.php\/urun\/zemu-heat-nargile-ocagi-izgarasi\/","title":{"rendered":"Zemu Heat Nargile Oca\u011f\u0131 Izgaras\u0131"},"content":{"rendered":"","protected":false},"excerpt":{"rendered":"","protected":false},"featured_media":12040,"template":"","meta":[],"product_brand":[],"product_cat":[90,194],"product_tag":[],"class_list":{"0":"post-12039","1":"product","2":"type-product","3":"status-publish","4":"has-post-thumbnail","6":"product_cat-nargile-ocaklari","7":"product_cat-nargile-ocaklari-nargile-ocaklari","9":"first","10":"instock","11":"purchasable","12":"product-type-simple"},"jetpack_sharing_enabled":true,"_links":{"self":[{"href":"https:\/\/bahrinnargile.com\/index.php\/wp-json\/wp\/v2\/product\/12039","targetHints":{"allow":["GET"]}}],"collection":[{"href":"https:\/\/bahrinnargile.com\/index.php\/wp-json\/wp\/v2\/product"}],"about":[{"href":"https:\/\/bahrinnargile.com\/index.php\/wp-json\/wp\/v2\/types\/product"}],"version-history":[{"count":1,"href":"https:\/\/bahrinnargile.com\/index.php\/wp-json\/wp\/v2\/product\/12039\/revisions"}],"predecessor-version":[{"id":12041,"href":"https:\/\/bahrinnargile.com\/index.php\/wp-json\/wp\/v2\/product\/12039\/revisions\/12041"}],"wp:featuredmedia":[{"embeddable":true,"href":"https:\/\/bahrinnargile.com\/index.php\/wp-json\/wp\/v2\/media\/12040"}],"wp:attachment":[{"href":"https:\/\/bahrinnargile.com\/index.php\/wp-json\/wp\/v2\/media?parent=12039"}],"wp:term":[{"taxonomy":"product_brand","embeddable":true,"href":"https:\/\/bahrinnargile.com\/index.php\/wp-json\/wp\/v2\/product_brand?post=12039"},{"taxonomy":"product_cat","embeddable":true,"href":"https:\/\/bahrinnargile.com\/index.php\/wp-json\/wp\/v2\/product_cat?post=12039"},{"taxonomy":"product_tag","embeddable":true,"href":"https:\/\/bahrinnargile.com\/index.php\/wp-json\/wp\/v2\/product_tag?post=12039"}],"curies":[{"name":"wp","href":"https:\/\/api.w.org\/{rel}","templated":true}]}}